{"id":331,"date":"2021-11-26T09:41:15","date_gmt":"2021-11-26T09:41:15","guid":{"rendered":"https:\/\/oxcollagen.lt?page_id=331"},"modified":"2024-04-27T17:12:35","modified_gmt":"2024-04-27T17:12:35","slug":"duk","status":"publish","type":"page","link":"https:\/\/oxcollagen.lt\/de\/duk\/","title":{"rendered":"FAQ"},"content":{"rendered":"<div class=\"schema-faq wp-block-yoast-faq-block\"><div class=\"schema-faq-section\" id=\"faq-question-1714235158369\"><strong class=\"schema-faq-question\">Was ist Kollagen und warum ist es wichtig?<\/strong> <p class=\"schema-faq-answer\">Kollagen ist ein Protein, das Haut, Haaren, N\u00e4geln, Knochen und Gelenken Struktur verleiht. Es ist wichtig f\u00fcr die Erhaltung einer gesunden und jugendlichen Haut und die allgemeine Gesundheit der Gelenke.<\/p> <\/div> <div class=\"schema-faq-section\" id=\"faq-question-1714235187066\"><strong class=\"schema-faq-question\">Wie kann ich von Kollagenriegeln profitieren?<\/strong> <p class=\"schema-faq-answer\">Kollagenriegel sind eine bequeme M\u00f6glichkeit, Kollagen in die Ern\u00e4hrung einzubauen, und sie sind ein schmackhafter und s\u00e4ttigender Snack.<\/p> <\/div> <div class=\"schema-faq-section\" id=\"faq-question-1714235182507\"><strong class=\"schema-faq-question\">Sind Kollagenriegel f\u00fcr Vegetarier oder Veganer geeignet?<\/strong> <p class=\"schema-faq-answer\">Kollagenriegel sind im Allgemeinen nicht f\u00fcr Vegetarier oder Veganer geeignet, da Kollagen aus tierischen Quellen wie Rindfleisch stammt.<\/p> <\/div> <div class=\"schema-faq-section\" id=\"faq-question-1714236449921\"><strong class=\"schema-faq-question\">K\u00f6nnen Kollagenriegel Kollagenpr\u00e4parate ersetzen?<\/strong> <p class=\"schema-faq-answer\">Kollagenriegel sind eine bequeme Alternative zu Kollagenpr\u00e4paraten und bieten einen leckeren Snack mit den Vorteilen von Kollagen. Die Wirksamkeit von Kollagenriegeln und -erg\u00e4nzungen kann jedoch je nach individuellen Vorlieben und Ern\u00e4hrungsbed\u00fcrfnissen variieren.<\/p> <\/div> <div class=\"schema-faq-section\" id=\"faq-question-1714236462771\"><strong class=\"schema-faq-question\">Kann Kollagen der alternden Haut helfen?<\/strong> <p class=\"schema-faq-answer\">Kollagen kann dazu beitragen, die Elastizit\u00e4t und den Feuchtigkeitsgehalt der Haut zu erhalten, die Schl\u00fcsselfaktoren im Kampf gegen die Zeichen der Hautalterung sind. Die Aufnahme von Kollagen in Ihre Ern\u00e4hrung zusammen mit Ihrer Hautpflegeroutine kann dazu beitragen, die Jugendlichkeit der Haut auf Dauer zu erhalten.<\/p> <\/div> <div class=\"schema-faq-section\" id=\"faq-question-1714236522398\"><strong class=\"schema-faq-question\">Wann ist der beste Zeitpunkt f\u00fcr die Einnahme von Kollagenpr\u00e4paraten f\u00fcr den Sport?<\/strong> <p class=\"schema-faq-answer\">Kollagen kann vor oder nach dem Sport eingenommen werden. Die Einnahme vor dem Training kann die Gelenke unterst\u00fctzen und die Einnahme nach dem Training kann die Muskelreparatur und -erholung f\u00f6rdern.<\/p> <\/div> <div class=\"schema-faq-section\" id=\"faq-question-1714236531370\"><strong class=\"schema-faq-question\">Sind Kollagenpr\u00e4parate f\u00fcr Sportler mit Di\u00e4tbeschr\u00e4nkungen geeignet?<\/strong> <p class=\"schema-faq-answer\">Ja, Kollagenpr\u00e4parate sind gluten-, milch- und sojafrei und damit f\u00fcr Sportler mit unterschiedlichen Ern\u00e4hrungsbed\u00fcrfnissen geeignet.<\/p> <\/div> <div class=\"schema-faq-section\" id=\"faq-question-1714236547156\"><strong class=\"schema-faq-question\">Welche Arten von Kollagen sind f\u00fcr Sportler am besten geeignet?<\/strong> <p class=\"schema-faq-answer\">Die Kollagentypen I und III sind f\u00fcr Sportler besonders n\u00fctzlich, da sie in Sehnen, B\u00e4ndern und Haut reichlich vorhanden sind und die Gesundheit und Beweglichkeit der Gelenke unterst\u00fctzen.<\/p> <\/div> <\/div>","protected":false},"excerpt":{"rendered":"","protected":false},"author":3,"featured_media":0,"parent":0,"menu_order":0,"comment_status":"closed","ping_status":"closed","template":"","meta":{"footnotes":""},"class_list":["post-331","page","type-page","status-publish","hentry","post-no-thumbnail"],"yoast_head":"<!-- This site is optimized with the Yoast SEO plugin v27.3 - https:\/\/yoast.com\/product\/yoast-seo-wordpress\/ -->\n<title>DUK - Ox collagen<\/title>\n<meta name=\"robots\" content=\"index, follow, max-snippet:-1, max-image-preview:large, max-video-preview:-1\" \/>\n<link rel=\"canonical\" href=\"https:\/\/oxcollagen.lt\/de\/duk\/\" \/>\n<meta property=\"og:locale\" content=\"de_DE\" \/>\n<meta property=\"og:type\" content=\"article\" \/>\n<meta property=\"og:title\" content=\"DUK - Ox collagen\" \/>\n<meta property=\"og:url\" content=\"https:\/\/oxcollagen.lt\/de\/duk\/\" \/>\n<meta property=\"og:site_name\" content=\"Ox collagen\" \/>\n<meta property=\"article:publisher\" content=\"https:\/\/www.facebook.com\/oxcollagen\/\" \/>\n<meta property=\"article:modified_time\" content=\"2024-04-27T17:12:35+00:00\" \/>\n<meta property=\"og:image\" content=\"https:\/\/oxcollagen.lt\/wp-content\/uploads\/2024\/04\/logo_oxcollagen.lt_.png\" \/>\n\t<meta property=\"og:image:width\" content=\"1200\" \/>\n\t<meta property=\"og:image:height\" content=\"675\" \/>\n\t<meta property=\"og:image:type\" content=\"image\/png\" \/>\n<meta name=\"twitter:card\" content=\"summary_large_image\" \/>\n<meta name=\"twitter:label1\" content=\"Gesch\u00e4tzte Lesezeit\" \/>\n\t<meta name=\"twitter:data1\" content=\"2\u00a0Minuten\" \/>\n<script type=\"application\/ld+json\" class=\"yoast-schema-graph\">{\"@context\":\"https:\\\/\\\/schema.org\",\"@graph\":[{\"@type\":[\"WebPage\",\"FAQPage\"],\"@id\":\"https:\\\/\\\/oxcollagen.lt\\\/nl\\\/duk\\\/\",\"url\":\"https:\\\/\\\/oxcollagen.lt\\\/nl\\\/duk\\\/\",\"name\":\"DUK - Ox collagen\",\"isPartOf\":{\"@id\":\"https:\\\/\\\/oxcollagen.lt\\\/#website\"},\"datePublished\":\"2021-11-26T09:41:15+00:00\",\"dateModified\":\"2024-04-27T17:12:35+00:00\",\"breadcrumb\":{\"@id\":\"https:\\\/\\\/oxcollagen.lt\\\/nl\\\/duk\\\/#breadcrumb\"},\"mainEntity\":[{\"@id\":\"https:\\\/\\\/oxcollagen.lt\\\/nl\\\/duk\\\/#faq-question-1714235158369\"},{\"@id\":\"https:\\\/\\\/oxcollagen.lt\\\/nl\\\/duk\\\/#faq-question-1714235187066\"},{\"@id\":\"https:\\\/\\\/oxcollagen.lt\\\/nl\\\/duk\\\/#faq-question-1714235182507\"},{\"@id\":\"https:\\\/\\\/oxcollagen.lt\\\/nl\\\/duk\\\/#faq-question-1714236449921\"},{\"@id\":\"https:\\\/\\\/oxcollagen.lt\\\/nl\\\/duk\\\/#faq-question-1714236462771\"},{\"@id\":\"https:\\\/\\\/oxcollagen.lt\\\/nl\\\/duk\\\/#faq-question-1714236522398\"},{\"@id\":\"https:\\\/\\\/oxcollagen.lt\\\/nl\\\/duk\\\/#faq-question-1714236531370\"},{\"@id\":\"https:\\\/\\\/oxcollagen.lt\\\/nl\\\/duk\\\/#faq-question-1714236547156\"}],\"inLanguage\":\"de\",\"potentialAction\":[{\"@type\":\"ReadAction\",\"target\":[\"https:\\\/\\\/oxcollagen.lt\\\/nl\\\/duk\\\/\"]}]},{\"@type\":\"BreadcrumbList\",\"@id\":\"https:\\\/\\\/oxcollagen.lt\\\/nl\\\/duk\\\/#breadcrumb\",\"itemListElement\":[{\"@type\":\"ListItem\",\"position\":1,\"name\":\"Home\",\"item\":\"https:\\\/\\\/oxcollagen.lt\\\/\"},{\"@type\":\"ListItem\",\"position\":2,\"name\":\"DUK\"}]},{\"@type\":\"WebSite\",\"@id\":\"https:\\\/\\\/oxcollagen.lt\\\/#website\",\"url\":\"https:\\\/\\\/oxcollagen.lt\\\/\",\"name\":\"Ox collagen\",\"description\":\"Nat\u016bral\u016bs baton\u0117liai su kolageno baltymais\",\"publisher\":{\"@id\":\"https:\\\/\\\/oxcollagen.lt\\\/#organization\"},\"potentialAction\":[{\"@type\":\"SearchAction\",\"target\":{\"@type\":\"EntryPoint\",\"urlTemplate\":\"https:\\\/\\\/oxcollagen.lt\\\/?s={search_term_string}\"},\"query-input\":{\"@type\":\"PropertyValueSpecification\",\"valueRequired\":true,\"valueName\":\"search_term_string\"}}],\"inLanguage\":\"de\"},{\"@type\":\"Organization\",\"@id\":\"https:\\\/\\\/oxcollagen.lt\\\/#organization\",\"name\":\"Ox collagen\",\"url\":\"https:\\\/\\\/oxcollagen.lt\\\/\",\"logo\":{\"@type\":\"ImageObject\",\"inLanguage\":\"de\",\"@id\":\"https:\\\/\\\/oxcollagen.lt\\\/#\\\/schema\\\/logo\\\/image\\\/\",\"url\":\"https:\\\/\\\/oxcollagen.lt\\\/wp-content\\\/uploads\\\/2024\\\/04\\\/oxcollagen.lt_.png\",\"contentUrl\":\"https:\\\/\\\/oxcollagen.lt\\\/wp-content\\\/uploads\\\/2024\\\/04\\\/oxcollagen.lt_.png\",\"width\":696,\"height\":696,\"caption\":\"Ox collagen\"},\"image\":{\"@id\":\"https:\\\/\\\/oxcollagen.lt\\\/#\\\/schema\\\/logo\\\/image\\\/\"},\"sameAs\":[\"https:\\\/\\\/www.facebook.com\\\/oxcollagen\\\/\"]},{\"@type\":\"Question\",\"@id\":\"https:\\\/\\\/oxcollagen.lt\\\/nl\\\/duk\\\/#faq-question-1714235158369\",\"position\":1,\"url\":\"https:\\\/\\\/oxcollagen.lt\\\/nl\\\/duk\\\/#faq-question-1714235158369\",\"name\":\"Kas yra kolagenas ir kod\u0117l jis svarbus?\",\"answerCount\":1,\"acceptedAnswer\":{\"@type\":\"Answer\",\"text\":\"Kolagenas yra baltymas, suteikiantis strukt\u016br\u0105 j\u016bs\u0173 odai, plaukams, nagams, kaulams ir s\u0105nariams. Tai b\u016btina norint i\u0161laikyti sveik\u0105 ir jaunatvi\u0161k\u0105 od\u0105 bei palaikyti bendr\u0105 s\u0105nari\u0173 sveikat\u0105.\",\"inLanguage\":\"de\"},\"inLanguage\":\"de\"},{\"@type\":\"Question\",\"@id\":\"https:\\\/\\\/oxcollagen.lt\\\/nl\\\/duk\\\/#faq-question-1714235187066\",\"position\":2,\"url\":\"https:\\\/\\\/oxcollagen.lt\\\/nl\\\/duk\\\/#faq-question-1714235187066\",\"name\":\"Kaip man naudingi kolageno baton\u0117liai?\",\"answerCount\":1,\"acceptedAnswer\":{\"@type\":\"Answer\",\"text\":\"Kolageno baton\u0117liai yra patogus b\u016bdas \u012ftraukti kolagen\u0105 \u012f savo mityb\u0105, tai yra skanus ir sotus u\u017ekandis.\",\"inLanguage\":\"de\"},\"inLanguage\":\"de\"},{\"@type\":\"Question\",\"@id\":\"https:\\\/\\\/oxcollagen.lt\\\/nl\\\/duk\\\/#faq-question-1714235182507\",\"position\":3,\"url\":\"https:\\\/\\\/oxcollagen.lt\\\/nl\\\/duk\\\/#faq-question-1714235182507\",\"name\":\"Ar kolageno baton\u0117liai tinka vegetarams ar veganams?\",\"answerCount\":1,\"acceptedAnswer\":{\"@type\":\"Answer\",\"text\":\"Paprastai kolageno baton\u0117liai netinka vegetarams ar veganams, nes kolagenas gaunamas i\u0161 gyvulini\u0173 \u0161altini\u0173, toki\u0173 kaip jautiena.\",\"inLanguage\":\"de\"},\"inLanguage\":\"de\"},{\"@type\":\"Question\",\"@id\":\"https:\\\/\\\/oxcollagen.lt\\\/nl\\\/duk\\\/#faq-question-1714236449921\",\"position\":4,\"url\":\"https:\\\/\\\/oxcollagen.lt\\\/nl\\\/duk\\\/#faq-question-1714236449921\",\"name\":\"Ar kolageno baton\u0117liai gali pakeisti kolageno papildus?\",\"answerCount\":1,\"acceptedAnswer\":{\"@type\":\"Answer\",\"text\":\"Kolageno baton\u0117liai yra patogi alternatyva kolageno papildams, suteikiant skan\u0173 u\u017ekand\u012f ir suteikiant kolageno naud\u0105. Ta\u010diau kolageno baton\u0117li\u0173 ir papild\u0173 veiksmingumas gali skirtis priklausomai nuo individuali\u0173 pageidavim\u0173 ir mitybos poreiki\u0173.\",\"inLanguage\":\"de\"},\"inLanguage\":\"de\"},{\"@type\":\"Question\",\"@id\":\"https:\\\/\\\/oxcollagen.lt\\\/nl\\\/duk\\\/#faq-question-1714236462771\",\"position\":5,\"url\":\"https:\\\/\\\/oxcollagen.lt\\\/nl\\\/duk\\\/#faq-question-1714236462771\",\"name\":\"Ar kolagenas gali pad\u0117ti senstan\u010diai odai?\",\"answerCount\":1,\"acceptedAnswer\":{\"@type\":\"Answer\",\"text\":\"Kolageno gali pad\u0117ti i\u0161laikyti odos elastingum\u0105 ir hidratacij\u0105, o tai yra esminiai veiksniai kovojant su sen\u0117jimo po\u017eymiais. Kolageno \u012ftraukimas \u012f savo mityb\u0105 kartu su odos prie\u017ei\u016bros rutina laikui b\u0117gant gali pad\u0117ti i\u0161laikyti jaunatvi\u0161k\u0105 od\u0105.\",\"inLanguage\":\"de\"},\"inLanguage\":\"de\"},{\"@type\":\"Question\",\"@id\":\"https:\\\/\\\/oxcollagen.lt\\\/nl\\\/duk\\\/#faq-question-1714236522398\",\"position\":6,\"url\":\"https:\\\/\\\/oxcollagen.lt\\\/nl\\\/duk\\\/#faq-question-1714236522398\",\"name\":\"Kada yra geriausias laikas vartoti kolageno papildus sportuojant?\",\"answerCount\":1,\"acceptedAnswer\":{\"@type\":\"Answer\",\"text\":\"Kolageno galima vartoti prie\u0161 arba po treniruot\u0117s. Vartojimas prie\u0161 mank\u0161t\u0105 gali pad\u0117ti s\u0105nariams, o po treniruot\u0117s \u2013 raumen\u0173 atstatymui ir atsigavimui.\",\"inLanguage\":\"de\"},\"inLanguage\":\"de\"},{\"@type\":\"Question\",\"@id\":\"https:\\\/\\\/oxcollagen.lt\\\/nl\\\/duk\\\/#faq-question-1714236531370\",\"position\":7,\"url\":\"https:\\\/\\\/oxcollagen.lt\\\/nl\\\/duk\\\/#faq-question-1714236531370\",\"name\":\"Ar kolageno papildai tinka sportininkams, turintiems mitybos apribojim\u0173?\",\"answerCount\":1,\"acceptedAnswer\":{\"@type\":\"Answer\",\"text\":\"Taip, kolageno papildai yra be glitimo, be pieno ir be soj\u0173, tod\u0117l jie tinka \u012fvairi\u0173 mitybos poreiki\u0173 turintiems sportininkams.\",\"inLanguage\":\"de\"},\"inLanguage\":\"de\"},{\"@type\":\"Question\",\"@id\":\"https:\\\/\\\/oxcollagen.lt\\\/nl\\\/duk\\\/#faq-question-1714236547156\",\"position\":8,\"url\":\"https:\\\/\\\/oxcollagen.lt\\\/nl\\\/duk\\\/#faq-question-1714236547156\",\"name\":\"Kokie kolageno tipai yra naudingiausi sportininkams?\",\"answerCount\":1,\"acceptedAnswer\":{\"@type\":\"Answer\",\"text\":\"I ir III tipo kolagenas ypa\u010d naudingas sportininkams, nes jo gausu sausgysl\u0117se, rai\u0161\u010diuose ir odoje, palaiko bendr\u0105 s\u0105nari\u0173 sveikat\u0105 ir elastingum\u0105.\",\"inLanguage\":\"de\"},\"inLanguage\":\"de\"}]}<\/script>\n<!-- \/ Yoast SEO plugin. -->","yoast_head_json":{"title":"DUK - Ochsenkollagen","robots":{"index":"index","follow":"follow","max-snippet":"max-snippet:-1","max-image-preview":"max-image-preview:large","max-video-preview":"max-video-preview:-1"},"canonical":"https:\/\/oxcollagen.lt\/de\/duk\/","og_locale":"de_DE","og_type":"article","og_title":"DUK - Ox collagen","og_url":"https:\/\/oxcollagen.lt\/de\/duk\/","og_site_name":"Ox collagen","article_publisher":"https:\/\/www.facebook.com\/oxcollagen\/","article_modified_time":"2024-04-27T17:12:35+00:00","og_image":[{"width":1200,"height":675,"url":"https:\/\/oxcollagen.lt\/wp-content\/uploads\/2024\/04\/logo_oxcollagen.lt_.png","type":"image\/png"}],"twitter_card":"summary_large_image","twitter_misc":{"Gesch\u00e4tzte Lesezeit":"2\u00a0Minuten"},"schema":{"@context":"https:\/\/schema.org","@graph":[{"@type":["WebPage","FAQPage"],"@id":"https:\/\/oxcollagen.lt\/nl\/duk\/","url":"https:\/\/oxcollagen.lt\/nl\/duk\/","name":"DUK - Ochsenkollagen","isPartOf":{"@id":"https:\/\/oxcollagen.lt\/#website"},"datePublished":"2021-11-26T09:41:15+00:00","dateModified":"2024-04-27T17:12:35+00:00","breadcrumb":{"@id":"https:\/\/oxcollagen.lt\/nl\/duk\/#breadcrumb"},"mainEntity":[{"@id":"https:\/\/oxcollagen.lt\/nl\/duk\/#faq-question-1714235158369"},{"@id":"https:\/\/oxcollagen.lt\/nl\/duk\/#faq-question-1714235187066"},{"@id":"https:\/\/oxcollagen.lt\/nl\/duk\/#faq-question-1714235182507"},{"@id":"https:\/\/oxcollagen.lt\/nl\/duk\/#faq-question-1714236449921"},{"@id":"https:\/\/oxcollagen.lt\/nl\/duk\/#faq-question-1714236462771"},{"@id":"https:\/\/oxcollagen.lt\/nl\/duk\/#faq-question-1714236522398"},{"@id":"https:\/\/oxcollagen.lt\/nl\/duk\/#faq-question-1714236531370"},{"@id":"https:\/\/oxcollagen.lt\/nl\/duk\/#faq-question-1714236547156"}],"inLanguage":"de","potentialAction":[{"@type":"ReadAction","target":["https:\/\/oxcollagen.lt\/nl\/duk\/"]}]},{"@type":"BreadcrumbList","@id":"https:\/\/oxcollagen.lt\/nl\/duk\/#breadcrumb","itemListElement":[{"@type":"ListItem","position":1,"name":"Home","item":"https:\/\/oxcollagen.lt\/"},{"@type":"ListItem","position":2,"name":"DUK"}]},{"@type":"WebSite","@id":"https:\/\/oxcollagen.lt\/#website","url":"https:\/\/oxcollagen.lt\/","name":"Ochsenkollagen","description":"Nat\u00fcrliche Riegel mit kollagenen Proteinen","publisher":{"@id":"https:\/\/oxcollagen.lt\/#organization"},"potentialAction":[{"@type":"SearchAction","target":{"@type":"EntryPoint","urlTemplate":"https:\/\/oxcollagen.lt\/?s={search_term_string}"},"query-input":{"@type":"PropertyValueSpecification","valueRequired":true,"valueName":"search_term_string"}}],"inLanguage":"de"},{"@type":"Organization","@id":"https:\/\/oxcollagen.lt\/#organization","name":"Ochsenkollagen","url":"https:\/\/oxcollagen.lt\/","logo":{"@type":"ImageObject","inLanguage":"de","@id":"https:\/\/oxcollagen.lt\/#\/schema\/logo\/image\/","url":"https:\/\/oxcollagen.lt\/wp-content\/uploads\/2024\/04\/oxcollagen.lt_.png","contentUrl":"https:\/\/oxcollagen.lt\/wp-content\/uploads\/2024\/04\/oxcollagen.lt_.png","width":696,"height":696,"caption":"Ox collagen"},"image":{"@id":"https:\/\/oxcollagen.lt\/#\/schema\/logo\/image\/"},"sameAs":["https:\/\/www.facebook.com\/oxcollagen\/"]},{"@type":"Question","@id":"https:\/\/oxcollagen.lt\/nl\/duk\/#faq-question-1714235158369","position":1,"url":"https:\/\/oxcollagen.lt\/nl\/duk\/#faq-question-1714235158369","name":"Was ist Kollagen und warum ist es wichtig?","answerCount":1,"acceptedAnswer":{"@type":"Answer","text":"Kolagenas yra baltymas, suteikiantis strukt\u016br\u0105 j\u016bs\u0173 odai, plaukams, nagams, kaulams ir s\u0105nariams. Tai b\u016btina norint i\u0161laikyti sveik\u0105 ir jaunatvi\u0161k\u0105 od\u0105 bei palaikyti bendr\u0105 s\u0105nari\u0173 sveikat\u0105.","inLanguage":"de"},"inLanguage":"de"},{"@type":"Question","@id":"https:\/\/oxcollagen.lt\/nl\/duk\/#faq-question-1714235187066","position":2,"url":"https:\/\/oxcollagen.lt\/nl\/duk\/#faq-question-1714235187066","name":"Wie kann ich von Kollagenriegeln profitieren?","answerCount":1,"acceptedAnswer":{"@type":"Answer","text":"Kolageno baton\u0117liai yra patogus b\u016bdas \u012ftraukti kolagen\u0105 \u012f savo mityb\u0105, tai yra skanus ir sotus u\u017ekandis.","inLanguage":"de"},"inLanguage":"de"},{"@type":"Question","@id":"https:\/\/oxcollagen.lt\/nl\/duk\/#faq-question-1714235182507","position":3,"url":"https:\/\/oxcollagen.lt\/nl\/duk\/#faq-question-1714235182507","name":"Sind Kollagenriegel f\u00fcr Vegetarier oder Veganer geeignet?","answerCount":1,"acceptedAnswer":{"@type":"Answer","text":"Paprastai kolageno baton\u0117liai netinka vegetarams ar veganams, nes kolagenas gaunamas i\u0161 gyvulini\u0173 \u0161altini\u0173, toki\u0173 kaip jautiena.","inLanguage":"de"},"inLanguage":"de"},{"@type":"Question","@id":"https:\/\/oxcollagen.lt\/nl\/duk\/#faq-question-1714236449921","position":4,"url":"https:\/\/oxcollagen.lt\/nl\/duk\/#faq-question-1714236449921","name":"K\u00f6nnen Kollagenriegel Kollagenpr\u00e4parate ersetzen?","answerCount":1,"acceptedAnswer":{"@type":"Answer","text":"Kolageno baton\u0117liai yra patogi alternatyva kolageno papildams, suteikiant skan\u0173 u\u017ekand\u012f ir suteikiant kolageno naud\u0105. Ta\u010diau kolageno baton\u0117li\u0173 ir papild\u0173 veiksmingumas gali skirtis priklausomai nuo individuali\u0173 pageidavim\u0173 ir mitybos poreiki\u0173.","inLanguage":"de"},"inLanguage":"de"},{"@type":"Question","@id":"https:\/\/oxcollagen.lt\/nl\/duk\/#faq-question-1714236462771","position":5,"url":"https:\/\/oxcollagen.lt\/nl\/duk\/#faq-question-1714236462771","name":"Kann Kollagen der alternden Haut helfen?","answerCount":1,"acceptedAnswer":{"@type":"Answer","text":"Kolageno gali pad\u0117ti i\u0161laikyti odos elastingum\u0105 ir hidratacij\u0105, o tai yra esminiai veiksniai kovojant su sen\u0117jimo po\u017eymiais. Kolageno \u012ftraukimas \u012f savo mityb\u0105 kartu su odos prie\u017ei\u016bros rutina laikui b\u0117gant gali pad\u0117ti i\u0161laikyti jaunatvi\u0161k\u0105 od\u0105.","inLanguage":"de"},"inLanguage":"de"},{"@type":"Question","@id":"https:\/\/oxcollagen.lt\/nl\/duk\/#faq-question-1714236522398","position":6,"url":"https:\/\/oxcollagen.lt\/nl\/duk\/#faq-question-1714236522398","name":"Wann ist der beste Zeitpunkt f\u00fcr die Einnahme von Kollagenpr\u00e4paraten f\u00fcr den Sport?","answerCount":1,"acceptedAnswer":{"@type":"Answer","text":"Kolageno galima vartoti prie\u0161 arba po treniruot\u0117s. Vartojimas prie\u0161 mank\u0161t\u0105 gali pad\u0117ti s\u0105nariams, o po treniruot\u0117s \u2013 raumen\u0173 atstatymui ir atsigavimui.","inLanguage":"de"},"inLanguage":"de"},{"@type":"Question","@id":"https:\/\/oxcollagen.lt\/nl\/duk\/#faq-question-1714236531370","position":7,"url":"https:\/\/oxcollagen.lt\/nl\/duk\/#faq-question-1714236531370","name":"Sind Kollagenpr\u00e4parate f\u00fcr Sportler mit Di\u00e4tbeschr\u00e4nkungen geeignet?","answerCount":1,"acceptedAnswer":{"@type":"Answer","text":"Taip, kolageno papildai yra be glitimo, be pieno ir be soj\u0173, tod\u0117l jie tinka \u012fvairi\u0173 mitybos poreiki\u0173 turintiems sportininkams.","inLanguage":"de"},"inLanguage":"de"},{"@type":"Question","@id":"https:\/\/oxcollagen.lt\/nl\/duk\/#faq-question-1714236547156","position":8,"url":"https:\/\/oxcollagen.lt\/nl\/duk\/#faq-question-1714236547156","name":"Welche Arten von Kollagen sind f\u00fcr Sportler am besten geeignet?","answerCount":1,"acceptedAnswer":{"@type":"Answer","text":"I ir III tipo kolagenas ypa\u010d naudingas sportininkams, nes jo gausu sausgysl\u0117se, rai\u0161\u010diuose ir odoje, palaiko bendr\u0105 s\u0105nari\u0173 sveikat\u0105 ir elastingum\u0105.","inLanguage":"de"},"inLanguage":"de"}]}},"_links":{"self":[{"href":"https:\/\/oxcollagen.lt\/de\/wp-json\/wp\/v2\/pages\/331","targetHints":{"allow":["GET"]}}],"collection":[{"href":"https:\/\/oxcollagen.lt\/de\/wp-json\/wp\/v2\/pages"}],"about":[{"href":"https:\/\/oxcollagen.lt\/de\/wp-json\/wp\/v2\/types\/page"}],"author":[{"embeddable":true,"href":"https:\/\/oxcollagen.lt\/de\/wp-json\/wp\/v2\/users\/3"}],"replies":[{"embeddable":true,"href":"https:\/\/oxcollagen.lt\/de\/wp-json\/wp\/v2\/comments?post=331"}],"version-history":[{"count":0,"href":"https:\/\/oxcollagen.lt\/de\/wp-json\/wp\/v2\/pages\/331\/revisions"}],"wp:attachment":[{"href":"https:\/\/oxcollagen.lt\/de\/wp-json\/wp\/v2\/media?parent=331"}],"curies":[{"name":"wp","href":"https:\/\/api.w.org\/{rel}","templated":true}]}}