{"id":338,"date":"2021-11-26T09:41:38","date_gmt":"2021-11-26T09:41:38","guid":{"rendered":"https:\/\/oxcollagen.lt?page_id=338"},"modified":"2024-07-11T17:51:32","modified_gmt":"2024-07-11T14:51:32","slug":"kontakt","status":"publish","type":"page","link":"https:\/\/oxcollagen.lt\/de\/kontakt\/","title":{"rendered":"Kontakt"},"content":{"rendered":"\t\t<div data-elementor-type=\"wp-page\" data-elementor-id=\"338\" class=\"elementor elementor-338\">\n\t\t\t\t\t\t<section class=\"elementor-section elementor-top-section elementor-element elementor-element-605f5d4 elementor-section-boxed elementor-section-gap-beside-yes elementor-section-height-default elementor-section-height-default elementor-section-column-vertical-align-stretch\" data-id=\"605f5d4\" data-element_type=\"section\" data-e-type=\"section\">\n\t\t\t\t\t\t<div class=\"elementor-container elementor-column-gap-extended\">\n\t\t\t\t\t<div class=\"elementor-column elementor-col-100 elementor-top-column elementor-element elementor-element-2e433f0\" data-id=\"2e433f0\" data-element_type=\"column\" data-e-type=\"column\">\n\t\t\t<div class=\"elementor-widget-wrap elementor-element-populated\">\n\t\t\t\t\t\t<div class=\"elementor-element elementor-element-5688cf7 elementor-widget elementor-widget-html\" data-id=\"5688cf7\" data-element_type=\"widget\" data-e-type=\"widget\" data-widget_type=\"html.default\">\n\t\t\t\t<div class=\"elementor-widget-container\">\n\t\t\t\t\t<iframe style=\"filter: invert(90%)\" src=\"https:\/\/www.google.com\/maps\/embed?pb=!1m18!1m12!1m3!1d1622.6981588582153!2d23.845236397867883!3d54.888146786354305!2m3!1f0!2f0!3f0!3m2!1i1024!2i768!4f13.1!3m3!1m2!1s0x46e7218c2a4a7a67%3A0x4b47b46d9fa12c99!2zxaBpbHRuYW1pxbMgZy4gMTQsIDUzMzY1IE5vcmVpa2nFoWvEl3M!5e0!3m2!1sen!2slt!4v1675176666037!5m2!1sen!2slt\" width=\"600\" height=\"450\" style=\"border:0;\" allowfullscreen=\"\" loading=\"lazy\" referrerpolicy=\"no-referrer-when-downgrade\"><\/iframe>\t\t\t\t<\/div>\n\t\t\t\t<\/div>\n\t\t\t\t\t<\/div>\n\t\t<\/div>\n\t\t\t\t\t<\/div>\n\t\t<\/section>\n\t\t\t\t<section class=\"elementor-section elementor-top-section elementor-element elementor-element-ce056b7 elementor-section-boxed elementor-section-gap-beside-yes elementor-section-height-default elementor-section-height-default elementor-section-column-vertical-align-stretch\" data-id=\"ce056b7\" data-element_type=\"section\" data-e-type=\"section\">\n\t\t\t\t\t\t<div class=\"elementor-container elementor-column-gap-extended\">\n\t\t\t\t\t<div class=\"elementor-column elementor-col-66 elementor-top-column elementor-element elementor-element-038de5c\" data-id=\"038de5c\" data-element_type=\"column\" data-e-type=\"column\">\n\t\t\t<div class=\"elementor-widget-wrap elementor-element-populated\">\n\t\t\t\t\t\t<div class=\"elementor-element elementor-element-93351a6 elementor-widget elementor-widget-tm-heading\" data-id=\"93351a6\" data-element_type=\"widget\" data-e-type=\"widget\" data-widget_type=\"tm-heading.default\">\n\t\t\t\t<div class=\"elementor-widget-container\">\n\t\t\t\t\t\t\t<div class=\"tm-modern-heading tm-modern-heading--style-03 tm-modern-heading--highlight-style-01\">\n\t\t\t\n\t\t\t\t\t<div class=\"heading-primary-wrap\">\n\t\t\t<h2 class=\"heading-primary elementor-heading-title\">Susisiekite su mumis<\/h2>\t\t<\/div>\n\t\t\n\t\t\t\n\t\t\t\t\t<div class=\"heading-description-wrap\">\n\t\t\t<div class=\"heading-description\">\n\t\t\t\t<p>U\u017epildykite toliau pateikt\u0105 form\u0105 ir mes kuo grei\u010diau su jumis susisieksime.<\/p>\t\t\t<\/div>\n\t\t<\/div>\n\t\t\t\t<\/div>\n\t\t\t\t\t\t<\/div>\n\t\t\t\t<\/div>\n\t\t\t\t<div class=\"elementor-element elementor-element-b7f1a70 minimog-wpforms-newsletter--yes minimog-wpforms-style-00 minimog-wpforms-dark elementor-widget elementor-widget-wpforms\" data-id=\"b7f1a70\" data-element_type=\"widget\" data-e-type=\"widget\" data-widget_type=\"wpforms.default\">\n\t\t\t\t<div class=\"elementor-widget-container\">\n\t\t\t\t\t<div class=\"wpforms-container minimog-wpforms\" id=\"wpforms-351\"><form id=\"wpforms-form-351\" class=\"wpforms-validate wpforms-form wpforms-ajax-form\" data-formid=\"351\" method=\"post\" enctype=\"multipart\/form-data\" action=\"\/de\/wp-json\/wp\/v2\/pages\/338\" data-token=\"c256b60f68f122ea95457e6af766013b\" data-token-time=\"1776216067\"><noscript class=\"wpforms-error-noscript\">Bitte aktiviere JavaScript in deinem Browser, um dieses Formular fertigzustellen.<\/noscript><div class=\"wpforms-field-container\">\t\t<div class=\"newsletter-icon\"><i class=\"far fa-envelope\"><\/i><\/div>\n\t\t<div id=\"wpforms-351-field_0-container\" class=\"wpforms-field wpforms-field-name wpforms-one-half wpforms-first\" data-field-id=\"0\"><label class=\"wpforms-field-label wpforms-label-hide\" for=\"wpforms-351-field_0\">Name <span class=\"wpforms-required-label\">*<\/span><\/label><input type=\"text\" id=\"wpforms-351-field_0\" class=\"wpforms-field-large wpforms-field-required\" name=\"wpforms[fields][0]\" placeholder=\"J\u016bs\u0173 vardas *\" required><\/div><div id=\"wpforms-351-field_1-container\" class=\"wpforms-field wpforms-field-email wpforms-one-half\" data-field-id=\"1\"><label class=\"wpforms-field-label wpforms-label-hide\" for=\"wpforms-351-field_1\">Email <span class=\"wpforms-required-label\">*<\/span><\/label><input type=\"email\" id=\"wpforms-351-field_1\" class=\"wpforms-field-large wpforms-field-required\" name=\"wpforms[fields][1]\" placeholder=\"J\u016bs\u0173 el. pa\u0161tas *\" spellcheck=\"false\" required><\/div><div id=\"wpforms-351-field_2-container\" class=\"wpforms-field wpforms-field-textarea\" data-field-id=\"2\"><label class=\"wpforms-field-label wpforms-label-hide\" for=\"wpforms-351-field_2\">Comment or Message <span class=\"wpforms-required-label\">*<\/span><\/label><textarea id=\"wpforms-351-field_2\" class=\"wpforms-field-medium wpforms-field-required\" name=\"wpforms[fields][2]\" placeholder=\"Komentaras\" required><\/textarea><\/div><\/div><!-- .wpforms-field-container --><div class=\"wpforms-submit-container\" ><input type=\"hidden\" name=\"wpforms[id]\" value=\"351\"><input type=\"hidden\" name=\"page_title\" value=\"\"><input type=\"hidden\" name=\"page_url\" value=\"https:\/\/oxcollagen.lt\/de\/wp-json\/wp\/v2\/pages\/338\"><input type=\"hidden\" name=\"url_referer\" value=\"\"><button type=\"submit\" name=\"wpforms[submit]\" id=\"wpforms-submit-351\" class=\"wpforms-submit\" aria-live=\"assertive\" value=\"wpforms-submit\">Si\u0173sti<\/button><img decoding=\"async\" src=\"https:\/\/oxcollagen.lt\/wp-content\/plugins\/wpforms-lite\/assets\/images\/submit-spin.svg\" class=\"wpforms-submit-spinner\" style=\"display: none;\" width=\"26\" height=\"26\" alt=\"Wird geladen\"><\/div><\/form><\/div>  <!-- .wpforms-container -->\t\t\t\t<\/div>\n\t\t\t\t<\/div>\n\t\t\t\t\t<\/div>\n\t\t<\/div>\n\t\t\t\t<div class=\"elementor-column elementor-col-33 elementor-top-column elementor-element elementor-element-a623c4d\" data-id=\"a623c4d\" data-element_type=\"column\" data-e-type=\"column\">\n\t\t\t<div class=\"elementor-widget-wrap elementor-element-populated\">\n\t\t\t\t\t\t<div class=\"elementor-element elementor-element-76a01bd elementor-widget elementor-widget-tm-heading\" data-id=\"76a01bd\" data-element_type=\"widget\" data-e-type=\"widget\" data-widget_type=\"tm-heading.default\">\n\t\t\t\t<div class=\"elementor-widget-container\">\n\t\t\t\t\t\t\t<div class=\"tm-modern-heading tm-modern-heading--style-03 tm-modern-heading--highlight-style-01\">\n\t\t\t\n\t\t\t\t\t<div class=\"heading-primary-wrap\">\n\t\t\t<h2 class=\"heading-primary elementor-heading-title\">Adresas<\/h2>\t\t<\/div>\n\t\t\n\t\t\t\n\t\t\t\t\t<\/div>\n\t\t\t\t\t\t<\/div>\n\t\t\t\t<\/div>\n\t\t\t\t<div class=\"elementor-element elementor-element-8fc4562 elementor-widget elementor-widget-tm-simple-link\" data-id=\"8fc4562\" data-element_type=\"widget\" data-e-type=\"widget\" data-widget_type=\"tm-simple-link.default\">\n\t\t\t\t<div class=\"elementor-widget-container\">\n\t\t\t\t\t\t\t<div class=\"tm-simple-link\">\n\t\t\t\u0160iltnami\u0173 g. 14, Noreiki\u0161ki\u0173 k. Kauno raj. LT-53365<span class=\"simple-link\"><\/span>\t\t<\/div>\n\t\t\t\t\t\t<\/div>\n\t\t\t\t<\/div>\n\t\t\t\t<div class=\"elementor-element elementor-element-55aed59 elementor-widget elementor-widget-tm-heading\" data-id=\"55aed59\" data-element_type=\"widget\" data-e-type=\"widget\" data-widget_type=\"tm-heading.default\">\n\t\t\t\t<div class=\"elementor-widget-container\">\n\t\t\t\t\t\t\t<div class=\"tm-modern-heading tm-modern-heading--style-03 tm-modern-heading--highlight-style-01\">\n\t\t\t\n\t\t\t\t\t<div class=\"heading-primary-wrap\">\n\t\t\t<h2 class=\"heading-primary elementor-heading-title\">Informacija<\/h2>\t\t<\/div>\n\t\t\n\t\t\t\n\t\t\t\t\t<\/div>\n\t\t\t\t\t\t<\/div>\n\t\t\t\t<\/div>\n\t\t\t\t<div class=\"elementor-element elementor-element-1554a60 minimog-list-layout-block elementor-widget elementor-widget-tm-list\" data-id=\"1554a60\" data-element_type=\"widget\" data-e-type=\"widget\" data-widget_type=\"tm-list.default\">\n\t\t\t\t<div class=\"elementor-widget-container\">\n\t\t\t\t\t\t\t<div class=\"minimog-list\">\n\t\t\t\t\t\t\t\t<div class=\"item\">\n\n\t\t\t\t\t\t<a class=\"link\" href=\"tel:+37066030111\">\t\t\t\t\t\t\n\t\t\t\t\t\t\t\t\t\t\t\t\t\t\t\t\t\t\t\n\t\t\t\t\t\t\t\t\t\t\t\t\t<div class=\"text\">\n\t\t\t\t\t\t\t\t+370 660 30111\t\t\t\t\t\t\t<\/div>\n\t\t\t\t\t\t\t\t\t\t\t\t<\/a>\n\t\t\t\t\t<\/div>\n\t\t\t\t\t\t\t\t\t\t<div class=\"item\">\n\n\t\t\t\t\t\t<a class=\"link\" href=\"mailto:info@oxcollagen.lt\">\t\t\t\t\t\t\n\t\t\t\t\t\t\t\t\t\t\t\t\t\t\t\t\t\t\t\n\t\t\t\t\t\t\t\t\t\t\t\t\t<div class=\"text\">\n\t\t\t\t\t\t\t\tinfo@oxcollagen.lt\t\t\t\t\t\t\t<\/div>\n\t\t\t\t\t\t\t\t\t\t\t\t<\/a>\n\t\t\t\t\t<\/div>\n\t\t\t\t\t\t\t<\/div>\n\t\t\t\t\t\t<\/div>\n\t\t\t\t<\/div>\n\t\t\t\t\t<\/div>\n\t\t<\/div>\n\t\t\t\t\t<\/div>\n\t\t<\/section>\n\t\t\t\t<section class=\"elementor-section elementor-top-section elementor-element elementor-element-70e948b elementor-section-boxed elementor-section-gap-beside-yes elementor-section-height-default elementor-section-height-default elementor-section-column-vertical-align-stretch\" data-id=\"70e948b\" data-element_type=\"section\" data-e-type=\"section\">\n\t\t\t\t\t\t<div class=\"elementor-container elementor-column-gap-extended\">\n\t\t\t\t\t<div class=\"elementor-column elementor-col-100 elementor-top-column elementor-element elementor-element-fa47bec\" data-id=\"fa47bec\" data-element_type=\"column\" data-e-type=\"column\">\n\t\t\t<div class=\"elementor-widget-wrap elementor-element-populated\">\n\t\t\t\t\t\t<div class=\"elementor-element elementor-element-e27fe47 elementor-widget elementor-widget-text-editor\" data-id=\"e27fe47\" data-element_type=\"widget\" data-e-type=\"widget\" data-widget_type=\"text-editor.default\">\n\t\t\t\t<div class=\"elementor-widget-container\">\n\t\t\t\t\t\t\t\t\t<p><span class=\"wixui-rich-text__text\"><span class=\"color_11 wixui-rich-text__text\">Maisto tvarkymo subjektas registruotas Kauno teritorin\u0117je VMVT<br \/>Registracijos Nr. 520002301<\/span><\/span><\/p>\t\t\t\t\t\t\t\t<\/div>\n\t\t\t\t<\/div>\n\t\t\t\t\t<\/div>\n\t\t<\/div>\n\t\t\t\t\t<\/div>\n\t\t<\/section>\n\t\t\t\t<\/div>\n\t\t","protected":false},"excerpt":{"rendered":"<p>Nehmen Sie Kontakt mit uns auf. Bitte f\u00fcllen Sie das folgende Formular aus und wir werden uns so schnell wie m\u00f6glich bei Ihnen melden. Adresse \u0160iltnami\u0173 g. 14, Noreiki\u0161ki\u0173 k. Kauno raj. LT-53365 Information +370 660 30111 info@oxcollagen.lt Lebensmittelverarbeitendes Unternehmen, registriert bei der VMV Kaunas, Registrierungsnummer: 520002301<\/p>","protected":false},"author":3,"featured_media":0,"parent":0,"menu_order":0,"comment_status":"closed","ping_status":"closed","template":"","meta":{"footnotes":""},"class_list":["post-338","page","type-page","status-publish","hentry","post-no-thumbnail"],"yoast_head":"<!-- This site is optimized with the Yoast SEO plugin v27.4 - https:\/\/yoast.com\/product\/yoast-seo-wordpress\/ -->\n<title>Kontaktai - Ox collagen<\/title>\n<meta name=\"robots\" content=\"index, follow, max-snippet:-1, max-image-preview:large, max-video-preview:-1\" \/>\n<link rel=\"canonical\" href=\"https:\/\/oxcollagen.lt\/de\/kontakt\/\" \/>\n<meta property=\"og:locale\" content=\"de_DE\" \/>\n<meta property=\"og:type\" content=\"article\" \/>\n<meta property=\"og:title\" content=\"Kontaktai - Ox collagen\" \/>\n<meta property=\"og:description\" content=\"Susisiekite su mumis U\u017epildykite toliau pateikt\u0105 form\u0105 ir mes kuo grei\u010diau su jumis susisieksime. Adresas \u0160iltnami\u0173 g. 14, Noreiki\u0161ki\u0173 k. Kauno raj. LT-53365 Informacija +370 660 30111 info@oxcollagen.lt Maisto tvarkymo subjektas registruotas Kauno teritorin\u0117je VMVTRegistracijos Nr. 520002301\" \/>\n<meta property=\"og:url\" content=\"https:\/\/oxcollagen.lt\/de\/kontakt\/\" \/>\n<meta property=\"og:site_name\" content=\"Ox collagen\" \/>\n<meta property=\"article:publisher\" content=\"https:\/\/www.facebook.com\/oxcollagen\/\" \/>\n<meta property=\"article:modified_time\" content=\"2024-07-11T14:51:32+00:00\" \/>\n<meta property=\"og:image\" content=\"https:\/\/oxcollagen.lt\/wp-content\/uploads\/2024\/04\/logo_oxcollagen.lt_.png\" \/>\n\t<meta property=\"og:image:width\" content=\"1200\" \/>\n\t<meta property=\"og:image:height\" content=\"675\" \/>\n\t<meta property=\"og:image:type\" content=\"image\/png\" \/>\n<meta name=\"twitter:card\" content=\"summary_large_image\" \/>\n<script type=\"application\/ld+json\" class=\"yoast-schema-graph\">{\"@context\":\"https:\\\/\\\/schema.org\",\"@graph\":[{\"@type\":\"WebPage\",\"@id\":\"https:\\\/\\\/oxcollagen.lt\\\/kontaktai\\\/\",\"url\":\"https:\\\/\\\/oxcollagen.lt\\\/kontaktai\\\/\",\"name\":\"Kontaktai - Ox collagen\",\"isPartOf\":{\"@id\":\"https:\\\/\\\/oxcollagen.lt\\\/#website\"},\"datePublished\":\"2021-11-26T09:41:38+00:00\",\"dateModified\":\"2024-07-11T14:51:32+00:00\",\"breadcrumb\":{\"@id\":\"https:\\\/\\\/oxcollagen.lt\\\/kontaktai\\\/#breadcrumb\"},\"inLanguage\":\"de\",\"potentialAction\":[{\"@type\":\"ReadAction\",\"target\":[\"https:\\\/\\\/oxcollagen.lt\\\/kontaktai\\\/\"]}]},{\"@type\":\"BreadcrumbList\",\"@id\":\"https:\\\/\\\/oxcollagen.lt\\\/kontaktai\\\/#breadcrumb\",\"itemListElement\":[{\"@type\":\"ListItem\",\"position\":1,\"name\":\"Home\",\"item\":\"https:\\\/\\\/oxcollagen.lt\\\/\"},{\"@type\":\"ListItem\",\"position\":2,\"name\":\"Kontaktai\"}]},{\"@type\":\"WebSite\",\"@id\":\"https:\\\/\\\/oxcollagen.lt\\\/#website\",\"url\":\"https:\\\/\\\/oxcollagen.lt\\\/\",\"name\":\"Ox collagen\",\"description\":\"Nat\u016bral\u016bs baton\u0117liai su kolageno baltymais\",\"publisher\":{\"@id\":\"https:\\\/\\\/oxcollagen.lt\\\/#organization\"},\"potentialAction\":[{\"@type\":\"SearchAction\",\"target\":{\"@type\":\"EntryPoint\",\"urlTemplate\":\"https:\\\/\\\/oxcollagen.lt\\\/?s={search_term_string}\"},\"query-input\":{\"@type\":\"PropertyValueSpecification\",\"valueRequired\":true,\"valueName\":\"search_term_string\"}}],\"inLanguage\":\"de\"},{\"@type\":\"Organization\",\"@id\":\"https:\\\/\\\/oxcollagen.lt\\\/#organization\",\"name\":\"Ox collagen\",\"url\":\"https:\\\/\\\/oxcollagen.lt\\\/\",\"logo\":{\"@type\":\"ImageObject\",\"inLanguage\":\"de\",\"@id\":\"https:\\\/\\\/oxcollagen.lt\\\/#\\\/schema\\\/logo\\\/image\\\/\",\"url\":\"https:\\\/\\\/oxcollagen.lt\\\/wp-content\\\/uploads\\\/2024\\\/04\\\/oxcollagen.lt_.png\",\"contentUrl\":\"https:\\\/\\\/oxcollagen.lt\\\/wp-content\\\/uploads\\\/2024\\\/04\\\/oxcollagen.lt_.png\",\"width\":696,\"height\":696,\"caption\":\"Ox collagen\"},\"image\":{\"@id\":\"https:\\\/\\\/oxcollagen.lt\\\/#\\\/schema\\\/logo\\\/image\\\/\"},\"sameAs\":[\"https:\\\/\\\/www.facebook.com\\\/oxcollagen\\\/\"]}]}<\/script>\n<!-- \/ Yoast SEO plugin. -->","yoast_head_json":{"title":"Kontakte - Ochsenkollagen","robots":{"index":"index","follow":"follow","max-snippet":"max-snippet:-1","max-image-preview":"max-image-preview:large","max-video-preview":"max-video-preview:-1"},"canonical":"https:\/\/oxcollagen.lt\/de\/kontakt\/","og_locale":"de_DE","og_type":"article","og_title":"Kontaktai - Ox collagen","og_description":"Susisiekite su mumis U\u017epildykite toliau pateikt\u0105 form\u0105 ir mes kuo grei\u010diau su jumis susisieksime. Adresas \u0160iltnami\u0173 g. 14, Noreiki\u0161ki\u0173 k. Kauno raj. LT-53365 Informacija +370 660 30111 info@oxcollagen.lt Maisto tvarkymo subjektas registruotas Kauno teritorin\u0117je VMVTRegistracijos Nr. 520002301","og_url":"https:\/\/oxcollagen.lt\/de\/kontakt\/","og_site_name":"Ox collagen","article_publisher":"https:\/\/www.facebook.com\/oxcollagen\/","article_modified_time":"2024-07-11T14:51:32+00:00","og_image":[{"width":1200,"height":675,"url":"https:\/\/oxcollagen.lt\/wp-content\/uploads\/2024\/04\/logo_oxcollagen.lt_.png","type":"image\/png"}],"twitter_card":"summary_large_image","schema":{"@context":"https:\/\/schema.org","@graph":[{"@type":"WebPage","@id":"https:\/\/oxcollagen.lt\/kontaktai\/","url":"https:\/\/oxcollagen.lt\/kontaktai\/","name":"Kontakte - Ochsenkollagen","isPartOf":{"@id":"https:\/\/oxcollagen.lt\/#website"},"datePublished":"2021-11-26T09:41:38+00:00","dateModified":"2024-07-11T14:51:32+00:00","breadcrumb":{"@id":"https:\/\/oxcollagen.lt\/kontaktai\/#breadcrumb"},"inLanguage":"de","potentialAction":[{"@type":"ReadAction","target":["https:\/\/oxcollagen.lt\/kontaktai\/"]}]},{"@type":"BreadcrumbList","@id":"https:\/\/oxcollagen.lt\/kontaktai\/#breadcrumb","itemListElement":[{"@type":"ListItem","position":1,"name":"Home","item":"https:\/\/oxcollagen.lt\/"},{"@type":"ListItem","position":2,"name":"Kontaktai"}]},{"@type":"WebSite","@id":"https:\/\/oxcollagen.lt\/#website","url":"https:\/\/oxcollagen.lt\/","name":"Ochsenkollagen","description":"Nat\u00fcrliche Riegel mit kollagenen Proteinen","publisher":{"@id":"https:\/\/oxcollagen.lt\/#organization"},"potentialAction":[{"@type":"SearchAction","target":{"@type":"EntryPoint","urlTemplate":"https:\/\/oxcollagen.lt\/?s={search_term_string}"},"query-input":{"@type":"PropertyValueSpecification","valueRequired":true,"valueName":"search_term_string"}}],"inLanguage":"de"},{"@type":"Organization","@id":"https:\/\/oxcollagen.lt\/#organization","name":"Ochsenkollagen","url":"https:\/\/oxcollagen.lt\/","logo":{"@type":"ImageObject","inLanguage":"de","@id":"https:\/\/oxcollagen.lt\/#\/schema\/logo\/image\/","url":"https:\/\/oxcollagen.lt\/wp-content\/uploads\/2024\/04\/oxcollagen.lt_.png","contentUrl":"https:\/\/oxcollagen.lt\/wp-content\/uploads\/2024\/04\/oxcollagen.lt_.png","width":696,"height":696,"caption":"Ox collagen"},"image":{"@id":"https:\/\/oxcollagen.lt\/#\/schema\/logo\/image\/"},"sameAs":["https:\/\/www.facebook.com\/oxcollagen\/"]}]}},"_links":{"self":[{"href":"https:\/\/oxcollagen.lt\/de\/wp-json\/wp\/v2\/pages\/338","targetHints":{"allow":["GET"]}}],"collection":[{"href":"https:\/\/oxcollagen.lt\/de\/wp-json\/wp\/v2\/pages"}],"about":[{"href":"https:\/\/oxcollagen.lt\/de\/wp-json\/wp\/v2\/types\/page"}],"author":[{"embeddable":true,"href":"https:\/\/oxcollagen.lt\/de\/wp-json\/wp\/v2\/users\/3"}],"replies":[{"embeddable":true,"href":"https:\/\/oxcollagen.lt\/de\/wp-json\/wp\/v2\/comments?post=338"}],"version-history":[{"count":1,"href":"https:\/\/oxcollagen.lt\/de\/wp-json\/wp\/v2\/pages\/338\/revisions"}],"predecessor-version":[{"id":22233,"href":"https:\/\/oxcollagen.lt\/de\/wp-json\/wp\/v2\/pages\/338\/revisions\/22233"}],"wp:attachment":[{"href":"https:\/\/oxcollagen.lt\/de\/wp-json\/wp\/v2\/media?parent=338"}],"curies":[{"name":"wp","href":"https:\/\/api.w.org\/{rel}","templated":true}]}}