{"id":331,"date":"2021-11-26T09:41:15","date_gmt":"2021-11-26T09:41:15","guid":{"rendered":"https:\/\/oxcollagen.lt?page_id=331"},"modified":"2024-04-27T17:12:35","modified_gmt":"2024-04-27T17:12:35","slug":"duk","status":"publish","type":"page","link":"https:\/\/oxcollagen.lt\/es\/duk\/","title":{"rendered":"PREGUNTAS FRECUENTES"},"content":{"rendered":"<div class=\"schema-faq wp-block-yoast-faq-block\"><div class=\"schema-faq-section\" id=\"faq-question-1714235158369\"><strong class=\"schema-faq-question\">\u00bfQu\u00e9 es el col\u00e1geno y por qu\u00e9 es importante?<\/strong> <p class=\"schema-faq-answer\">El col\u00e1geno es una prote\u00edna que da estructura a la piel, el cabello, las u\u00f1as, los huesos y las articulaciones. Es esencial para mantener una piel sana y joven y la salud general de las articulaciones.<\/p> <\/div> <div class=\"schema-faq-section\" id=\"faq-question-1714235187066\"><strong class=\"schema-faq-question\">\u00bfC\u00f3mo me benefician las barritas de col\u00e1geno?<\/strong> <p class=\"schema-faq-answer\">Las barritas de col\u00e1geno son una forma c\u00f3moda de a\u00f1adir col\u00e1geno a su dieta y son un tentempi\u00e9 sabroso y saciante.<\/p> <\/div> <div class=\"schema-faq-section\" id=\"faq-question-1714235182507\"><strong class=\"schema-faq-question\">\u00bfLas barritas de col\u00e1geno son aptas para vegetarianos o veganos?<\/strong> <p class=\"schema-faq-answer\">Por lo general, las barritas de col\u00e1geno no son aptas para vegetarianos o veganos, ya que el col\u00e1geno procede de fuentes animales como la carne de vacuno.<\/p> <\/div> <div class=\"schema-faq-section\" id=\"faq-question-1714236449921\"><strong class=\"schema-faq-question\">\u00bfPueden las barritas de col\u00e1geno sustituir a los suplementos de col\u00e1geno?<\/strong> <p class=\"schema-faq-answer\">Las barritas de col\u00e1geno son una c\u00f3moda alternativa a los suplementos de col\u00e1geno, ya que proporcionan un sabroso tentempi\u00e9 y los beneficios del col\u00e1geno. Sin embargo, la eficacia de las barritas y los suplementos de col\u00e1geno puede variar en funci\u00f3n de las preferencias individuales y las necesidades diet\u00e9ticas.<\/p> <\/div> <div class=\"schema-faq-section\" id=\"faq-question-1714236462771\"><strong class=\"schema-faq-question\">\u00bfPuede el col\u00e1geno ayudar a la piel envejecida?<\/strong> <p class=\"schema-faq-answer\">El col\u00e1geno puede ayudar a mantener la elasticidad y la hidrataci\u00f3n de la piel, factores clave para combatir los signos del envejecimiento. Incorporar col\u00e1geno a su dieta junto con su rutina de cuidado de la piel puede ayudarle a mantener una piel joven con el paso del tiempo.<\/p> <\/div> <div class=\"schema-faq-section\" id=\"faq-question-1714236522398\"><strong class=\"schema-faq-question\">\u00bfCu\u00e1ndo es el mejor momento para tomar suplementos de col\u00e1geno para hacer deporte?<\/strong> <p class=\"schema-faq-answer\">El col\u00e1geno puede tomarse antes o despu\u00e9s del ejercicio. El uso antes del ejercicio puede ayudar a las articulaciones y el uso despu\u00e9s del ejercicio puede ayudar a la reparaci\u00f3n y recuperaci\u00f3n muscular.<\/p> <\/div> <div class=\"schema-faq-section\" id=\"faq-question-1714236531370\"><strong class=\"schema-faq-question\">\u00bfSon adecuados los suplementos de col\u00e1geno para los deportistas con restricciones diet\u00e9ticas?<\/strong> <p class=\"schema-faq-answer\">S\u00ed, los suplementos de col\u00e1geno no contienen gluten, l\u00e1cteos ni soja, por lo que son adecuados para deportistas con diferentes necesidades diet\u00e9ticas.<\/p> <\/div> <div class=\"schema-faq-section\" id=\"faq-question-1714236547156\"><strong class=\"schema-faq-question\">\u00bfQu\u00e9 tipos de col\u00e1geno son m\u00e1s beneficiosos para los deportistas?<\/strong> <p class=\"schema-faq-answer\">Los tipos de col\u00e1geno I y III son especialmente \u00fatiles para los deportistas, ya que abundan en tendones, ligamentos y piel, y favorecen la salud articular y la flexibilidad.<\/p> <\/div> <\/div>","protected":false},"excerpt":{"rendered":"","protected":false},"author":3,"featured_media":0,"parent":0,"menu_order":0,"comment_status":"closed","ping_status":"closed","template":"","meta":{"footnotes":""},"class_list":["post-331","page","type-page","status-publish","hentry","post-no-thumbnail"],"yoast_head":"<!-- This site is optimized with the Yoast SEO plugin v27.3 - https:\/\/yoast.com\/product\/yoast-seo-wordpress\/ -->\n<title>DUK - Ox collagen<\/title>\n<meta name=\"robots\" content=\"index, follow, max-snippet:-1, max-image-preview:large, max-video-preview:-1\" \/>\n<link rel=\"canonical\" href=\"https:\/\/oxcollagen.lt\/es\/duk\/\" \/>\n<meta property=\"og:locale\" content=\"es_ES\" \/>\n<meta property=\"og:type\" content=\"article\" \/>\n<meta property=\"og:title\" content=\"DUK - Ox collagen\" \/>\n<meta property=\"og:url\" content=\"https:\/\/oxcollagen.lt\/es\/duk\/\" \/>\n<meta property=\"og:site_name\" content=\"Ox collagen\" \/>\n<meta property=\"article:publisher\" content=\"https:\/\/www.facebook.com\/oxcollagen\/\" \/>\n<meta property=\"article:modified_time\" content=\"2024-04-27T17:12:35+00:00\" \/>\n<meta property=\"og:image\" content=\"https:\/\/oxcollagen.lt\/wp-content\/uploads\/2024\/04\/logo_oxcollagen.lt_.png\" \/>\n\t<meta property=\"og:image:width\" content=\"1200\" \/>\n\t<meta property=\"og:image:height\" content=\"675\" \/>\n\t<meta property=\"og:image:type\" content=\"image\/png\" \/>\n<meta name=\"twitter:card\" content=\"summary_large_image\" \/>\n<meta name=\"twitter:label1\" content=\"Tiempo de lectura\" \/>\n\t<meta name=\"twitter:data1\" content=\"2 minutos\" \/>\n<script type=\"application\/ld+json\" class=\"yoast-schema-graph\">{\"@context\":\"https:\\\/\\\/schema.org\",\"@graph\":[{\"@type\":[\"WebPage\",\"FAQPage\"],\"@id\":\"https:\\\/\\\/oxcollagen.lt\\\/nl\\\/duk\\\/\",\"url\":\"https:\\\/\\\/oxcollagen.lt\\\/nl\\\/duk\\\/\",\"name\":\"DUK - Ox collagen\",\"isPartOf\":{\"@id\":\"https:\\\/\\\/oxcollagen.lt\\\/#website\"},\"datePublished\":\"2021-11-26T09:41:15+00:00\",\"dateModified\":\"2024-04-27T17:12:35+00:00\",\"breadcrumb\":{\"@id\":\"https:\\\/\\\/oxcollagen.lt\\\/nl\\\/duk\\\/#breadcrumb\"},\"mainEntity\":[{\"@id\":\"https:\\\/\\\/oxcollagen.lt\\\/nl\\\/duk\\\/#faq-question-1714235158369\"},{\"@id\":\"https:\\\/\\\/oxcollagen.lt\\\/nl\\\/duk\\\/#faq-question-1714235187066\"},{\"@id\":\"https:\\\/\\\/oxcollagen.lt\\\/nl\\\/duk\\\/#faq-question-1714235182507\"},{\"@id\":\"https:\\\/\\\/oxcollagen.lt\\\/nl\\\/duk\\\/#faq-question-1714236449921\"},{\"@id\":\"https:\\\/\\\/oxcollagen.lt\\\/nl\\\/duk\\\/#faq-question-1714236462771\"},{\"@id\":\"https:\\\/\\\/oxcollagen.lt\\\/nl\\\/duk\\\/#faq-question-1714236522398\"},{\"@id\":\"https:\\\/\\\/oxcollagen.lt\\\/nl\\\/duk\\\/#faq-question-1714236531370\"},{\"@id\":\"https:\\\/\\\/oxcollagen.lt\\\/nl\\\/duk\\\/#faq-question-1714236547156\"}],\"inLanguage\":\"es\",\"potentialAction\":[{\"@type\":\"ReadAction\",\"target\":[\"https:\\\/\\\/oxcollagen.lt\\\/nl\\\/duk\\\/\"]}]},{\"@type\":\"BreadcrumbList\",\"@id\":\"https:\\\/\\\/oxcollagen.lt\\\/nl\\\/duk\\\/#breadcrumb\",\"itemListElement\":[{\"@type\":\"ListItem\",\"position\":1,\"name\":\"Home\",\"item\":\"https:\\\/\\\/oxcollagen.lt\\\/\"},{\"@type\":\"ListItem\",\"position\":2,\"name\":\"DUK\"}]},{\"@type\":\"WebSite\",\"@id\":\"https:\\\/\\\/oxcollagen.lt\\\/#website\",\"url\":\"https:\\\/\\\/oxcollagen.lt\\\/\",\"name\":\"Ox collagen\",\"description\":\"Nat\u016bral\u016bs baton\u0117liai su kolageno baltymais\",\"publisher\":{\"@id\":\"https:\\\/\\\/oxcollagen.lt\\\/#organization\"},\"potentialAction\":[{\"@type\":\"SearchAction\",\"target\":{\"@type\":\"EntryPoint\",\"urlTemplate\":\"https:\\\/\\\/oxcollagen.lt\\\/?s={search_term_string}\"},\"query-input\":{\"@type\":\"PropertyValueSpecification\",\"valueRequired\":true,\"valueName\":\"search_term_string\"}}],\"inLanguage\":\"es\"},{\"@type\":\"Organization\",\"@id\":\"https:\\\/\\\/oxcollagen.lt\\\/#organization\",\"name\":\"Ox collagen\",\"url\":\"https:\\\/\\\/oxcollagen.lt\\\/\",\"logo\":{\"@type\":\"ImageObject\",\"inLanguage\":\"es\",\"@id\":\"https:\\\/\\\/oxcollagen.lt\\\/#\\\/schema\\\/logo\\\/image\\\/\",\"url\":\"https:\\\/\\\/oxcollagen.lt\\\/wp-content\\\/uploads\\\/2024\\\/04\\\/oxcollagen.lt_.png\",\"contentUrl\":\"https:\\\/\\\/oxcollagen.lt\\\/wp-content\\\/uploads\\\/2024\\\/04\\\/oxcollagen.lt_.png\",\"width\":696,\"height\":696,\"caption\":\"Ox collagen\"},\"image\":{\"@id\":\"https:\\\/\\\/oxcollagen.lt\\\/#\\\/schema\\\/logo\\\/image\\\/\"},\"sameAs\":[\"https:\\\/\\\/www.facebook.com\\\/oxcollagen\\\/\"]},{\"@type\":\"Question\",\"@id\":\"https:\\\/\\\/oxcollagen.lt\\\/nl\\\/duk\\\/#faq-question-1714235158369\",\"position\":1,\"url\":\"https:\\\/\\\/oxcollagen.lt\\\/nl\\\/duk\\\/#faq-question-1714235158369\",\"name\":\"Kas yra kolagenas ir kod\u0117l jis svarbus?\",\"answerCount\":1,\"acceptedAnswer\":{\"@type\":\"Answer\",\"text\":\"Kolagenas yra baltymas, suteikiantis strukt\u016br\u0105 j\u016bs\u0173 odai, plaukams, nagams, kaulams ir s\u0105nariams. Tai b\u016btina norint i\u0161laikyti sveik\u0105 ir jaunatvi\u0161k\u0105 od\u0105 bei palaikyti bendr\u0105 s\u0105nari\u0173 sveikat\u0105.\",\"inLanguage\":\"es\"},\"inLanguage\":\"es\"},{\"@type\":\"Question\",\"@id\":\"https:\\\/\\\/oxcollagen.lt\\\/nl\\\/duk\\\/#faq-question-1714235187066\",\"position\":2,\"url\":\"https:\\\/\\\/oxcollagen.lt\\\/nl\\\/duk\\\/#faq-question-1714235187066\",\"name\":\"Kaip man naudingi kolageno baton\u0117liai?\",\"answerCount\":1,\"acceptedAnswer\":{\"@type\":\"Answer\",\"text\":\"Kolageno baton\u0117liai yra patogus b\u016bdas \u012ftraukti kolagen\u0105 \u012f savo mityb\u0105, tai yra skanus ir sotus u\u017ekandis.\",\"inLanguage\":\"es\"},\"inLanguage\":\"es\"},{\"@type\":\"Question\",\"@id\":\"https:\\\/\\\/oxcollagen.lt\\\/nl\\\/duk\\\/#faq-question-1714235182507\",\"position\":3,\"url\":\"https:\\\/\\\/oxcollagen.lt\\\/nl\\\/duk\\\/#faq-question-1714235182507\",\"name\":\"Ar kolageno baton\u0117liai tinka vegetarams ar veganams?\",\"answerCount\":1,\"acceptedAnswer\":{\"@type\":\"Answer\",\"text\":\"Paprastai kolageno baton\u0117liai netinka vegetarams ar veganams, nes kolagenas gaunamas i\u0161 gyvulini\u0173 \u0161altini\u0173, toki\u0173 kaip jautiena.\",\"inLanguage\":\"es\"},\"inLanguage\":\"es\"},{\"@type\":\"Question\",\"@id\":\"https:\\\/\\\/oxcollagen.lt\\\/nl\\\/duk\\\/#faq-question-1714236449921\",\"position\":4,\"url\":\"https:\\\/\\\/oxcollagen.lt\\\/nl\\\/duk\\\/#faq-question-1714236449921\",\"name\":\"Ar kolageno baton\u0117liai gali pakeisti kolageno papildus?\",\"answerCount\":1,\"acceptedAnswer\":{\"@type\":\"Answer\",\"text\":\"Kolageno baton\u0117liai yra patogi alternatyva kolageno papildams, suteikiant skan\u0173 u\u017ekand\u012f ir suteikiant kolageno naud\u0105. Ta\u010diau kolageno baton\u0117li\u0173 ir papild\u0173 veiksmingumas gali skirtis priklausomai nuo individuali\u0173 pageidavim\u0173 ir mitybos poreiki\u0173.\",\"inLanguage\":\"es\"},\"inLanguage\":\"es\"},{\"@type\":\"Question\",\"@id\":\"https:\\\/\\\/oxcollagen.lt\\\/nl\\\/duk\\\/#faq-question-1714236462771\",\"position\":5,\"url\":\"https:\\\/\\\/oxcollagen.lt\\\/nl\\\/duk\\\/#faq-question-1714236462771\",\"name\":\"Ar kolagenas gali pad\u0117ti senstan\u010diai odai?\",\"answerCount\":1,\"acceptedAnswer\":{\"@type\":\"Answer\",\"text\":\"Kolageno gali pad\u0117ti i\u0161laikyti odos elastingum\u0105 ir hidratacij\u0105, o tai yra esminiai veiksniai kovojant su sen\u0117jimo po\u017eymiais. Kolageno \u012ftraukimas \u012f savo mityb\u0105 kartu su odos prie\u017ei\u016bros rutina laikui b\u0117gant gali pad\u0117ti i\u0161laikyti jaunatvi\u0161k\u0105 od\u0105.\",\"inLanguage\":\"es\"},\"inLanguage\":\"es\"},{\"@type\":\"Question\",\"@id\":\"https:\\\/\\\/oxcollagen.lt\\\/nl\\\/duk\\\/#faq-question-1714236522398\",\"position\":6,\"url\":\"https:\\\/\\\/oxcollagen.lt\\\/nl\\\/duk\\\/#faq-question-1714236522398\",\"name\":\"Kada yra geriausias laikas vartoti kolageno papildus sportuojant?\",\"answerCount\":1,\"acceptedAnswer\":{\"@type\":\"Answer\",\"text\":\"Kolageno galima vartoti prie\u0161 arba po treniruot\u0117s. Vartojimas prie\u0161 mank\u0161t\u0105 gali pad\u0117ti s\u0105nariams, o po treniruot\u0117s \u2013 raumen\u0173 atstatymui ir atsigavimui.\",\"inLanguage\":\"es\"},\"inLanguage\":\"es\"},{\"@type\":\"Question\",\"@id\":\"https:\\\/\\\/oxcollagen.lt\\\/nl\\\/duk\\\/#faq-question-1714236531370\",\"position\":7,\"url\":\"https:\\\/\\\/oxcollagen.lt\\\/nl\\\/duk\\\/#faq-question-1714236531370\",\"name\":\"Ar kolageno papildai tinka sportininkams, turintiems mitybos apribojim\u0173?\",\"answerCount\":1,\"acceptedAnswer\":{\"@type\":\"Answer\",\"text\":\"Taip, kolageno papildai yra be glitimo, be pieno ir be soj\u0173, tod\u0117l jie tinka \u012fvairi\u0173 mitybos poreiki\u0173 turintiems sportininkams.\",\"inLanguage\":\"es\"},\"inLanguage\":\"es\"},{\"@type\":\"Question\",\"@id\":\"https:\\\/\\\/oxcollagen.lt\\\/nl\\\/duk\\\/#faq-question-1714236547156\",\"position\":8,\"url\":\"https:\\\/\\\/oxcollagen.lt\\\/nl\\\/duk\\\/#faq-question-1714236547156\",\"name\":\"Kokie kolageno tipai yra naudingiausi sportininkams?\",\"answerCount\":1,\"acceptedAnswer\":{\"@type\":\"Answer\",\"text\":\"I ir III tipo kolagenas ypa\u010d naudingas sportininkams, nes jo gausu sausgysl\u0117se, rai\u0161\u010diuose ir odoje, palaiko bendr\u0105 s\u0105nari\u0173 sveikat\u0105 ir elastingum\u0105.\",\"inLanguage\":\"es\"},\"inLanguage\":\"es\"}]}<\/script>\n<!-- \/ Yoast SEO plugin. -->","yoast_head_json":{"title":"DUK - Col\u00e1geno de buey","robots":{"index":"index","follow":"follow","max-snippet":"max-snippet:-1","max-image-preview":"max-image-preview:large","max-video-preview":"max-video-preview:-1"},"canonical":"https:\/\/oxcollagen.lt\/es\/duk\/","og_locale":"es_ES","og_type":"article","og_title":"DUK - Ox collagen","og_url":"https:\/\/oxcollagen.lt\/es\/duk\/","og_site_name":"Ox collagen","article_publisher":"https:\/\/www.facebook.com\/oxcollagen\/","article_modified_time":"2024-04-27T17:12:35+00:00","og_image":[{"width":1200,"height":675,"url":"https:\/\/oxcollagen.lt\/wp-content\/uploads\/2024\/04\/logo_oxcollagen.lt_.png","type":"image\/png"}],"twitter_card":"summary_large_image","twitter_misc":{"Tiempo de lectura":"2 minutos"},"schema":{"@context":"https:\/\/schema.org","@graph":[{"@type":["WebPage","FAQPage"],"@id":"https:\/\/oxcollagen.lt\/nl\/duk\/","url":"https:\/\/oxcollagen.lt\/nl\/duk\/","name":"DUK - Col\u00e1geno de buey","isPartOf":{"@id":"https:\/\/oxcollagen.lt\/#website"},"datePublished":"2021-11-26T09:41:15+00:00","dateModified":"2024-04-27T17:12:35+00:00","breadcrumb":{"@id":"https:\/\/oxcollagen.lt\/nl\/duk\/#breadcrumb"},"mainEntity":[{"@id":"https:\/\/oxcollagen.lt\/nl\/duk\/#faq-question-1714235158369"},{"@id":"https:\/\/oxcollagen.lt\/nl\/duk\/#faq-question-1714235187066"},{"@id":"https:\/\/oxcollagen.lt\/nl\/duk\/#faq-question-1714235182507"},{"@id":"https:\/\/oxcollagen.lt\/nl\/duk\/#faq-question-1714236449921"},{"@id":"https:\/\/oxcollagen.lt\/nl\/duk\/#faq-question-1714236462771"},{"@id":"https:\/\/oxcollagen.lt\/nl\/duk\/#faq-question-1714236522398"},{"@id":"https:\/\/oxcollagen.lt\/nl\/duk\/#faq-question-1714236531370"},{"@id":"https:\/\/oxcollagen.lt\/nl\/duk\/#faq-question-1714236547156"}],"inLanguage":"es","potentialAction":[{"@type":"ReadAction","target":["https:\/\/oxcollagen.lt\/nl\/duk\/"]}]},{"@type":"BreadcrumbList","@id":"https:\/\/oxcollagen.lt\/nl\/duk\/#breadcrumb","itemListElement":[{"@type":"ListItem","position":1,"name":"Home","item":"https:\/\/oxcollagen.lt\/"},{"@type":"ListItem","position":2,"name":"DUK"}]},{"@type":"WebSite","@id":"https:\/\/oxcollagen.lt\/#website","url":"https:\/\/oxcollagen.lt\/","name":"Col\u00e1geno de buey","description":"Barritas naturales con prote\u00ednas de col\u00e1geno","publisher":{"@id":"https:\/\/oxcollagen.lt\/#organization"},"potentialAction":[{"@type":"SearchAction","target":{"@type":"EntryPoint","urlTemplate":"https:\/\/oxcollagen.lt\/?s={search_term_string}"},"query-input":{"@type":"PropertyValueSpecification","valueRequired":true,"valueName":"search_term_string"}}],"inLanguage":"es"},{"@type":"Organization","@id":"https:\/\/oxcollagen.lt\/#organization","name":"Col\u00e1geno de buey","url":"https:\/\/oxcollagen.lt\/","logo":{"@type":"ImageObject","inLanguage":"es","@id":"https:\/\/oxcollagen.lt\/#\/schema\/logo\/image\/","url":"https:\/\/oxcollagen.lt\/wp-content\/uploads\/2024\/04\/oxcollagen.lt_.png","contentUrl":"https:\/\/oxcollagen.lt\/wp-content\/uploads\/2024\/04\/oxcollagen.lt_.png","width":696,"height":696,"caption":"Ox collagen"},"image":{"@id":"https:\/\/oxcollagen.lt\/#\/schema\/logo\/image\/"},"sameAs":["https:\/\/www.facebook.com\/oxcollagen\/"]},{"@type":"Question","@id":"https:\/\/oxcollagen.lt\/nl\/duk\/#faq-question-1714235158369","position":1,"url":"https:\/\/oxcollagen.lt\/nl\/duk\/#faq-question-1714235158369","name":"\u00bfQu\u00e9 es el col\u00e1geno y por qu\u00e9 es importante?","answerCount":1,"acceptedAnswer":{"@type":"Answer","text":"Kolagenas yra baltymas, suteikiantis strukt\u016br\u0105 j\u016bs\u0173 odai, plaukams, nagams, kaulams ir s\u0105nariams. Tai b\u016btina norint i\u0161laikyti sveik\u0105 ir jaunatvi\u0161k\u0105 od\u0105 bei palaikyti bendr\u0105 s\u0105nari\u0173 sveikat\u0105.","inLanguage":"es"},"inLanguage":"es"},{"@type":"Question","@id":"https:\/\/oxcollagen.lt\/nl\/duk\/#faq-question-1714235187066","position":2,"url":"https:\/\/oxcollagen.lt\/nl\/duk\/#faq-question-1714235187066","name":"\u00bfC\u00f3mo me benefician las barritas de col\u00e1geno?","answerCount":1,"acceptedAnswer":{"@type":"Answer","text":"Kolageno baton\u0117liai yra patogus b\u016bdas \u012ftraukti kolagen\u0105 \u012f savo mityb\u0105, tai yra skanus ir sotus u\u017ekandis.","inLanguage":"es"},"inLanguage":"es"},{"@type":"Question","@id":"https:\/\/oxcollagen.lt\/nl\/duk\/#faq-question-1714235182507","position":3,"url":"https:\/\/oxcollagen.lt\/nl\/duk\/#faq-question-1714235182507","name":"\u00bfLas barritas de col\u00e1geno son aptas para vegetarianos o veganos?","answerCount":1,"acceptedAnswer":{"@type":"Answer","text":"Paprastai kolageno baton\u0117liai netinka vegetarams ar veganams, nes kolagenas gaunamas i\u0161 gyvulini\u0173 \u0161altini\u0173, toki\u0173 kaip jautiena.","inLanguage":"es"},"inLanguage":"es"},{"@type":"Question","@id":"https:\/\/oxcollagen.lt\/nl\/duk\/#faq-question-1714236449921","position":4,"url":"https:\/\/oxcollagen.lt\/nl\/duk\/#faq-question-1714236449921","name":"\u00bfPueden las barritas de col\u00e1geno sustituir a los suplementos de col\u00e1geno?","answerCount":1,"acceptedAnswer":{"@type":"Answer","text":"Kolageno baton\u0117liai yra patogi alternatyva kolageno papildams, suteikiant skan\u0173 u\u017ekand\u012f ir suteikiant kolageno naud\u0105. Ta\u010diau kolageno baton\u0117li\u0173 ir papild\u0173 veiksmingumas gali skirtis priklausomai nuo individuali\u0173 pageidavim\u0173 ir mitybos poreiki\u0173.","inLanguage":"es"},"inLanguage":"es"},{"@type":"Question","@id":"https:\/\/oxcollagen.lt\/nl\/duk\/#faq-question-1714236462771","position":5,"url":"https:\/\/oxcollagen.lt\/nl\/duk\/#faq-question-1714236462771","name":"\u00bfPuede el col\u00e1geno ayudar a la piel envejecida?","answerCount":1,"acceptedAnswer":{"@type":"Answer","text":"Kolageno gali pad\u0117ti i\u0161laikyti odos elastingum\u0105 ir hidratacij\u0105, o tai yra esminiai veiksniai kovojant su sen\u0117jimo po\u017eymiais. Kolageno \u012ftraukimas \u012f savo mityb\u0105 kartu su odos prie\u017ei\u016bros rutina laikui b\u0117gant gali pad\u0117ti i\u0161laikyti jaunatvi\u0161k\u0105 od\u0105.","inLanguage":"es"},"inLanguage":"es"},{"@type":"Question","@id":"https:\/\/oxcollagen.lt\/nl\/duk\/#faq-question-1714236522398","position":6,"url":"https:\/\/oxcollagen.lt\/nl\/duk\/#faq-question-1714236522398","name":"\u00bfCu\u00e1ndo es el mejor momento para tomar suplementos de col\u00e1geno para hacer deporte?","answerCount":1,"acceptedAnswer":{"@type":"Answer","text":"Kolageno galima vartoti prie\u0161 arba po treniruot\u0117s. Vartojimas prie\u0161 mank\u0161t\u0105 gali pad\u0117ti s\u0105nariams, o po treniruot\u0117s \u2013 raumen\u0173 atstatymui ir atsigavimui.","inLanguage":"es"},"inLanguage":"es"},{"@type":"Question","@id":"https:\/\/oxcollagen.lt\/nl\/duk\/#faq-question-1714236531370","position":7,"url":"https:\/\/oxcollagen.lt\/nl\/duk\/#faq-question-1714236531370","name":"\u00bfSon adecuados los suplementos de col\u00e1geno para los deportistas con restricciones diet\u00e9ticas?","answerCount":1,"acceptedAnswer":{"@type":"Answer","text":"Taip, kolageno papildai yra be glitimo, be pieno ir be soj\u0173, tod\u0117l jie tinka \u012fvairi\u0173 mitybos poreiki\u0173 turintiems sportininkams.","inLanguage":"es"},"inLanguage":"es"},{"@type":"Question","@id":"https:\/\/oxcollagen.lt\/nl\/duk\/#faq-question-1714236547156","position":8,"url":"https:\/\/oxcollagen.lt\/nl\/duk\/#faq-question-1714236547156","name":"\u00bfQu\u00e9 tipos de col\u00e1geno son m\u00e1s beneficiosos para los deportistas?","answerCount":1,"acceptedAnswer":{"@type":"Answer","text":"I ir III tipo kolagenas ypa\u010d naudingas sportininkams, nes jo gausu sausgysl\u0117se, rai\u0161\u010diuose ir odoje, palaiko bendr\u0105 s\u0105nari\u0173 sveikat\u0105 ir elastingum\u0105.","inLanguage":"es"},"inLanguage":"es"}]}},"_links":{"self":[{"href":"https:\/\/oxcollagen.lt\/es\/wp-json\/wp\/v2\/pages\/331","targetHints":{"allow":["GET"]}}],"collection":[{"href":"https:\/\/oxcollagen.lt\/es\/wp-json\/wp\/v2\/pages"}],"about":[{"href":"https:\/\/oxcollagen.lt\/es\/wp-json\/wp\/v2\/types\/page"}],"author":[{"embeddable":true,"href":"https:\/\/oxcollagen.lt\/es\/wp-json\/wp\/v2\/users\/3"}],"replies":[{"embeddable":true,"href":"https:\/\/oxcollagen.lt\/es\/wp-json\/wp\/v2\/comments?post=331"}],"version-history":[{"count":0,"href":"https:\/\/oxcollagen.lt\/es\/wp-json\/wp\/v2\/pages\/331\/revisions"}],"wp:attachment":[{"href":"https:\/\/oxcollagen.lt\/es\/wp-json\/wp\/v2\/media?parent=331"}],"curies":[{"name":"wp","href":"https:\/\/api.w.org\/{rel}","templated":true}]}}