{"id":21692,"date":"2023-03-30T10:19:48","date_gmt":"2023-03-30T10:19:48","guid":{"rendered":"https:\/\/oxcollagen.lt?post_type=product&#038;p=21692"},"modified":"2025-05-25T19:09:02","modified_gmt":"2025-05-25T16:09:02","slug":"barrita-de-proteinas-postre","status":"publish","type":"product","link":"https:\/\/oxcollagen.lt\/es\/producto\/barrita-de-proteinas-postre\/","title":{"rendered":"Caja de barritas de prote\u00ednas 4 uds."},"content":{"rendered":"<div data-elementor-type=\"wp-post\" data-elementor-id=\"21692\" class=\"elementor elementor-21692\">\n\t\t\t\t\t\t<section class=\"elementor-section elementor-top-section elementor-element elementor-element-cfbad28 elementor-section-full_width elementor-section-gap-beside-no elementor-section-height-default elementor-section-height-default elementor-section-column-vertical-align-stretch\" data-id=\"cfbad28\" data-element_type=\"section\" data-e-type=\"section\">\n\t\t\t\t\t\t<div class=\"elementor-container elementor-column-gap-extended\">\n\t\t\t\t\t<div class=\"elementor-column elementor-col-100 elementor-top-column elementor-element elementor-element-3fb69c9\" data-id=\"3fb69c9\" data-element_type=\"column\" data-e-type=\"column\">\n\t\t\t<div class=\"elementor-widget-wrap elementor-element-populated\">\n\t\t\t\t\t\t<div class=\"elementor-element elementor-element-6dfcdd3 elementor-widget elementor-widget-tm-heading\" data-id=\"6dfcdd3\" data-element_type=\"widget\" data-e-type=\"widget\" data-widget_type=\"tm-heading.default\">\n\t\t\t\t<div class=\"elementor-widget-container\">\n\t\t\t\t\t\t\t<div class=\"tm-modern-heading tm-modern-heading--style-01 tm-modern-heading--highlight-style-01\">\n\t\t\t\n\t\t\t\t\t<div class=\"heading-primary-wrap\">\n\t\t\t<h4 class=\"heading-primary elementor-heading-title\">Caja de Navidad 4 uds.<\/h4>\t\t<\/div>\n\t\t\n\t\t\t\n\t\t\t\t\t<\/div>\n\t\t\t\t\t\t<\/div>\n\t\t\t\t<\/div>\n\t\t\t\t<div class=\"elementor-element elementor-element-79091c5 elementor-widget elementor-widget-text-editor\" data-id=\"79091c5\" data-element_type=\"widget\" data-e-type=\"widget\" data-widget_type=\"text-editor.default\">\n\t\t\t\t<div class=\"elementor-widget-container\">\n\t\t\t\t\t\t\t\t\t<p>Con esta caja, podr\u00e1 degustar los cuatro sabores de barritas o elegir los tipos que prefiera. Puede ser el regalo perfecto para quienes aprecian la m\u00e1xima calidad.<\/p><p>*No olvide indicar en la nota de pedido si desea cambiar los tipos de barras.<\/p>\t\t\t\t\t\t\t\t<\/div>\n\t\t\t\t<\/div>\n\t\t\t\t<section class=\"elementor-section elementor-inner-section elementor-element elementor-element-9a09f51 elementor-section-gap-beside-no elementor-section-full_width elementor-section-height-default elementor-section-height-default elementor-section-column-vertical-align-stretch\" data-id=\"9a09f51\" data-element_type=\"section\" data-e-type=\"section\">\n\t\t\t\t\t\t<div class=\"elementor-container elementor-column-gap-extended\">\n\t\t\t\t\t<div class=\"elementor-column elementor-col-33 elementor-inner-column elementor-element elementor-element-1d5057f\" data-id=\"1d5057f\" data-element_type=\"column\" data-e-type=\"column\">\n\t\t\t<div class=\"elementor-widget-wrap elementor-element-populated\">\n\t\t\t\t\t\t<div class=\"elementor-element elementor-element-80d3c80 elementor-widget elementor-widget-tm-heading\" data-id=\"80d3c80\" data-element_type=\"widget\" data-e-type=\"widget\" data-widget_type=\"tm-heading.default\">\n\t\t\t\t<div class=\"elementor-widget-container\">\n\t\t\t\t\t\t\t<div class=\"tm-modern-heading tm-modern-heading--style-01 tm-modern-heading--highlight-style-01\">\n\t\t\t\n\t\t\t\n\t\t\t\n\t\t\t\t\t<\/div>\n\t\t\t\t\t\t<\/div>\n\t\t\t\t<\/div>\n\t\t\t\t<div class=\"elementor-element elementor-element-f30c8ad minimog-list-style-circle minimog-list-layout-block elementor-widget elementor-widget-tm-list\" data-id=\"f30c8ad\" data-element_type=\"widget\" data-e-type=\"widget\" data-widget_type=\"tm-list.default\">\n\t\t\t\t<div class=\"elementor-widget-container\">\n\t\t\t\t\t\t\t<div class=\"minimog-list\">\n\t\t\t\t\t\t\t\t<div class=\"item\">\n\n\t\t\t\t\t\t<div class=\"link\">\t\t\t\t\t\t\n\t\t\t\t\t\t\t\t\t\t\t\t\t\t\t\t\t\t\t\n\t\t\t\t\t\t\t\t\t\t\t\t\t<div class=\"text\">\n\t\t\t\t\t\t\t\t\t\t\t\t\t\t\t<\/div>\n\t\t\t\t\t\t\t\t\t\t\t\t<\/div>\n\t\t\t\t\t<\/div>\n\t\t\t\t\t\t\t<\/div>\n\t\t\t\t\t\t<\/div>\n\t\t\t\t<\/div>\n\t\t\t\t<div class=\"elementor-element elementor-element-3573588 elementor-widget elementor-widget-spacer\" data-id=\"3573588\" data-element_type=\"widget\" data-e-type=\"widget\" data-widget_type=\"spacer.default\">\n\t\t\t\t<div class=\"elementor-widget-container\">\n\t\t\t\t\t\t\t<div class=\"elementor-spacer\">\n\t\t\t<div class=\"elementor-spacer-inner\"><\/div>\n\t\t<\/div>\n\t\t\t\t\t\t<\/div>\n\t\t\t\t<\/div>\n\t\t\t\t\t<\/div>\n\t\t<\/div>\n\t\t\t\t<div class=\"elementor-column elementor-col-33 elementor-inner-column elementor-element elementor-element-86343a8\" data-id=\"86343a8\" data-element_type=\"column\" data-e-type=\"column\">\n\t\t\t<div class=\"elementor-widget-wrap elementor-element-populated\">\n\t\t\t\t\t\t<div class=\"elementor-element elementor-element-106e774 elementor-widget elementor-widget-tm-heading\" data-id=\"106e774\" data-element_type=\"widget\" data-e-type=\"widget\" data-widget_type=\"tm-heading.default\">\n\t\t\t\t<div class=\"elementor-widget-container\">\n\t\t\t\t\t\t\t<div class=\"tm-modern-heading tm-modern-heading--style-01 tm-modern-heading--highlight-style-01\">\n\t\t\t\n\t\t\t\t\t<div class=\"heading-primary-wrap\">\n\t\t\t<h6 class=\"heading-primary elementor-heading-title\">Informaci\u00f3n<\/h6>\t\t<\/div>\n\t\t\n\t\t\t\n\t\t\t\t\t<\/div>\n\t\t\t\t\t\t<\/div>\n\t\t\t\t<\/div>\n\t\t\t\t<div class=\"elementor-element elementor-element-fb9174d minimog-list-style-circle minimog-list-layout-block elementor-widget elementor-widget-tm-list\" data-id=\"fb9174d\" data-element_type=\"widget\" data-e-type=\"widget\" data-widget_type=\"tm-list.default\">\n\t\t\t\t<div class=\"elementor-widget-container\">\n\t\t\t\t\t\t\t<div class=\"minimog-list\">\n\t\t\t\t\t\t\t\t<div class=\"item\">\n\n\t\t\t\t\t\t<div class=\"link\">\t\t\t\t\t\t\n\t\t\t\t\t\t\t\t\t\t\t\t\t\t\t\t\t\t\t\n\t\t\t\t\t\t\t\t\t\t\t\t\t<div class=\"text\">\n\t\t\t\t\t\t\t\tsin gluten\t\t\t\t\t\t\t<\/div>\n\t\t\t\t\t\t\t\t\t\t\t\t<\/div>\n\t\t\t\t\t<\/div>\n\t\t\t\t\t\t\t\t\t\t<div class=\"item\">\n\n\t\t\t\t\t\t<div class=\"link\">\t\t\t\t\t\t\n\t\t\t\t\t\t\t\t\t\t\t\t\t\t\t\t\t\t\t\n\t\t\t\t\t\t\t\t\t\t\t\t\t<div class=\"text\">\n\t\t\t\t\t\t\t\tsin az\u00facar a\u00f1adido\t\t\t\t\t\t\t<\/div>\n\t\t\t\t\t\t\t\t\t\t\t\t<\/div>\n\t\t\t\t\t<\/div>\n\t\t\t\t\t\t\t\t\t\t<div class=\"item\">\n\n\t\t\t\t\t\t<div class=\"link\">\t\t\t\t\t\t\n\t\t\t\t\t\t\t\t\t\t\t\t\t\t\t\t\t\t\t\n\t\t\t\t\t\t\t\t\t\t\t\t\t<div class=\"text\">\n\t\t\t\t\t\t\t\tsin OMG\t\t\t\t\t\t\t<\/div>\n\t\t\t\t\t\t\t\t\t\t\t\t<\/div>\n\t\t\t\t\t<\/div>\n\t\t\t\t\t\t\t\t\t\t<div class=\"item\">\n\n\t\t\t\t\t\t<div class=\"link\">\t\t\t\t\t\t\n\t\t\t\t\t\t\t\t\t\t\t\t\t\t\t\t\t\t\t\n\t\t\t\t\t\t\t\t\t\t\t\t\t<div class=\"text\">\n\t\t\t\t\t\t\t\tsin lactosa\t\t\t\t\t\t\t<\/div>\n\t\t\t\t\t\t\t\t\t\t\t\t<\/div>\n\t\t\t\t\t<\/div>\n\t\t\t\t\t\t\t\t\t\t<div class=\"item\">\n\n\t\t\t\t\t\t<div class=\"link\">\t\t\t\t\t\t\n\t\t\t\t\t\t\t\t\t\t\t\t\t\t\t\t\t\t\t\n\t\t\t\t\t\t\t\t\t\t\t\t\t<div class=\"text\">\n\t\t\t\t\t\t\t\t10 g. de col\u00e1geno\t\t\t\t\t\t\t<\/div>\n\t\t\t\t\t\t\t\t\t\t\t\t<\/div>\n\t\t\t\t\t<\/div>\n\t\t\t\t\t\t\t\t\t\t<div class=\"item\">\n\n\t\t\t\t\t\t<div class=\"link\">\t\t\t\t\t\t\n\t\t\t\t\t\t\t\t\t\t\t\t\t\t\t\t\t\t\t\n\t\t\t\t\t\t\t\t\t\t\t\t\t<div class=\"text\">\n\t\t\t\t\t\t\t\tpeso de la barra 52 g.\t\t\t\t\t\t\t<\/div>\n\t\t\t\t\t\t\t\t\t\t\t\t<\/div>\n\t\t\t\t\t<\/div>\n\t\t\t\t\t\t\t<\/div>\n\t\t\t\t\t\t<\/div>\n\t\t\t\t<\/div>\n\t\t\t\t<div class=\"elementor-element elementor-element-6589311 elementor-widget elementor-widget-spacer\" data-id=\"6589311\" data-element_type=\"widget\" data-e-type=\"widget\" data-widget_type=\"spacer.default\">\n\t\t\t\t<div class=\"elementor-widget-container\">\n\t\t\t\t\t\t\t<div class=\"elementor-spacer\">\n\t\t\t<div class=\"elementor-spacer-inner\"><\/div>\n\t\t<\/div>\n\t\t\t\t\t\t<\/div>\n\t\t\t\t<\/div>\n\t\t\t\t\t<\/div>\n\t\t<\/div>\n\t\t\t\t<div class=\"elementor-column elementor-col-33 elementor-inner-column elementor-element elementor-element-1f6fad0\" data-id=\"1f6fad0\" data-element_type=\"column\" data-e-type=\"column\">\n\t\t\t<div class=\"elementor-widget-wrap elementor-element-populated\">\n\t\t\t\t\t\t<div class=\"elementor-element elementor-element-06dd2ef elementor-widget elementor-widget-tm-heading\" data-id=\"06dd2ef\" data-element_type=\"widget\" data-e-type=\"widget\" data-widget_type=\"tm-heading.default\">\n\t\t\t\t<div class=\"elementor-widget-container\">\n\t\t\t\t\t\t\t<div class=\"tm-modern-heading tm-modern-heading--style-01 tm-modern-heading--highlight-style-01\">\n\t\t\t\n\t\t\t\n\t\t\t\n\t\t\t\t\t<\/div>\n\t\t\t\t\t\t<\/div>\n\t\t\t\t<\/div>\n\t\t\t\t<div class=\"elementor-element elementor-element-0b160a2 elementor-widget elementor-widget-spacer\" data-id=\"0b160a2\" data-element_type=\"widget\" data-e-type=\"widget\" data-widget_type=\"spacer.default\">\n\t\t\t\t<div class=\"elementor-widget-container\">\n\t\t\t\t\t\t\t<div class=\"elementor-spacer\">\n\t\t\t<div class=\"elementor-spacer-inner\"><\/div>\n\t\t<\/div>\n\t\t\t\t\t\t<\/div>\n\t\t\t\t<\/div>\n\t\t\t\t\t<\/div>\n\t\t<\/div>\n\t\t\t\t\t<\/div>\n\t\t<\/section>\n\t\t\t\t\t<\/div>\n\t\t<\/div>\n\t\t\t\t\t<\/div>\n\t\t<\/section>\n\t\t\t\t<\/div>","protected":false},"excerpt":{"rendered":"<p>Con esta caja, podr\u00e1 degustar todos los sabores, o elegir los tipos que desee. Puede ser un regalo estupendo para quienes aprecian la calidad. Recuerde anotar en la nota de pedido si desea cambiar los sabores de las barritas.<\/p>","protected":false},"featured_media":21694,"comment_status":"open","ping_status":"closed","template":"","meta":[],"product_brand":[],"product_cat":[109],"product_tag":[],"class_list":{"0":"post-21692","1":"product","2":"type-product","3":"status-publish","4":"has-post-thumbnail","6":"product_cat-dovanu-dezutes","8":"first","9":"instock","10":"taxable","11":"shipping-taxable","12":"purchasable","13":"product-type-variable"},"yoast_head":"<!-- This site is optimized with the Yoast SEO plugin v27.3 - https:\/\/yoast.com\/product\/yoast-seo-wordpress\/ -->\n<title>Baltymini\u0173 baton\u0117li\u0173 d\u0117\u017eut\u0117 4 vnt. - Ox collagen<\/title>\n<meta name=\"robots\" content=\"index, follow, max-snippet:-1, max-image-preview:large, max-video-preview:-1\" \/>\n<link rel=\"canonical\" href=\"https:\/\/oxcollagen.lt\/es\/producto\/barrita-de-proteinas-postre\/\" \/>\n<meta property=\"og:locale\" content=\"es_ES\" \/>\n<meta property=\"og:type\" content=\"article\" \/>\n<meta property=\"og:title\" content=\"Baltymini\u0173 baton\u0117li\u0173 d\u0117\u017eut\u0117 4 vnt. - Ox collagen\" \/>\n<meta property=\"og:description\" content=\"\u012esigyj\u0119 \u0161i\u0105 d\u0117\u017eut\u0119 gal\u0117site paragauti vis\u0173 skoni\u0173 arba galite pasirinkti r\u016b\u0161is, kuri\u0173 pageidaujate. Tai gali b\u016bti puiki dovana vertinantiems kokyb\u0119. Nepamir\u0161kite u\u017esakymo pastaboje pa\u017eym\u0117ti, jei nor\u0117site pakeisti baton\u0117li\u0173 skoni\u0173 r\u016b\u0161is.\" \/>\n<meta property=\"og:url\" content=\"https:\/\/oxcollagen.lt\/es\/producto\/barrita-de-proteinas-postre\/\" \/>\n<meta property=\"og:site_name\" content=\"Ox collagen\" \/>\n<meta property=\"article:publisher\" content=\"https:\/\/www.facebook.com\/oxcollagen\/\" \/>\n<meta property=\"article:modified_time\" content=\"2025-05-25T16:09:02+00:00\" \/>\n<meta property=\"og:image\" content=\"https:\/\/oxcollagen.lt\/wp-content\/uploads\/2023\/03\/DSC089581-1024x683.jpg\" \/>\n\t<meta property=\"og:image:width\" content=\"1024\" \/>\n\t<meta property=\"og:image:height\" content=\"683\" \/>\n\t<meta property=\"og:image:type\" content=\"image\/jpeg\" \/>\n<meta name=\"twitter:card\" content=\"summary_large_image\" \/>\n<script type=\"application\/ld+json\" class=\"yoast-schema-graph\">{\"@context\":\"https:\\\/\\\/schema.org\",\"@graph\":[{\"@type\":\"WebPage\",\"@id\":\"https:\\\/\\\/oxcollagen.lt\\\/pl\\\/produkt\\\/baltyminiu-batoneliu-dezute\\\/\",\"url\":\"https:\\\/\\\/oxcollagen.lt\\\/pl\\\/produkt\\\/baltyminiu-batoneliu-dezute\\\/\",\"name\":\"Baltymini\u0173 baton\u0117li\u0173 d\u0117\u017eut\u0117 4 vnt. - Ox collagen\",\"isPartOf\":{\"@id\":\"https:\\\/\\\/oxcollagen.lt\\\/#website\"},\"primaryImageOfPage\":{\"@id\":\"https:\\\/\\\/oxcollagen.lt\\\/pl\\\/produkt\\\/baltyminiu-batoneliu-dezute\\\/#primaryimage\"},\"image\":{\"@id\":\"https:\\\/\\\/oxcollagen.lt\\\/pl\\\/produkt\\\/baltyminiu-batoneliu-dezute\\\/#primaryimage\"},\"thumbnailUrl\":\"https:\\\/\\\/oxcollagen.lt\\\/wp-content\\\/uploads\\\/2023\\\/03\\\/DSC089581.jpg\",\"datePublished\":\"2023-03-30T10:19:48+00:00\",\"dateModified\":\"2025-05-25T16:09:02+00:00\",\"breadcrumb\":{\"@id\":\"https:\\\/\\\/oxcollagen.lt\\\/pl\\\/produkt\\\/baltyminiu-batoneliu-dezute\\\/#breadcrumb\"},\"inLanguage\":\"es\",\"potentialAction\":[{\"@type\":\"ReadAction\",\"target\":[\"https:\\\/\\\/oxcollagen.lt\\\/pl\\\/produkt\\\/baltyminiu-batoneliu-dezute\\\/\"]}]},{\"@type\":\"ImageObject\",\"inLanguage\":\"es\",\"@id\":\"https:\\\/\\\/oxcollagen.lt\\\/pl\\\/produkt\\\/baltyminiu-batoneliu-dezute\\\/#primaryimage\",\"url\":\"https:\\\/\\\/oxcollagen.lt\\\/wp-content\\\/uploads\\\/2023\\\/03\\\/DSC089581.jpg\",\"contentUrl\":\"https:\\\/\\\/oxcollagen.lt\\\/wp-content\\\/uploads\\\/2023\\\/03\\\/DSC089581.jpg\",\"width\":6000,\"height\":4000},{\"@type\":\"BreadcrumbList\",\"@id\":\"https:\\\/\\\/oxcollagen.lt\\\/pl\\\/produkt\\\/baltyminiu-batoneliu-dezute\\\/#breadcrumb\",\"itemListElement\":[{\"@type\":\"ListItem\",\"position\":1,\"name\":\"Home\",\"item\":\"https:\\\/\\\/oxcollagen.lt\\\/\"},{\"@type\":\"ListItem\",\"position\":2,\"name\":\"Produktai\",\"item\":\"https:\\\/\\\/oxcollagen.lt\\\/produktai\\\/\"},{\"@type\":\"ListItem\",\"position\":3,\"name\":\"Baltymini\u0173 baton\u0117li\u0173 d\u0117\u017eut\u0117 4 vnt.\"}]},{\"@type\":\"WebSite\",\"@id\":\"https:\\\/\\\/oxcollagen.lt\\\/#website\",\"url\":\"https:\\\/\\\/oxcollagen.lt\\\/\",\"name\":\"Ox collagen\",\"description\":\"Nat\u016bral\u016bs baton\u0117liai su kolageno baltymais\",\"publisher\":{\"@id\":\"https:\\\/\\\/oxcollagen.lt\\\/#organization\"},\"potentialAction\":[{\"@type\":\"SearchAction\",\"target\":{\"@type\":\"EntryPoint\",\"urlTemplate\":\"https:\\\/\\\/oxcollagen.lt\\\/?s={search_term_string}\"},\"query-input\":{\"@type\":\"PropertyValueSpecification\",\"valueRequired\":true,\"valueName\":\"search_term_string\"}}],\"inLanguage\":\"es\"},{\"@type\":\"Organization\",\"@id\":\"https:\\\/\\\/oxcollagen.lt\\\/#organization\",\"name\":\"Ox collagen\",\"url\":\"https:\\\/\\\/oxcollagen.lt\\\/\",\"logo\":{\"@type\":\"ImageObject\",\"inLanguage\":\"es\",\"@id\":\"https:\\\/\\\/oxcollagen.lt\\\/#\\\/schema\\\/logo\\\/image\\\/\",\"url\":\"https:\\\/\\\/oxcollagen.lt\\\/wp-content\\\/uploads\\\/2024\\\/04\\\/oxcollagen.lt_.png\",\"contentUrl\":\"https:\\\/\\\/oxcollagen.lt\\\/wp-content\\\/uploads\\\/2024\\\/04\\\/oxcollagen.lt_.png\",\"width\":696,\"height\":696,\"caption\":\"Ox collagen\"},\"image\":{\"@id\":\"https:\\\/\\\/oxcollagen.lt\\\/#\\\/schema\\\/logo\\\/image\\\/\"},\"sameAs\":[\"https:\\\/\\\/www.facebook.com\\\/oxcollagen\\\/\"]}]}<\/script>\n<!-- \/ Yoast SEO plugin. -->","yoast_head_json":{"title":"Caja de barritas prote\u00ednicas 4 uds - Col\u00e1geno de buey","robots":{"index":"index","follow":"follow","max-snippet":"max-snippet:-1","max-image-preview":"max-image-preview:large","max-video-preview":"max-video-preview:-1"},"canonical":"https:\/\/oxcollagen.lt\/es\/producto\/barrita-de-proteinas-postre\/","og_locale":"es_ES","og_type":"article","og_title":"Baltymini\u0173 baton\u0117li\u0173 d\u0117\u017eut\u0117 4 vnt. - Ox collagen","og_description":"\u012esigyj\u0119 \u0161i\u0105 d\u0117\u017eut\u0119 gal\u0117site paragauti vis\u0173 skoni\u0173 arba galite pasirinkti r\u016b\u0161is, kuri\u0173 pageidaujate. Tai gali b\u016bti puiki dovana vertinantiems kokyb\u0119. Nepamir\u0161kite u\u017esakymo pastaboje pa\u017eym\u0117ti, jei nor\u0117site pakeisti baton\u0117li\u0173 skoni\u0173 r\u016b\u0161is.","og_url":"https:\/\/oxcollagen.lt\/es\/producto\/barrita-de-proteinas-postre\/","og_site_name":"Ox collagen","article_publisher":"https:\/\/www.facebook.com\/oxcollagen\/","article_modified_time":"2025-05-25T16:09:02+00:00","og_image":[{"width":1024,"height":683,"url":"https:\/\/oxcollagen.lt\/wp-content\/uploads\/2023\/03\/DSC089581-1024x683.jpg","type":"image\/jpeg"}],"twitter_card":"summary_large_image","schema":{"@context":"https:\/\/schema.org","@graph":[{"@type":"WebPage","@id":"https:\/\/oxcollagen.lt\/pl\/produkt\/baltyminiu-batoneliu-dezute\/","url":"https:\/\/oxcollagen.lt\/pl\/produkt\/baltyminiu-batoneliu-dezute\/","name":"Caja de barritas prote\u00ednicas 4 uds - Col\u00e1geno de buey","isPartOf":{"@id":"https:\/\/oxcollagen.lt\/#website"},"primaryImageOfPage":{"@id":"https:\/\/oxcollagen.lt\/pl\/produkt\/baltyminiu-batoneliu-dezute\/#primaryimage"},"image":{"@id":"https:\/\/oxcollagen.lt\/pl\/produkt\/baltyminiu-batoneliu-dezute\/#primaryimage"},"thumbnailUrl":"https:\/\/oxcollagen.lt\/wp-content\/uploads\/2023\/03\/DSC089581.jpg","datePublished":"2023-03-30T10:19:48+00:00","dateModified":"2025-05-25T16:09:02+00:00","breadcrumb":{"@id":"https:\/\/oxcollagen.lt\/pl\/produkt\/baltyminiu-batoneliu-dezute\/#breadcrumb"},"inLanguage":"es","potentialAction":[{"@type":"ReadAction","target":["https:\/\/oxcollagen.lt\/pl\/produkt\/baltyminiu-batoneliu-dezute\/"]}]},{"@type":"ImageObject","inLanguage":"es","@id":"https:\/\/oxcollagen.lt\/pl\/produkt\/baltyminiu-batoneliu-dezute\/#primaryimage","url":"https:\/\/oxcollagen.lt\/wp-content\/uploads\/2023\/03\/DSC089581.jpg","contentUrl":"https:\/\/oxcollagen.lt\/wp-content\/uploads\/2023\/03\/DSC089581.jpg","width":6000,"height":4000},{"@type":"BreadcrumbList","@id":"https:\/\/oxcollagen.lt\/pl\/produkt\/baltyminiu-batoneliu-dezute\/#breadcrumb","itemListElement":[{"@type":"ListItem","position":1,"name":"Home","item":"https:\/\/oxcollagen.lt\/"},{"@type":"ListItem","position":2,"name":"Produktai","item":"https:\/\/oxcollagen.lt\/produktai\/"},{"@type":"ListItem","position":3,"name":"Baltymini\u0173 baton\u0117li\u0173 d\u0117\u017eut\u0117 4 vnt."}]},{"@type":"WebSite","@id":"https:\/\/oxcollagen.lt\/#website","url":"https:\/\/oxcollagen.lt\/","name":"Col\u00e1geno de buey","description":"Barritas naturales con prote\u00ednas de col\u00e1geno","publisher":{"@id":"https:\/\/oxcollagen.lt\/#organization"},"potentialAction":[{"@type":"SearchAction","target":{"@type":"EntryPoint","urlTemplate":"https:\/\/oxcollagen.lt\/?s={search_term_string}"},"query-input":{"@type":"PropertyValueSpecification","valueRequired":true,"valueName":"search_term_string"}}],"inLanguage":"es"},{"@type":"Organization","@id":"https:\/\/oxcollagen.lt\/#organization","name":"Col\u00e1geno de buey","url":"https:\/\/oxcollagen.lt\/","logo":{"@type":"ImageObject","inLanguage":"es","@id":"https:\/\/oxcollagen.lt\/#\/schema\/logo\/image\/","url":"https:\/\/oxcollagen.lt\/wp-content\/uploads\/2024\/04\/oxcollagen.lt_.png","contentUrl":"https:\/\/oxcollagen.lt\/wp-content\/uploads\/2024\/04\/oxcollagen.lt_.png","width":696,"height":696,"caption":"Ox collagen"},"image":{"@id":"https:\/\/oxcollagen.lt\/#\/schema\/logo\/image\/"},"sameAs":["https:\/\/www.facebook.com\/oxcollagen\/"]}]}},"_links":{"self":[{"href":"https:\/\/oxcollagen.lt\/es\/wp-json\/wp\/v2\/product\/21692","targetHints":{"allow":["GET"]}}],"collection":[{"href":"https:\/\/oxcollagen.lt\/es\/wp-json\/wp\/v2\/product"}],"about":[{"href":"https:\/\/oxcollagen.lt\/es\/wp-json\/wp\/v2\/types\/product"}],"replies":[{"embeddable":true,"href":"https:\/\/oxcollagen.lt\/es\/wp-json\/wp\/v2\/comments?post=21692"}],"version-history":[{"count":0,"href":"https:\/\/oxcollagen.lt\/es\/wp-json\/wp\/v2\/product\/21692\/revisions"}],"wp:featuredmedia":[{"embeddable":true,"href":"https:\/\/oxcollagen.lt\/es\/wp-json\/wp\/v2\/media\/21694"}],"wp:attachment":[{"href":"https:\/\/oxcollagen.lt\/es\/wp-json\/wp\/v2\/media?parent=21692"}],"wp:term":[{"taxonomy":"product_brand","embeddable":true,"href":"https:\/\/oxcollagen.lt\/es\/wp-json\/wp\/v2\/product_brand?post=21692"},{"taxonomy":"product_cat","embeddable":true,"href":"https:\/\/oxcollagen.lt\/es\/wp-json\/wp\/v2\/product_cat?post=21692"},{"taxonomy":"product_tag","embeddable":true,"href":"https:\/\/oxcollagen.lt\/es\/wp-json\/wp\/v2\/product_tag?post=21692"}],"curies":[{"name":"wp","href":"https:\/\/api.w.org\/{rel}","templated":true}]}}