{"id":21742,"date":"2023-04-13T07:26:37","date_gmt":"2023-04-13T07:26:37","guid":{"rendered":"https:\/\/oxcollagen.lt?page_id=21742"},"modified":"2024-07-11T17:51:32","modified_gmt":"2024-07-11T14:51:32","slug":"conditions-de-livraison","status":"publish","type":"page","link":"https:\/\/oxcollagen.lt\/fr\/conditions-de-livraison\/","title":{"rendered":"Conditions de livraison"},"content":{"rendered":"<p>Les marchandises achet\u00e9es sur https:\/\/oxcollagen.lt sont normalement pr\u00e9par\u00e9es et livr\u00e9es dans les 2 \u00e0 5 jours ouvrables suivant la r\u00e9ception du paiement, sauf indication contraire sur l'article.<\/p>\n\n\n\n<p>Livraison dans les autres pays europ\u00e9ens<\/p>\n\n\n\n<p>La livraison dans les autres pays de l'UE se fait par courrier recommand\u00e9 de la poste lituanienne. Les prix sont conformes aux tarifs de la poste lituanienne en fonction du poids.<\/p>\n\n\n\n<p>\u00c9tat de l'envoi<\/p>\n\n\n\n<p>Lorsque vous recevez votre colis, v\u00e9rifiez imm\u00e9diatement si les marchandises et leur emballage ne sont pas endommag\u00e9s. Si vous constatez des dommages sur le colis, notez-les en pr\u00e9sence du coursier (si le colis est livr\u00e9 par coursier) ou refusez d'accepter le colis. L'acceptation de l'envoi et la signature du connaissement sans commentaires seront consid\u00e9r\u00e9es comme une livraison en bonne et due forme et peuvent rendre plus difficile le traitement d'\u00e9ventuelles r\u00e9clamations pour des dommages externes aux marchandises.<\/p>","protected":false},"excerpt":{"rendered":"<p>Les marchandises achet\u00e9es sur https:\/\/oxcollagen.lt sont normalement pr\u00e9par\u00e9es et livr\u00e9es dans les 2 \u00e0 5 jours ouvrables suivant la r\u00e9ception du paiement, sauf indication contraire sur l'article. Livraison dans d'autres pays europ\u00e9ens La livraison dans d'autres pays de l'Union europ\u00e9enne se fait par courrier recommand\u00e9 de la poste lituanienne. Les prix sont conformes aux tarifs de la poste lituanienne en fonction du poids. \u00c9tat du colis \u00c0 la r\u00e9ception du colis, v\u00e9rifiez imm\u00e9diatement si les marchandises et leur emballage ne sont pas endommag\u00e9s. Si vous constatez des dommages sur le colis, notez-les en pr\u00e9sence du coursier (si le colis est livr\u00e9 par coursier) ou refusez le colis. L'acceptation de l'envoi et la signature du connaissement sans commentaires seront consid\u00e9r\u00e9es comme une livraison en bonne et due forme et peuvent rendre plus difficile le traitement d'\u00e9ventuelles r\u00e9clamations pour des dommages externes aux marchandises.<\/p>","protected":false},"author":3,"featured_media":0,"parent":0,"menu_order":0,"comment_status":"closed","ping_status":"closed","template":"","meta":{"footnotes":""},"class_list":["post-21742","page","type-page","status-publish","hentry","post-no-thumbnail"],"yoast_head":"<!-- This site is optimized with the Yoast SEO plugin v27.3 - https:\/\/yoast.com\/product\/yoast-seo-wordpress\/ -->\n<title>Pristatymo s\u0105lygos - Ox collagen<\/title>\n<meta name=\"robots\" content=\"index, follow, max-snippet:-1, max-image-preview:large, max-video-preview:-1\" \/>\n<link rel=\"canonical\" href=\"https:\/\/oxcollagen.lt\/fr\/conditions-de-livraison\/\" \/>\n<meta property=\"og:locale\" content=\"fr_FR\" \/>\n<meta property=\"og:type\" content=\"article\" \/>\n<meta property=\"og:title\" content=\"Pristatymo s\u0105lygos - Ox collagen\" \/>\n<meta property=\"og:description\" content=\"https:\/\/oxcollagen.lt \u012fsigytos prek\u0117s \u012fprastai suruo\u0161iamos ir pristatomos per 2-5 darbo dienas, po gauto apmok\u0117jimo, jeigu prie prek\u0117s nepa\u017eym\u0117ta kitaip. Pristatymas \u012f kitas Europos \u0161alis Pristatymas kitose Europos s\u0105jungos \u0161alyse \u2013 registruota Lietuvos pa\u0161to siunta. Kainos \u2013 pagal Lietuvos pa\u0161to \u012fkainius pagal svor\u012f. Siuntos b\u016bkl\u0117 Gav\u0119 siuntin\u012f i\u0161kart patikrinkite ar prek\u0117, jos pakuot\u0117 n\u0117ra pa\u017eeista. Pasteb\u0117jus siuntos pa\u017eeidim\u0105, dalyvaujant kurjeriui (jei siunta pristatoma per kurjer\u012f) sura\u0161ykite pastabas apie siuntos pa\u017eeidimus arba atsisakykite priimti siunt\u0105. Pri\u0117mus siunt\u0105 ir pasira\u0161ius va\u017etara\u0161t\u012f be pastab\u0173, laikoma, kad siunta pristatyta tinkamai ir tai gali apsunkinti bet koki\u0173 pretenzij\u0173 d\u0117l prek\u0117s i\u0161orini\u0173 pa\u017eeidim\u0173 nagrin\u0117jim\u0105.\" \/>\n<meta property=\"og:url\" content=\"https:\/\/oxcollagen.lt\/fr\/conditions-de-livraison\/\" \/>\n<meta property=\"og:site_name\" content=\"Ox collagen\" \/>\n<meta property=\"article:publisher\" content=\"https:\/\/www.facebook.com\/oxcollagen\/\" \/>\n<meta property=\"article:modified_time\" content=\"2024-07-11T14:51:32+00:00\" \/>\n<meta property=\"og:image\" content=\"https:\/\/oxcollagen.lt\/wp-content\/uploads\/2024\/04\/logo_oxcollagen.lt_.png\" \/>\n\t<meta property=\"og:image:width\" content=\"1200\" \/>\n\t<meta property=\"og:image:height\" content=\"675\" \/>\n\t<meta property=\"og:image:type\" content=\"image\/png\" \/>\n<meta name=\"twitter:card\" content=\"summary_large_image\" \/>\n<meta name=\"twitter:label1\" content=\"Dur\u00e9e de lecture estim\u00e9e\" \/>\n\t<meta name=\"twitter:data1\" content=\"1 minute\" \/>\n<script type=\"application\/ld+json\" class=\"yoast-schema-graph\">{\"@context\":\"https:\\\/\\\/schema.org\",\"@graph\":[{\"@type\":\"WebPage\",\"@id\":\"https:\\\/\\\/oxcollagen.lt\\\/pristatymo-salygos\\\/\",\"url\":\"https:\\\/\\\/oxcollagen.lt\\\/pristatymo-salygos\\\/\",\"name\":\"Pristatymo s\u0105lygos - Ox collagen\",\"isPartOf\":{\"@id\":\"https:\\\/\\\/oxcollagen.lt\\\/#website\"},\"datePublished\":\"2023-04-13T07:26:37+00:00\",\"dateModified\":\"2024-07-11T14:51:32+00:00\",\"breadcrumb\":{\"@id\":\"https:\\\/\\\/oxcollagen.lt\\\/pristatymo-salygos\\\/#breadcrumb\"},\"inLanguage\":\"fr-FR\",\"potentialAction\":[{\"@type\":\"ReadAction\",\"target\":[\"https:\\\/\\\/oxcollagen.lt\\\/pristatymo-salygos\\\/\"]}]},{\"@type\":\"BreadcrumbList\",\"@id\":\"https:\\\/\\\/oxcollagen.lt\\\/pristatymo-salygos\\\/#breadcrumb\",\"itemListElement\":[{\"@type\":\"ListItem\",\"position\":1,\"name\":\"Home\",\"item\":\"https:\\\/\\\/oxcollagen.lt\\\/\"},{\"@type\":\"ListItem\",\"position\":2,\"name\":\"Pristatymo s\u0105lygos\"}]},{\"@type\":\"WebSite\",\"@id\":\"https:\\\/\\\/oxcollagen.lt\\\/#website\",\"url\":\"https:\\\/\\\/oxcollagen.lt\\\/\",\"name\":\"Ox collagen\",\"description\":\"Nat\u016bral\u016bs baton\u0117liai su kolageno baltymais\",\"publisher\":{\"@id\":\"https:\\\/\\\/oxcollagen.lt\\\/#organization\"},\"potentialAction\":[{\"@type\":\"SearchAction\",\"target\":{\"@type\":\"EntryPoint\",\"urlTemplate\":\"https:\\\/\\\/oxcollagen.lt\\\/?s={search_term_string}\"},\"query-input\":{\"@type\":\"PropertyValueSpecification\",\"valueRequired\":true,\"valueName\":\"search_term_string\"}}],\"inLanguage\":\"fr-FR\"},{\"@type\":\"Organization\",\"@id\":\"https:\\\/\\\/oxcollagen.lt\\\/#organization\",\"name\":\"Ox collagen\",\"url\":\"https:\\\/\\\/oxcollagen.lt\\\/\",\"logo\":{\"@type\":\"ImageObject\",\"inLanguage\":\"fr-FR\",\"@id\":\"https:\\\/\\\/oxcollagen.lt\\\/#\\\/schema\\\/logo\\\/image\\\/\",\"url\":\"https:\\\/\\\/oxcollagen.lt\\\/wp-content\\\/uploads\\\/2024\\\/04\\\/oxcollagen.lt_.png\",\"contentUrl\":\"https:\\\/\\\/oxcollagen.lt\\\/wp-content\\\/uploads\\\/2024\\\/04\\\/oxcollagen.lt_.png\",\"width\":696,\"height\":696,\"caption\":\"Ox collagen\"},\"image\":{\"@id\":\"https:\\\/\\\/oxcollagen.lt\\\/#\\\/schema\\\/logo\\\/image\\\/\"},\"sameAs\":[\"https:\\\/\\\/www.facebook.com\\\/oxcollagen\\\/\"]}]}<\/script>\n<!-- \/ Yoast SEO plugin. -->","yoast_head_json":{"title":"Conditions de livraison - Ox collagen","robots":{"index":"index","follow":"follow","max-snippet":"max-snippet:-1","max-image-preview":"max-image-preview:large","max-video-preview":"max-video-preview:-1"},"canonical":"https:\/\/oxcollagen.lt\/fr\/conditions-de-livraison\/","og_locale":"fr_FR","og_type":"article","og_title":"Pristatymo s\u0105lygos - Ox collagen","og_description":"https:\/\/oxcollagen.lt \u012fsigytos prek\u0117s \u012fprastai suruo\u0161iamos ir pristatomos per 2-5 darbo dienas, po gauto apmok\u0117jimo, jeigu prie prek\u0117s nepa\u017eym\u0117ta kitaip. Pristatymas \u012f kitas Europos \u0161alis Pristatymas kitose Europos s\u0105jungos \u0161alyse \u2013 registruota Lietuvos pa\u0161to siunta. Kainos \u2013 pagal Lietuvos pa\u0161to \u012fkainius pagal svor\u012f. Siuntos b\u016bkl\u0117 Gav\u0119 siuntin\u012f i\u0161kart patikrinkite ar prek\u0117, jos pakuot\u0117 n\u0117ra pa\u017eeista. Pasteb\u0117jus siuntos pa\u017eeidim\u0105, dalyvaujant kurjeriui (jei siunta pristatoma per kurjer\u012f) sura\u0161ykite pastabas apie siuntos pa\u017eeidimus arba atsisakykite priimti siunt\u0105. Pri\u0117mus siunt\u0105 ir pasira\u0161ius va\u017etara\u0161t\u012f be pastab\u0173, laikoma, kad siunta pristatyta tinkamai ir tai gali apsunkinti bet koki\u0173 pretenzij\u0173 d\u0117l prek\u0117s i\u0161orini\u0173 pa\u017eeidim\u0173 nagrin\u0117jim\u0105.","og_url":"https:\/\/oxcollagen.lt\/fr\/conditions-de-livraison\/","og_site_name":"Ox collagen","article_publisher":"https:\/\/www.facebook.com\/oxcollagen\/","article_modified_time":"2024-07-11T14:51:32+00:00","og_image":[{"width":1200,"height":675,"url":"https:\/\/oxcollagen.lt\/wp-content\/uploads\/2024\/04\/logo_oxcollagen.lt_.png","type":"image\/png"}],"twitter_card":"summary_large_image","twitter_misc":{"Dur\u00e9e de lecture estim\u00e9e":"1 minute"},"schema":{"@context":"https:\/\/schema.org","@graph":[{"@type":"WebPage","@id":"https:\/\/oxcollagen.lt\/pristatymo-salygos\/","url":"https:\/\/oxcollagen.lt\/pristatymo-salygos\/","name":"Conditions de livraison - Ox collagen","isPartOf":{"@id":"https:\/\/oxcollagen.lt\/#website"},"datePublished":"2023-04-13T07:26:37+00:00","dateModified":"2024-07-11T14:51:32+00:00","breadcrumb":{"@id":"https:\/\/oxcollagen.lt\/pristatymo-salygos\/#breadcrumb"},"inLanguage":"fr-FR","potentialAction":[{"@type":"ReadAction","target":["https:\/\/oxcollagen.lt\/pristatymo-salygos\/"]}]},{"@type":"BreadcrumbList","@id":"https:\/\/oxcollagen.lt\/pristatymo-salygos\/#breadcrumb","itemListElement":[{"@type":"ListItem","position":1,"name":"Home","item":"https:\/\/oxcollagen.lt\/"},{"@type":"ListItem","position":2,"name":"Pristatymo s\u0105lygos"}]},{"@type":"WebSite","@id":"https:\/\/oxcollagen.lt\/#website","url":"https:\/\/oxcollagen.lt\/","name":"Collag\u00e8ne de b\u0153uf","description":"Barres naturelles avec prot\u00e9ines de collag\u00e8ne","publisher":{"@id":"https:\/\/oxcollagen.lt\/#organization"},"potentialAction":[{"@type":"SearchAction","target":{"@type":"EntryPoint","urlTemplate":"https:\/\/oxcollagen.lt\/?s={search_term_string}"},"query-input":{"@type":"PropertyValueSpecification","valueRequired":true,"valueName":"search_term_string"}}],"inLanguage":"fr-FR"},{"@type":"Organization","@id":"https:\/\/oxcollagen.lt\/#organization","name":"Collag\u00e8ne de b\u0153uf","url":"https:\/\/oxcollagen.lt\/","logo":{"@type":"ImageObject","inLanguage":"fr-FR","@id":"https:\/\/oxcollagen.lt\/#\/schema\/logo\/image\/","url":"https:\/\/oxcollagen.lt\/wp-content\/uploads\/2024\/04\/oxcollagen.lt_.png","contentUrl":"https:\/\/oxcollagen.lt\/wp-content\/uploads\/2024\/04\/oxcollagen.lt_.png","width":696,"height":696,"caption":"Ox collagen"},"image":{"@id":"https:\/\/oxcollagen.lt\/#\/schema\/logo\/image\/"},"sameAs":["https:\/\/www.facebook.com\/oxcollagen\/"]}]}},"_links":{"self":[{"href":"https:\/\/oxcollagen.lt\/fr\/wp-json\/wp\/v2\/pages\/21742","targetHints":{"allow":["GET"]}}],"collection":[{"href":"https:\/\/oxcollagen.lt\/fr\/wp-json\/wp\/v2\/pages"}],"about":[{"href":"https:\/\/oxcollagen.lt\/fr\/wp-json\/wp\/v2\/types\/page"}],"author":[{"embeddable":true,"href":"https:\/\/oxcollagen.lt\/fr\/wp-json\/wp\/v2\/users\/3"}],"replies":[{"embeddable":true,"href":"https:\/\/oxcollagen.lt\/fr\/wp-json\/wp\/v2\/comments?post=21742"}],"version-history":[{"count":1,"href":"https:\/\/oxcollagen.lt\/fr\/wp-json\/wp\/v2\/pages\/21742\/revisions"}],"predecessor-version":[{"id":22237,"href":"https:\/\/oxcollagen.lt\/fr\/wp-json\/wp\/v2\/pages\/21742\/revisions\/22237"}],"wp:attachment":[{"href":"https:\/\/oxcollagen.lt\/fr\/wp-json\/wp\/v2\/media?parent=21742"}],"curies":[{"name":"wp","href":"https:\/\/api.w.org\/{rel}","templated":true}]}}