{"id":331,"date":"2021-11-26T09:41:15","date_gmt":"2021-11-26T09:41:15","guid":{"rendered":"https:\/\/oxcollagen.lt?page_id=331"},"modified":"2024-04-27T17:12:35","modified_gmt":"2024-04-27T17:12:35","slug":"duk","status":"publish","type":"page","link":"https:\/\/oxcollagen.lt\/fr\/duk\/","title":{"rendered":"FAQ"},"content":{"rendered":"<div class=\"schema-faq wp-block-yoast-faq-block\"><div class=\"schema-faq-section\" id=\"faq-question-1714235158369\"><strong class=\"schema-faq-question\">Qu'est-ce que le collag\u00e8ne et pourquoi est-il important ?<\/strong> <p class=\"schema-faq-answer\">Le collag\u00e8ne est une prot\u00e9ine qui structure la peau, les cheveux, les ongles, les os et les articulations. Il est essentiel au maintien d'une peau saine et jeune et \u00e0 la sant\u00e9 g\u00e9n\u00e9rale des articulations.<\/p> <\/div> <div class=\"schema-faq-section\" id=\"faq-question-1714235187066\"><strong class=\"schema-faq-question\">Quels sont les avantages des barres de collag\u00e8ne ?<\/strong> <p class=\"schema-faq-answer\">Les barres de collag\u00e8ne sont un moyen pratique d'ajouter du collag\u00e8ne \u00e0 votre r\u00e9gime alimentaire et constituent un en-cas savoureux et rassasiant.<\/p> <\/div> <div class=\"schema-faq-section\" id=\"faq-question-1714235182507\"><strong class=\"schema-faq-question\">Les barres de collag\u00e8ne conviennent-elles aux v\u00e9g\u00e9tariens ou aux v\u00e9g\u00e9taliens ?<\/strong> <p class=\"schema-faq-answer\">Les barres de collag\u00e8ne ne conviennent g\u00e9n\u00e9ralement pas aux v\u00e9g\u00e9tariens et aux v\u00e9g\u00e9taliens, car le collag\u00e8ne provient de sources animales telles que le b\u0153uf.<\/p> <\/div> <div class=\"schema-faq-section\" id=\"faq-question-1714236449921\"><strong class=\"schema-faq-question\">Les barres de collag\u00e8ne peuvent-elles remplacer les suppl\u00e9ments de collag\u00e8ne ?<\/strong> <p class=\"schema-faq-answer\">Les barres de collag\u00e8ne sont une alternative pratique aux suppl\u00e9ments de collag\u00e8ne, car elles offrent un en-cas savoureux tout en procurant les bienfaits du collag\u00e8ne. Toutefois, l'efficacit\u00e9 des barres et des suppl\u00e9ments de collag\u00e8ne peut varier en fonction des pr\u00e9f\u00e9rences et des besoins alimentaires de chacun.<\/p> <\/div> <div class=\"schema-faq-section\" id=\"faq-question-1714236462771\"><strong class=\"schema-faq-question\">Le collag\u00e8ne peut-il aider la peau \u00e0 vieillir ?<\/strong> <p class=\"schema-faq-answer\">Le collag\u00e8ne peut contribuer \u00e0 maintenir l'\u00e9lasticit\u00e9 et l'hydratation de la peau, qui sont des facteurs cl\u00e9s pour lutter contre les signes du vieillissement. L'incorporation de collag\u00e8ne dans votre r\u00e9gime alimentaire ainsi que dans votre programme de soins de la peau peut vous aider \u00e0 conserver une peau jeune au fil du temps.<\/p> <\/div> <div class=\"schema-faq-section\" id=\"faq-question-1714236522398\"><strong class=\"schema-faq-question\">Quel est le meilleur moment pour prendre des suppl\u00e9ments de collag\u00e8ne pour le sport ?<\/strong> <p class=\"schema-faq-answer\">Le collag\u00e8ne peut \u00eatre pris avant ou apr\u00e8s l'exercice. L'utilisation avant l'exercice peut aider les articulations et l'utilisation apr\u00e8s l'exercice peut aider \u00e0 la r\u00e9paration et \u00e0 la r\u00e9cup\u00e9ration des muscles.<\/p> <\/div> <div class=\"schema-faq-section\" id=\"faq-question-1714236531370\"><strong class=\"schema-faq-question\">Les suppl\u00e9ments de collag\u00e8ne conviennent-ils aux athl\u00e8tes ayant des restrictions alimentaires ?<\/strong> <p class=\"schema-faq-answer\">Oui, les compl\u00e9ments de collag\u00e8ne sont sans gluten, sans produits laitiers et sans soja, ce qui les rend adapt\u00e9s aux athl\u00e8tes ayant des besoins alimentaires diff\u00e9rents.<\/p> <\/div> <div class=\"schema-faq-section\" id=\"faq-question-1714236547156\"><strong class=\"schema-faq-question\">Quels sont les types de collag\u00e8ne les plus b\u00e9n\u00e9fiques pour les sportifs ?<\/strong> <p class=\"schema-faq-answer\">Les collag\u00e8nes de type I et III sont particuli\u00e8rement utiles pour les sportifs, car ils sont abondants dans les tendons, les ligaments et la peau, et favorisent la sant\u00e9 et la souplesse des articulations.<\/p> <\/div> <\/div>","protected":false},"excerpt":{"rendered":"","protected":false},"author":3,"featured_media":0,"parent":0,"menu_order":0,"comment_status":"closed","ping_status":"closed","template":"","meta":{"footnotes":""},"class_list":["post-331","page","type-page","status-publish","hentry","post-no-thumbnail"],"yoast_head":"<!-- This site is optimized with the Yoast SEO plugin v27.3 - https:\/\/yoast.com\/product\/yoast-seo-wordpress\/ -->\n<title>DUK - Ox collagen<\/title>\n<meta name=\"robots\" content=\"index, follow, max-snippet:-1, max-image-preview:large, max-video-preview:-1\" \/>\n<link rel=\"canonical\" href=\"https:\/\/oxcollagen.lt\/fr\/duk\/\" \/>\n<meta property=\"og:locale\" content=\"fr_FR\" \/>\n<meta property=\"og:type\" content=\"article\" \/>\n<meta property=\"og:title\" content=\"DUK - Ox collagen\" \/>\n<meta property=\"og:url\" content=\"https:\/\/oxcollagen.lt\/fr\/duk\/\" \/>\n<meta property=\"og:site_name\" content=\"Ox collagen\" \/>\n<meta property=\"article:publisher\" content=\"https:\/\/www.facebook.com\/oxcollagen\/\" \/>\n<meta property=\"article:modified_time\" content=\"2024-04-27T17:12:35+00:00\" \/>\n<meta property=\"og:image\" content=\"https:\/\/oxcollagen.lt\/wp-content\/uploads\/2024\/04\/logo_oxcollagen.lt_.png\" \/>\n\t<meta property=\"og:image:width\" content=\"1200\" \/>\n\t<meta property=\"og:image:height\" content=\"675\" \/>\n\t<meta property=\"og:image:type\" content=\"image\/png\" \/>\n<meta name=\"twitter:card\" content=\"summary_large_image\" \/>\n<meta name=\"twitter:label1\" content=\"Dur\u00e9e de lecture estim\u00e9e\" \/>\n\t<meta name=\"twitter:data1\" content=\"2 minutes\" \/>\n<script type=\"application\/ld+json\" class=\"yoast-schema-graph\">{\"@context\":\"https:\\\/\\\/schema.org\",\"@graph\":[{\"@type\":[\"WebPage\",\"FAQPage\"],\"@id\":\"https:\\\/\\\/oxcollagen.lt\\\/nl\\\/duk\\\/\",\"url\":\"https:\\\/\\\/oxcollagen.lt\\\/nl\\\/duk\\\/\",\"name\":\"DUK - Ox collagen\",\"isPartOf\":{\"@id\":\"https:\\\/\\\/oxcollagen.lt\\\/#website\"},\"datePublished\":\"2021-11-26T09:41:15+00:00\",\"dateModified\":\"2024-04-27T17:12:35+00:00\",\"breadcrumb\":{\"@id\":\"https:\\\/\\\/oxcollagen.lt\\\/nl\\\/duk\\\/#breadcrumb\"},\"mainEntity\":[{\"@id\":\"https:\\\/\\\/oxcollagen.lt\\\/nl\\\/duk\\\/#faq-question-1714235158369\"},{\"@id\":\"https:\\\/\\\/oxcollagen.lt\\\/nl\\\/duk\\\/#faq-question-1714235187066\"},{\"@id\":\"https:\\\/\\\/oxcollagen.lt\\\/nl\\\/duk\\\/#faq-question-1714235182507\"},{\"@id\":\"https:\\\/\\\/oxcollagen.lt\\\/nl\\\/duk\\\/#faq-question-1714236449921\"},{\"@id\":\"https:\\\/\\\/oxcollagen.lt\\\/nl\\\/duk\\\/#faq-question-1714236462771\"},{\"@id\":\"https:\\\/\\\/oxcollagen.lt\\\/nl\\\/duk\\\/#faq-question-1714236522398\"},{\"@id\":\"https:\\\/\\\/oxcollagen.lt\\\/nl\\\/duk\\\/#faq-question-1714236531370\"},{\"@id\":\"https:\\\/\\\/oxcollagen.lt\\\/nl\\\/duk\\\/#faq-question-1714236547156\"}],\"inLanguage\":\"fr-FR\",\"potentialAction\":[{\"@type\":\"ReadAction\",\"target\":[\"https:\\\/\\\/oxcollagen.lt\\\/nl\\\/duk\\\/\"]}]},{\"@type\":\"BreadcrumbList\",\"@id\":\"https:\\\/\\\/oxcollagen.lt\\\/nl\\\/duk\\\/#breadcrumb\",\"itemListElement\":[{\"@type\":\"ListItem\",\"position\":1,\"name\":\"Home\",\"item\":\"https:\\\/\\\/oxcollagen.lt\\\/\"},{\"@type\":\"ListItem\",\"position\":2,\"name\":\"DUK\"}]},{\"@type\":\"WebSite\",\"@id\":\"https:\\\/\\\/oxcollagen.lt\\\/#website\",\"url\":\"https:\\\/\\\/oxcollagen.lt\\\/\",\"name\":\"Ox collagen\",\"description\":\"Nat\u016bral\u016bs baton\u0117liai su kolageno baltymais\",\"publisher\":{\"@id\":\"https:\\\/\\\/oxcollagen.lt\\\/#organization\"},\"potentialAction\":[{\"@type\":\"SearchAction\",\"target\":{\"@type\":\"EntryPoint\",\"urlTemplate\":\"https:\\\/\\\/oxcollagen.lt\\\/?s={search_term_string}\"},\"query-input\":{\"@type\":\"PropertyValueSpecification\",\"valueRequired\":true,\"valueName\":\"search_term_string\"}}],\"inLanguage\":\"fr-FR\"},{\"@type\":\"Organization\",\"@id\":\"https:\\\/\\\/oxcollagen.lt\\\/#organization\",\"name\":\"Ox collagen\",\"url\":\"https:\\\/\\\/oxcollagen.lt\\\/\",\"logo\":{\"@type\":\"ImageObject\",\"inLanguage\":\"fr-FR\",\"@id\":\"https:\\\/\\\/oxcollagen.lt\\\/#\\\/schema\\\/logo\\\/image\\\/\",\"url\":\"https:\\\/\\\/oxcollagen.lt\\\/wp-content\\\/uploads\\\/2024\\\/04\\\/oxcollagen.lt_.png\",\"contentUrl\":\"https:\\\/\\\/oxcollagen.lt\\\/wp-content\\\/uploads\\\/2024\\\/04\\\/oxcollagen.lt_.png\",\"width\":696,\"height\":696,\"caption\":\"Ox collagen\"},\"image\":{\"@id\":\"https:\\\/\\\/oxcollagen.lt\\\/#\\\/schema\\\/logo\\\/image\\\/\"},\"sameAs\":[\"https:\\\/\\\/www.facebook.com\\\/oxcollagen\\\/\"]},{\"@type\":\"Question\",\"@id\":\"https:\\\/\\\/oxcollagen.lt\\\/nl\\\/duk\\\/#faq-question-1714235158369\",\"position\":1,\"url\":\"https:\\\/\\\/oxcollagen.lt\\\/nl\\\/duk\\\/#faq-question-1714235158369\",\"name\":\"Kas yra kolagenas ir kod\u0117l jis svarbus?\",\"answerCount\":1,\"acceptedAnswer\":{\"@type\":\"Answer\",\"text\":\"Kolagenas yra baltymas, suteikiantis strukt\u016br\u0105 j\u016bs\u0173 odai, plaukams, nagams, kaulams ir s\u0105nariams. Tai b\u016btina norint i\u0161laikyti sveik\u0105 ir jaunatvi\u0161k\u0105 od\u0105 bei palaikyti bendr\u0105 s\u0105nari\u0173 sveikat\u0105.\",\"inLanguage\":\"fr-FR\"},\"inLanguage\":\"fr-FR\"},{\"@type\":\"Question\",\"@id\":\"https:\\\/\\\/oxcollagen.lt\\\/nl\\\/duk\\\/#faq-question-1714235187066\",\"position\":2,\"url\":\"https:\\\/\\\/oxcollagen.lt\\\/nl\\\/duk\\\/#faq-question-1714235187066\",\"name\":\"Kaip man naudingi kolageno baton\u0117liai?\",\"answerCount\":1,\"acceptedAnswer\":{\"@type\":\"Answer\",\"text\":\"Kolageno baton\u0117liai yra patogus b\u016bdas \u012ftraukti kolagen\u0105 \u012f savo mityb\u0105, tai yra skanus ir sotus u\u017ekandis.\",\"inLanguage\":\"fr-FR\"},\"inLanguage\":\"fr-FR\"},{\"@type\":\"Question\",\"@id\":\"https:\\\/\\\/oxcollagen.lt\\\/nl\\\/duk\\\/#faq-question-1714235182507\",\"position\":3,\"url\":\"https:\\\/\\\/oxcollagen.lt\\\/nl\\\/duk\\\/#faq-question-1714235182507\",\"name\":\"Ar kolageno baton\u0117liai tinka vegetarams ar veganams?\",\"answerCount\":1,\"acceptedAnswer\":{\"@type\":\"Answer\",\"text\":\"Paprastai kolageno baton\u0117liai netinka vegetarams ar veganams, nes kolagenas gaunamas i\u0161 gyvulini\u0173 \u0161altini\u0173, toki\u0173 kaip jautiena.\",\"inLanguage\":\"fr-FR\"},\"inLanguage\":\"fr-FR\"},{\"@type\":\"Question\",\"@id\":\"https:\\\/\\\/oxcollagen.lt\\\/nl\\\/duk\\\/#faq-question-1714236449921\",\"position\":4,\"url\":\"https:\\\/\\\/oxcollagen.lt\\\/nl\\\/duk\\\/#faq-question-1714236449921\",\"name\":\"Ar kolageno baton\u0117liai gali pakeisti kolageno papildus?\",\"answerCount\":1,\"acceptedAnswer\":{\"@type\":\"Answer\",\"text\":\"Kolageno baton\u0117liai yra patogi alternatyva kolageno papildams, suteikiant skan\u0173 u\u017ekand\u012f ir suteikiant kolageno naud\u0105. Ta\u010diau kolageno baton\u0117li\u0173 ir papild\u0173 veiksmingumas gali skirtis priklausomai nuo individuali\u0173 pageidavim\u0173 ir mitybos poreiki\u0173.\",\"inLanguage\":\"fr-FR\"},\"inLanguage\":\"fr-FR\"},{\"@type\":\"Question\",\"@id\":\"https:\\\/\\\/oxcollagen.lt\\\/nl\\\/duk\\\/#faq-question-1714236462771\",\"position\":5,\"url\":\"https:\\\/\\\/oxcollagen.lt\\\/nl\\\/duk\\\/#faq-question-1714236462771\",\"name\":\"Ar kolagenas gali pad\u0117ti senstan\u010diai odai?\",\"answerCount\":1,\"acceptedAnswer\":{\"@type\":\"Answer\",\"text\":\"Kolageno gali pad\u0117ti i\u0161laikyti odos elastingum\u0105 ir hidratacij\u0105, o tai yra esminiai veiksniai kovojant su sen\u0117jimo po\u017eymiais. Kolageno \u012ftraukimas \u012f savo mityb\u0105 kartu su odos prie\u017ei\u016bros rutina laikui b\u0117gant gali pad\u0117ti i\u0161laikyti jaunatvi\u0161k\u0105 od\u0105.\",\"inLanguage\":\"fr-FR\"},\"inLanguage\":\"fr-FR\"},{\"@type\":\"Question\",\"@id\":\"https:\\\/\\\/oxcollagen.lt\\\/nl\\\/duk\\\/#faq-question-1714236522398\",\"position\":6,\"url\":\"https:\\\/\\\/oxcollagen.lt\\\/nl\\\/duk\\\/#faq-question-1714236522398\",\"name\":\"Kada yra geriausias laikas vartoti kolageno papildus sportuojant?\",\"answerCount\":1,\"acceptedAnswer\":{\"@type\":\"Answer\",\"text\":\"Kolageno galima vartoti prie\u0161 arba po treniruot\u0117s. Vartojimas prie\u0161 mank\u0161t\u0105 gali pad\u0117ti s\u0105nariams, o po treniruot\u0117s \u2013 raumen\u0173 atstatymui ir atsigavimui.\",\"inLanguage\":\"fr-FR\"},\"inLanguage\":\"fr-FR\"},{\"@type\":\"Question\",\"@id\":\"https:\\\/\\\/oxcollagen.lt\\\/nl\\\/duk\\\/#faq-question-1714236531370\",\"position\":7,\"url\":\"https:\\\/\\\/oxcollagen.lt\\\/nl\\\/duk\\\/#faq-question-1714236531370\",\"name\":\"Ar kolageno papildai tinka sportininkams, turintiems mitybos apribojim\u0173?\",\"answerCount\":1,\"acceptedAnswer\":{\"@type\":\"Answer\",\"text\":\"Taip, kolageno papildai yra be glitimo, be pieno ir be soj\u0173, tod\u0117l jie tinka \u012fvairi\u0173 mitybos poreiki\u0173 turintiems sportininkams.\",\"inLanguage\":\"fr-FR\"},\"inLanguage\":\"fr-FR\"},{\"@type\":\"Question\",\"@id\":\"https:\\\/\\\/oxcollagen.lt\\\/nl\\\/duk\\\/#faq-question-1714236547156\",\"position\":8,\"url\":\"https:\\\/\\\/oxcollagen.lt\\\/nl\\\/duk\\\/#faq-question-1714236547156\",\"name\":\"Kokie kolageno tipai yra naudingiausi sportininkams?\",\"answerCount\":1,\"acceptedAnswer\":{\"@type\":\"Answer\",\"text\":\"I ir III tipo kolagenas ypa\u010d naudingas sportininkams, nes jo gausu sausgysl\u0117se, rai\u0161\u010diuose ir odoje, palaiko bendr\u0105 s\u0105nari\u0173 sveikat\u0105 ir elastingum\u0105.\",\"inLanguage\":\"fr-FR\"},\"inLanguage\":\"fr-FR\"}]}<\/script>\n<!-- \/ Yoast SEO plugin. -->","yoast_head_json":{"title":"DUK - Collag\u00e8ne de b\u0153uf","robots":{"index":"index","follow":"follow","max-snippet":"max-snippet:-1","max-image-preview":"max-image-preview:large","max-video-preview":"max-video-preview:-1"},"canonical":"https:\/\/oxcollagen.lt\/fr\/duk\/","og_locale":"fr_FR","og_type":"article","og_title":"DUK - Ox collagen","og_url":"https:\/\/oxcollagen.lt\/fr\/duk\/","og_site_name":"Ox collagen","article_publisher":"https:\/\/www.facebook.com\/oxcollagen\/","article_modified_time":"2024-04-27T17:12:35+00:00","og_image":[{"width":1200,"height":675,"url":"https:\/\/oxcollagen.lt\/wp-content\/uploads\/2024\/04\/logo_oxcollagen.lt_.png","type":"image\/png"}],"twitter_card":"summary_large_image","twitter_misc":{"Dur\u00e9e de lecture estim\u00e9e":"2 minutes"},"schema":{"@context":"https:\/\/schema.org","@graph":[{"@type":["WebPage","FAQPage"],"@id":"https:\/\/oxcollagen.lt\/nl\/duk\/","url":"https:\/\/oxcollagen.lt\/nl\/duk\/","name":"DUK - Collag\u00e8ne de b\u0153uf","isPartOf":{"@id":"https:\/\/oxcollagen.lt\/#website"},"datePublished":"2021-11-26T09:41:15+00:00","dateModified":"2024-04-27T17:12:35+00:00","breadcrumb":{"@id":"https:\/\/oxcollagen.lt\/nl\/duk\/#breadcrumb"},"mainEntity":[{"@id":"https:\/\/oxcollagen.lt\/nl\/duk\/#faq-question-1714235158369"},{"@id":"https:\/\/oxcollagen.lt\/nl\/duk\/#faq-question-1714235187066"},{"@id":"https:\/\/oxcollagen.lt\/nl\/duk\/#faq-question-1714235182507"},{"@id":"https:\/\/oxcollagen.lt\/nl\/duk\/#faq-question-1714236449921"},{"@id":"https:\/\/oxcollagen.lt\/nl\/duk\/#faq-question-1714236462771"},{"@id":"https:\/\/oxcollagen.lt\/nl\/duk\/#faq-question-1714236522398"},{"@id":"https:\/\/oxcollagen.lt\/nl\/duk\/#faq-question-1714236531370"},{"@id":"https:\/\/oxcollagen.lt\/nl\/duk\/#faq-question-1714236547156"}],"inLanguage":"fr-FR","potentialAction":[{"@type":"ReadAction","target":["https:\/\/oxcollagen.lt\/nl\/duk\/"]}]},{"@type":"BreadcrumbList","@id":"https:\/\/oxcollagen.lt\/nl\/duk\/#breadcrumb","itemListElement":[{"@type":"ListItem","position":1,"name":"Home","item":"https:\/\/oxcollagen.lt\/"},{"@type":"ListItem","position":2,"name":"DUK"}]},{"@type":"WebSite","@id":"https:\/\/oxcollagen.lt\/#website","url":"https:\/\/oxcollagen.lt\/","name":"Collag\u00e8ne de b\u0153uf","description":"Barres naturelles avec prot\u00e9ines de collag\u00e8ne","publisher":{"@id":"https:\/\/oxcollagen.lt\/#organization"},"potentialAction":[{"@type":"SearchAction","target":{"@type":"EntryPoint","urlTemplate":"https:\/\/oxcollagen.lt\/?s={search_term_string}"},"query-input":{"@type":"PropertyValueSpecification","valueRequired":true,"valueName":"search_term_string"}}],"inLanguage":"fr-FR"},{"@type":"Organization","@id":"https:\/\/oxcollagen.lt\/#organization","name":"Collag\u00e8ne de b\u0153uf","url":"https:\/\/oxcollagen.lt\/","logo":{"@type":"ImageObject","inLanguage":"fr-FR","@id":"https:\/\/oxcollagen.lt\/#\/schema\/logo\/image\/","url":"https:\/\/oxcollagen.lt\/wp-content\/uploads\/2024\/04\/oxcollagen.lt_.png","contentUrl":"https:\/\/oxcollagen.lt\/wp-content\/uploads\/2024\/04\/oxcollagen.lt_.png","width":696,"height":696,"caption":"Ox collagen"},"image":{"@id":"https:\/\/oxcollagen.lt\/#\/schema\/logo\/image\/"},"sameAs":["https:\/\/www.facebook.com\/oxcollagen\/"]},{"@type":"Question","@id":"https:\/\/oxcollagen.lt\/nl\/duk\/#faq-question-1714235158369","position":1,"url":"https:\/\/oxcollagen.lt\/nl\/duk\/#faq-question-1714235158369","name":"Qu'est-ce que le collag\u00e8ne et pourquoi est-il important ?","answerCount":1,"acceptedAnswer":{"@type":"Answer","text":"Kolagenas yra baltymas, suteikiantis strukt\u016br\u0105 j\u016bs\u0173 odai, plaukams, nagams, kaulams ir s\u0105nariams. Tai b\u016btina norint i\u0161laikyti sveik\u0105 ir jaunatvi\u0161k\u0105 od\u0105 bei palaikyti bendr\u0105 s\u0105nari\u0173 sveikat\u0105.","inLanguage":"fr-FR"},"inLanguage":"fr-FR"},{"@type":"Question","@id":"https:\/\/oxcollagen.lt\/nl\/duk\/#faq-question-1714235187066","position":2,"url":"https:\/\/oxcollagen.lt\/nl\/duk\/#faq-question-1714235187066","name":"Quels sont les avantages des barres de collag\u00e8ne ?","answerCount":1,"acceptedAnswer":{"@type":"Answer","text":"Kolageno baton\u0117liai yra patogus b\u016bdas \u012ftraukti kolagen\u0105 \u012f savo mityb\u0105, tai yra skanus ir sotus u\u017ekandis.","inLanguage":"fr-FR"},"inLanguage":"fr-FR"},{"@type":"Question","@id":"https:\/\/oxcollagen.lt\/nl\/duk\/#faq-question-1714235182507","position":3,"url":"https:\/\/oxcollagen.lt\/nl\/duk\/#faq-question-1714235182507","name":"Les barres de collag\u00e8ne conviennent-elles aux v\u00e9g\u00e9tariens ou aux v\u00e9g\u00e9taliens ?","answerCount":1,"acceptedAnswer":{"@type":"Answer","text":"Paprastai kolageno baton\u0117liai netinka vegetarams ar veganams, nes kolagenas gaunamas i\u0161 gyvulini\u0173 \u0161altini\u0173, toki\u0173 kaip jautiena.","inLanguage":"fr-FR"},"inLanguage":"fr-FR"},{"@type":"Question","@id":"https:\/\/oxcollagen.lt\/nl\/duk\/#faq-question-1714236449921","position":4,"url":"https:\/\/oxcollagen.lt\/nl\/duk\/#faq-question-1714236449921","name":"Les barres de collag\u00e8ne peuvent-elles remplacer les suppl\u00e9ments de collag\u00e8ne ?","answerCount":1,"acceptedAnswer":{"@type":"Answer","text":"Kolageno baton\u0117liai yra patogi alternatyva kolageno papildams, suteikiant skan\u0173 u\u017ekand\u012f ir suteikiant kolageno naud\u0105. Ta\u010diau kolageno baton\u0117li\u0173 ir papild\u0173 veiksmingumas gali skirtis priklausomai nuo individuali\u0173 pageidavim\u0173 ir mitybos poreiki\u0173.","inLanguage":"fr-FR"},"inLanguage":"fr-FR"},{"@type":"Question","@id":"https:\/\/oxcollagen.lt\/nl\/duk\/#faq-question-1714236462771","position":5,"url":"https:\/\/oxcollagen.lt\/nl\/duk\/#faq-question-1714236462771","name":"Le collag\u00e8ne peut-il aider la peau \u00e0 vieillir ?","answerCount":1,"acceptedAnswer":{"@type":"Answer","text":"Kolageno gali pad\u0117ti i\u0161laikyti odos elastingum\u0105 ir hidratacij\u0105, o tai yra esminiai veiksniai kovojant su sen\u0117jimo po\u017eymiais. Kolageno \u012ftraukimas \u012f savo mityb\u0105 kartu su odos prie\u017ei\u016bros rutina laikui b\u0117gant gali pad\u0117ti i\u0161laikyti jaunatvi\u0161k\u0105 od\u0105.","inLanguage":"fr-FR"},"inLanguage":"fr-FR"},{"@type":"Question","@id":"https:\/\/oxcollagen.lt\/nl\/duk\/#faq-question-1714236522398","position":6,"url":"https:\/\/oxcollagen.lt\/nl\/duk\/#faq-question-1714236522398","name":"Quel est le meilleur moment pour prendre des suppl\u00e9ments de collag\u00e8ne pour le sport ?","answerCount":1,"acceptedAnswer":{"@type":"Answer","text":"Kolageno galima vartoti prie\u0161 arba po treniruot\u0117s. Vartojimas prie\u0161 mank\u0161t\u0105 gali pad\u0117ti s\u0105nariams, o po treniruot\u0117s \u2013 raumen\u0173 atstatymui ir atsigavimui.","inLanguage":"fr-FR"},"inLanguage":"fr-FR"},{"@type":"Question","@id":"https:\/\/oxcollagen.lt\/nl\/duk\/#faq-question-1714236531370","position":7,"url":"https:\/\/oxcollagen.lt\/nl\/duk\/#faq-question-1714236531370","name":"Les suppl\u00e9ments de collag\u00e8ne conviennent-ils aux athl\u00e8tes ayant des restrictions alimentaires ?","answerCount":1,"acceptedAnswer":{"@type":"Answer","text":"Taip, kolageno papildai yra be glitimo, be pieno ir be soj\u0173, tod\u0117l jie tinka \u012fvairi\u0173 mitybos poreiki\u0173 turintiems sportininkams.","inLanguage":"fr-FR"},"inLanguage":"fr-FR"},{"@type":"Question","@id":"https:\/\/oxcollagen.lt\/nl\/duk\/#faq-question-1714236547156","position":8,"url":"https:\/\/oxcollagen.lt\/nl\/duk\/#faq-question-1714236547156","name":"Quels sont les types de collag\u00e8ne les plus b\u00e9n\u00e9fiques pour les sportifs ?","answerCount":1,"acceptedAnswer":{"@type":"Answer","text":"I ir III tipo kolagenas ypa\u010d naudingas sportininkams, nes jo gausu sausgysl\u0117se, rai\u0161\u010diuose ir odoje, palaiko bendr\u0105 s\u0105nari\u0173 sveikat\u0105 ir elastingum\u0105.","inLanguage":"fr-FR"},"inLanguage":"fr-FR"}]}},"_links":{"self":[{"href":"https:\/\/oxcollagen.lt\/fr\/wp-json\/wp\/v2\/pages\/331","targetHints":{"allow":["GET"]}}],"collection":[{"href":"https:\/\/oxcollagen.lt\/fr\/wp-json\/wp\/v2\/pages"}],"about":[{"href":"https:\/\/oxcollagen.lt\/fr\/wp-json\/wp\/v2\/types\/page"}],"author":[{"embeddable":true,"href":"https:\/\/oxcollagen.lt\/fr\/wp-json\/wp\/v2\/users\/3"}],"replies":[{"embeddable":true,"href":"https:\/\/oxcollagen.lt\/fr\/wp-json\/wp\/v2\/comments?post=331"}],"version-history":[{"count":0,"href":"https:\/\/oxcollagen.lt\/fr\/wp-json\/wp\/v2\/pages\/331\/revisions"}],"wp:attachment":[{"href":"https:\/\/oxcollagen.lt\/fr\/wp-json\/wp\/v2\/media?parent=331"}],"curies":[{"name":"wp","href":"https:\/\/api.w.org\/{rel}","templated":true}]}}