{"id":21980,"date":"2024-02-07T18:39:32","date_gmt":"2024-02-07T18:39:32","guid":{"rendered":"https:\/\/oxcollagen.lt?post_type=product&#038;p=21980"},"modified":"2025-05-18T13:26:39","modified_gmt":"2025-05-18T10:26:39","slug":"gehydrolyseerd-collageen-1-stuk-x-10g","status":"publish","type":"product","link":"https:\/\/oxcollagen.lt\/nl\/product\/gehydrolyseerd-collageen-1-stuk-x-10g\/","title":{"rendered":"Gehydrolyseerd collageen (1 stuk x 10g)"},"content":{"rendered":"<p>Voedingssupplement<\/p>\n<p>Ingredi\u00ebnten: gehydrolyseerde rundercollageenpeptiden.<\/p>\n<p>Gebruik: Meng de aanbevolen dagelijkse dosis van 10 g met 200-300 ml water, roer en drink.<\/p>\n<p>Waarschuwingen: Dit product is geen vervanging voor een evenwichtige, gevarieerde voeding. Koel en droog bewaren. Niet gebruiken voor kinderen, zwangere vrouwen of vrouwen die borstvoeding geven. Buiten bereik van kinderen bewaren. De aanbevolen dagelijkse dosis niet overschrijden.<\/p>","protected":false},"excerpt":{"rendered":"<p>Voedingssupplement Ingredi\u00ebnten: gehydrolyseerde rundercollageenpeptiden. Gebruik: Meng de aanbevolen dagelijkse dosis van 10 g met 200-300 ml water, roer en drink. Waarschuwingen: Dit product is geen vervanging voor een evenwichtige, gevarieerde voeding. Koel en droog bewaren. Niet gebruiken voor kinderen, zwangere vrouwen of vrouwen die borstvoeding geven. Buiten bereik van kinderen bewaren. De aanbevolen dagelijkse dosis niet overschrijden.<\/p>","protected":false},"featured_media":21981,"comment_status":"open","ping_status":"closed","template":"","meta":[],"product_brand":[],"product_cat":[118],"product_tag":[],"class_list":{"0":"post-21980","1":"product","2":"type-product","3":"status-publish","4":"has-post-thumbnail","6":"product_cat-papildai","8":"first","9":"instock","10":"taxable","11":"shipping-taxable","12":"purchasable","13":"product-type-simple"},"yoast_head":"<!-- This site is optimized with the Yoast SEO plugin v27.3 - https:\/\/yoast.com\/product\/yoast-seo-wordpress\/ -->\n<title>Hidrolizuotas kolagenas (1 vnt x 10g) - Ox collagen<\/title>\n<meta name=\"robots\" content=\"index, follow, max-snippet:-1, max-image-preview:large, max-video-preview:-1\" \/>\n<link rel=\"canonical\" href=\"https:\/\/oxcollagen.lt\/nl\/product\/gehydrolyseerd-collageen-1-stuk-x-10g\/\" \/>\n<meta property=\"og:locale\" content=\"nl_NL\" \/>\n<meta property=\"og:type\" content=\"article\" \/>\n<meta property=\"og:title\" content=\"Hidrolizuotas kolagenas (1 vnt x 10g) - Ox collagen\" \/>\n<meta property=\"og:description\" content=\"Maisto papildas Sud\u0117tis: hidrolizuoti galvij\u0173 kolageno peptidai. Naudojimas: rekomenduojam\u0105 10 g paros doz\u0119 sumai\u0161yti su 200-300 ml vandens, i\u0161mai\u0161yti ir gerti. \u012esp\u0117jimai: \u0160is produktas nepakei\u010dia subalansuotos, \u012fvairiapus\u0117s mitybos. Laikyti v\u0117sioje, sausoje vietoje. Nenaudoti vaikams, n\u0117\u0161\u010dioms ir kr\u016btimi maitinan\u010dioms moterims. Saugoti nuo vaik\u0173. Rekomenduojamos paros doz\u0117s negalima vir\u0161yti.\" \/>\n<meta property=\"og:url\" content=\"https:\/\/oxcollagen.lt\/nl\/product\/gehydrolyseerd-collageen-1-stuk-x-10g\/\" \/>\n<meta property=\"og:site_name\" content=\"Ox collagen\" \/>\n<meta property=\"article:publisher\" content=\"https:\/\/www.facebook.com\/oxcollagen\/\" \/>\n<meta property=\"article:modified_time\" content=\"2025-05-18T10:26:39+00:00\" \/>\n<meta property=\"og:image\" content=\"https:\/\/oxcollagen.lt\/wp-content\/uploads\/2024\/02\/Screenshot-2024-02-07-at-13.51.40.png\" \/>\n\t<meta property=\"og:image:width\" content=\"1058\" \/>\n\t<meta property=\"og:image:height\" content=\"1064\" \/>\n\t<meta property=\"og:image:type\" content=\"image\/png\" \/>\n<meta name=\"twitter:card\" content=\"summary_large_image\" \/>\n<script type=\"application\/ld+json\" class=\"yoast-schema-graph\">{\"@context\":\"https:\\\/\\\/schema.org\",\"@graph\":[{\"@type\":\"WebPage\",\"@id\":\"https:\\\/\\\/oxcollagen.lt\\\/produktas\\\/hidrolizuotas-kolagenas-1-vnt-x-10g\\\/\",\"url\":\"https:\\\/\\\/oxcollagen.lt\\\/produktas\\\/hidrolizuotas-kolagenas-1-vnt-x-10g\\\/\",\"name\":\"Hidrolizuotas kolagenas (1 vnt x 10g) - Ox collagen\",\"isPartOf\":{\"@id\":\"https:\\\/\\\/oxcollagen.lt\\\/#website\"},\"primaryImageOfPage\":{\"@id\":\"https:\\\/\\\/oxcollagen.lt\\\/produktas\\\/hidrolizuotas-kolagenas-1-vnt-x-10g\\\/#primaryimage\"},\"image\":{\"@id\":\"https:\\\/\\\/oxcollagen.lt\\\/produktas\\\/hidrolizuotas-kolagenas-1-vnt-x-10g\\\/#primaryimage\"},\"thumbnailUrl\":\"https:\\\/\\\/oxcollagen.lt\\\/wp-content\\\/uploads\\\/2024\\\/02\\\/Screenshot-2024-02-07-at-13.51.40.png\",\"datePublished\":\"2024-02-07T18:39:32+00:00\",\"dateModified\":\"2025-05-18T10:26:39+00:00\",\"breadcrumb\":{\"@id\":\"https:\\\/\\\/oxcollagen.lt\\\/produktas\\\/hidrolizuotas-kolagenas-1-vnt-x-10g\\\/#breadcrumb\"},\"inLanguage\":\"nl-NL\",\"potentialAction\":[{\"@type\":\"ReadAction\",\"target\":[\"https:\\\/\\\/oxcollagen.lt\\\/produktas\\\/hidrolizuotas-kolagenas-1-vnt-x-10g\\\/\"]}]},{\"@type\":\"ImageObject\",\"inLanguage\":\"nl-NL\",\"@id\":\"https:\\\/\\\/oxcollagen.lt\\\/produktas\\\/hidrolizuotas-kolagenas-1-vnt-x-10g\\\/#primaryimage\",\"url\":\"https:\\\/\\\/oxcollagen.lt\\\/wp-content\\\/uploads\\\/2024\\\/02\\\/Screenshot-2024-02-07-at-13.51.40.png\",\"contentUrl\":\"https:\\\/\\\/oxcollagen.lt\\\/wp-content\\\/uploads\\\/2024\\\/02\\\/Screenshot-2024-02-07-at-13.51.40.png\",\"width\":1058,\"height\":1064},{\"@type\":\"BreadcrumbList\",\"@id\":\"https:\\\/\\\/oxcollagen.lt\\\/produktas\\\/hidrolizuotas-kolagenas-1-vnt-x-10g\\\/#breadcrumb\",\"itemListElement\":[{\"@type\":\"ListItem\",\"position\":1,\"name\":\"Home\",\"item\":\"https:\\\/\\\/oxcollagen.lt\\\/\"},{\"@type\":\"ListItem\",\"position\":2,\"name\":\"Produktai\",\"item\":\"https:\\\/\\\/oxcollagen.lt\\\/produktai\\\/\"},{\"@type\":\"ListItem\",\"position\":3,\"name\":\"Hidrolizuotas kolagenas (1 vnt x 10g)\"}]},{\"@type\":\"WebSite\",\"@id\":\"https:\\\/\\\/oxcollagen.lt\\\/#website\",\"url\":\"https:\\\/\\\/oxcollagen.lt\\\/\",\"name\":\"Ox collagen\",\"description\":\"Nat\u016bral\u016bs baton\u0117liai su kolageno baltymais\",\"publisher\":{\"@id\":\"https:\\\/\\\/oxcollagen.lt\\\/#organization\"},\"potentialAction\":[{\"@type\":\"SearchAction\",\"target\":{\"@type\":\"EntryPoint\",\"urlTemplate\":\"https:\\\/\\\/oxcollagen.lt\\\/?s={search_term_string}\"},\"query-input\":{\"@type\":\"PropertyValueSpecification\",\"valueRequired\":true,\"valueName\":\"search_term_string\"}}],\"inLanguage\":\"nl-NL\"},{\"@type\":\"Organization\",\"@id\":\"https:\\\/\\\/oxcollagen.lt\\\/#organization\",\"name\":\"Ox collagen\",\"url\":\"https:\\\/\\\/oxcollagen.lt\\\/\",\"logo\":{\"@type\":\"ImageObject\",\"inLanguage\":\"nl-NL\",\"@id\":\"https:\\\/\\\/oxcollagen.lt\\\/#\\\/schema\\\/logo\\\/image\\\/\",\"url\":\"https:\\\/\\\/oxcollagen.lt\\\/wp-content\\\/uploads\\\/2024\\\/04\\\/oxcollagen.lt_.png\",\"contentUrl\":\"https:\\\/\\\/oxcollagen.lt\\\/wp-content\\\/uploads\\\/2024\\\/04\\\/oxcollagen.lt_.png\",\"width\":696,\"height\":696,\"caption\":\"Ox collagen\"},\"image\":{\"@id\":\"https:\\\/\\\/oxcollagen.lt\\\/#\\\/schema\\\/logo\\\/image\\\/\"},\"sameAs\":[\"https:\\\/\\\/www.facebook.com\\\/oxcollagen\\\/\"]}]}<\/script>\n<!-- \/ Yoast SEO plugin. -->","yoast_head_json":{"title":"Gehydrolyseerd collageen (1 x 10 g) - Ossencollageen","robots":{"index":"index","follow":"follow","max-snippet":"max-snippet:-1","max-image-preview":"max-image-preview:large","max-video-preview":"max-video-preview:-1"},"canonical":"https:\/\/oxcollagen.lt\/nl\/product\/gehydrolyseerd-collageen-1-stuk-x-10g\/","og_locale":"nl_NL","og_type":"article","og_title":"Hidrolizuotas kolagenas (1 vnt x 10g) - Ox collagen","og_description":"Maisto papildas Sud\u0117tis: hidrolizuoti galvij\u0173 kolageno peptidai. Naudojimas: rekomenduojam\u0105 10 g paros doz\u0119 sumai\u0161yti su 200-300 ml vandens, i\u0161mai\u0161yti ir gerti. \u012esp\u0117jimai: \u0160is produktas nepakei\u010dia subalansuotos, \u012fvairiapus\u0117s mitybos. Laikyti v\u0117sioje, sausoje vietoje. Nenaudoti vaikams, n\u0117\u0161\u010dioms ir kr\u016btimi maitinan\u010dioms moterims. Saugoti nuo vaik\u0173. Rekomenduojamos paros doz\u0117s negalima vir\u0161yti.","og_url":"https:\/\/oxcollagen.lt\/nl\/product\/gehydrolyseerd-collageen-1-stuk-x-10g\/","og_site_name":"Ox collagen","article_publisher":"https:\/\/www.facebook.com\/oxcollagen\/","article_modified_time":"2025-05-18T10:26:39+00:00","og_image":[{"width":1058,"height":1064,"url":"https:\/\/oxcollagen.lt\/wp-content\/uploads\/2024\/02\/Screenshot-2024-02-07-at-13.51.40.png","type":"image\/png"}],"twitter_card":"summary_large_image","schema":{"@context":"https:\/\/schema.org","@graph":[{"@type":"WebPage","@id":"https:\/\/oxcollagen.lt\/produktas\/hidrolizuotas-kolagenas-1-vnt-x-10g\/","url":"https:\/\/oxcollagen.lt\/produktas\/hidrolizuotas-kolagenas-1-vnt-x-10g\/","name":"Gehydrolyseerd collageen (1 x 10 g) - Ossencollageen","isPartOf":{"@id":"https:\/\/oxcollagen.lt\/#website"},"primaryImageOfPage":{"@id":"https:\/\/oxcollagen.lt\/produktas\/hidrolizuotas-kolagenas-1-vnt-x-10g\/#primaryimage"},"image":{"@id":"https:\/\/oxcollagen.lt\/produktas\/hidrolizuotas-kolagenas-1-vnt-x-10g\/#primaryimage"},"thumbnailUrl":"https:\/\/oxcollagen.lt\/wp-content\/uploads\/2024\/02\/Screenshot-2024-02-07-at-13.51.40.png","datePublished":"2024-02-07T18:39:32+00:00","dateModified":"2025-05-18T10:26:39+00:00","breadcrumb":{"@id":"https:\/\/oxcollagen.lt\/produktas\/hidrolizuotas-kolagenas-1-vnt-x-10g\/#breadcrumb"},"inLanguage":"nl-NL","potentialAction":[{"@type":"ReadAction","target":["https:\/\/oxcollagen.lt\/produktas\/hidrolizuotas-kolagenas-1-vnt-x-10g\/"]}]},{"@type":"ImageObject","inLanguage":"nl-NL","@id":"https:\/\/oxcollagen.lt\/produktas\/hidrolizuotas-kolagenas-1-vnt-x-10g\/#primaryimage","url":"https:\/\/oxcollagen.lt\/wp-content\/uploads\/2024\/02\/Screenshot-2024-02-07-at-13.51.40.png","contentUrl":"https:\/\/oxcollagen.lt\/wp-content\/uploads\/2024\/02\/Screenshot-2024-02-07-at-13.51.40.png","width":1058,"height":1064},{"@type":"BreadcrumbList","@id":"https:\/\/oxcollagen.lt\/produktas\/hidrolizuotas-kolagenas-1-vnt-x-10g\/#breadcrumb","itemListElement":[{"@type":"ListItem","position":1,"name":"Home","item":"https:\/\/oxcollagen.lt\/"},{"@type":"ListItem","position":2,"name":"Produktai","item":"https:\/\/oxcollagen.lt\/produktai\/"},{"@type":"ListItem","position":3,"name":"Hidrolizuotas kolagenas (1 vnt x 10g)"}]},{"@type":"WebSite","@id":"https:\/\/oxcollagen.lt\/#website","url":"https:\/\/oxcollagen.lt\/","name":"Ox-collageen","description":"Natuurlijke repen met collageeneiwitten","publisher":{"@id":"https:\/\/oxcollagen.lt\/#organization"},"potentialAction":[{"@type":"SearchAction","target":{"@type":"EntryPoint","urlTemplate":"https:\/\/oxcollagen.lt\/?s={search_term_string}"},"query-input":{"@type":"PropertyValueSpecification","valueRequired":true,"valueName":"search_term_string"}}],"inLanguage":"nl-NL"},{"@type":"Organization","@id":"https:\/\/oxcollagen.lt\/#organization","name":"Ox-collageen","url":"https:\/\/oxcollagen.lt\/","logo":{"@type":"ImageObject","inLanguage":"nl-NL","@id":"https:\/\/oxcollagen.lt\/#\/schema\/logo\/image\/","url":"https:\/\/oxcollagen.lt\/wp-content\/uploads\/2024\/04\/oxcollagen.lt_.png","contentUrl":"https:\/\/oxcollagen.lt\/wp-content\/uploads\/2024\/04\/oxcollagen.lt_.png","width":696,"height":696,"caption":"Ox collagen"},"image":{"@id":"https:\/\/oxcollagen.lt\/#\/schema\/logo\/image\/"},"sameAs":["https:\/\/www.facebook.com\/oxcollagen\/"]}]}},"_links":{"self":[{"href":"https:\/\/oxcollagen.lt\/nl\/wp-json\/wp\/v2\/product\/21980","targetHints":{"allow":["GET"]}}],"collection":[{"href":"https:\/\/oxcollagen.lt\/nl\/wp-json\/wp\/v2\/product"}],"about":[{"href":"https:\/\/oxcollagen.lt\/nl\/wp-json\/wp\/v2\/types\/product"}],"replies":[{"embeddable":true,"href":"https:\/\/oxcollagen.lt\/nl\/wp-json\/wp\/v2\/comments?post=21980"}],"version-history":[{"count":0,"href":"https:\/\/oxcollagen.lt\/nl\/wp-json\/wp\/v2\/product\/21980\/revisions"}],"wp:featuredmedia":[{"embeddable":true,"href":"https:\/\/oxcollagen.lt\/nl\/wp-json\/wp\/v2\/media\/21981"}],"wp:attachment":[{"href":"https:\/\/oxcollagen.lt\/nl\/wp-json\/wp\/v2\/media?parent=21980"}],"wp:term":[{"taxonomy":"product_brand","embeddable":true,"href":"https:\/\/oxcollagen.lt\/nl\/wp-json\/wp\/v2\/product_brand?post=21980"},{"taxonomy":"product_cat","embeddable":true,"href":"https:\/\/oxcollagen.lt\/nl\/wp-json\/wp\/v2\/product_cat?post=21980"},{"taxonomy":"product_tag","embeddable":true,"href":"https:\/\/oxcollagen.lt\/nl\/wp-json\/wp\/v2\/product_tag?post=21980"}],"curies":[{"name":"wp","href":"https:\/\/api.w.org\/{rel}","templated":true}]}}