{"id":21742,"date":"2023-04-13T07:26:37","date_gmt":"2023-04-13T07:26:37","guid":{"rendered":"https:\/\/oxcollagen.lt?page_id=21742"},"modified":"2024-07-11T17:51:32","modified_gmt":"2024-07-11T14:51:32","slug":"warunki-dostawy","status":"publish","type":"page","link":"https:\/\/oxcollagen.lt\/pl\/warunki-dostawy\/","title":{"rendered":"Warunki dostawy"},"content":{"rendered":"<p>Towary zakupione na stronie https:\/\/oxcollagen.lt s\u0105 zwykle organizowane i dostarczane w ci\u0105gu 2-5 dni roboczych po otrzymaniu p\u0142atno\u015bci, chyba \u017ce na produkcie podano inaczej.<\/p>\n\n\n\n<p>Dostawa do innych kraj\u00f3w europejskich<\/p>\n\n\n\n<p>Dostawa do innych kraj\u00f3w UE - listem poleconym Poczty Litewskiej. Ceny s\u0105 zgodne ze stawkami Poczty Litewskiej wed\u0142ug wagi.<\/p>\n\n\n\n<p>Stan przesy\u0142ki<\/p>\n\n\n\n<p>Po otrzymaniu przesy\u0142ki nale\u017cy niezw\u0142ocznie sprawdzi\u0107, czy towary i ich opakowanie nie s\u0105 uszkodzone. W przypadku stwierdzenia jakichkolwiek uszkodze\u0144 przesy\u0142ki, nale\u017cy je odnotowa\u0107 w obecno\u015bci kuriera (je\u015bli przesy\u0142ka jest dostarczana kurierem) lub odm\u00f3wi\u0107 przyj\u0119cia przesy\u0142ki. Przyj\u0119cie przesy\u0142ki i podpisanie listu przewozowego bez uwag zostanie uznane za prawid\u0142ow\u0105 dostaw\u0119 i mo\u017ce utrudni\u0107 rozpatrzenie ewentualnych roszcze\u0144 z tytu\u0142u zewn\u0119trznych uszkodze\u0144 towar\u00f3w.<\/p>","protected":false},"excerpt":{"rendered":"<p>Towary zakupione na https:\/\/oxcollagen.lt s\u0105 zwykle organizowane i dostarczane w ci\u0105gu 2-5 dni roboczych po otrzymaniu p\u0142atno\u015bci, chyba \u017ce na produkcie podano inaczej. Dostawa do innych kraj\u00f3w europejskich Dostawa do innych kraj\u00f3w Unii Europejskiej odbywa si\u0119 listem poleconym Poczty Litewskiej. Ceny s\u0105 zgodne ze stawkami Poczty Litewskiej wed\u0142ug wagi. Stan przesy\u0142ki Po otrzymaniu przesy\u0142ki nale\u017cy niezw\u0142ocznie sprawdzi\u0107, czy towary i ich opakowanie s\u0105 nieuszkodzone. W przypadku zauwa\u017cenia jakichkolwiek uszkodze\u0144 przesy\u0142ki, nale\u017cy je odnotowa\u0107 w obecno\u015bci kuriera (je\u015bli przesy\u0142ka jest dostarczana przez kuriera) lub odm\u00f3wi\u0107 przyj\u0119cia przesy\u0142ki. Przyj\u0119cie przesy\u0142ki i podpisanie listu przewozowego bez uwag zostanie uznane za prawid\u0142ow\u0105 dostaw\u0119 i mo\u017ce utrudni\u0107 rozpatrzenie ewentualnych roszcze\u0144 z tytu\u0142u zewn\u0119trznych uszkodze\u0144 towar\u00f3w.<\/p>","protected":false},"author":3,"featured_media":0,"parent":0,"menu_order":0,"comment_status":"closed","ping_status":"closed","template":"","meta":{"footnotes":""},"class_list":["post-21742","page","type-page","status-publish","hentry","post-no-thumbnail"],"yoast_head":"<!-- This site is optimized with the Yoast SEO plugin v27.4 - https:\/\/yoast.com\/product\/yoast-seo-wordpress\/ -->\n<title>Pristatymo s\u0105lygos - Ox collagen<\/title>\n<meta name=\"robots\" content=\"index, follow, max-snippet:-1, max-image-preview:large, max-video-preview:-1\" \/>\n<link rel=\"canonical\" href=\"https:\/\/oxcollagen.lt\/pl\/warunki-dostawy\/\" \/>\n<meta property=\"og:locale\" content=\"pl_PL\" \/>\n<meta property=\"og:type\" content=\"article\" \/>\n<meta property=\"og:title\" content=\"Pristatymo s\u0105lygos - Ox collagen\" \/>\n<meta property=\"og:description\" content=\"https:\/\/oxcollagen.lt \u012fsigytos prek\u0117s \u012fprastai suruo\u0161iamos ir pristatomos per 2-5 darbo dienas, po gauto apmok\u0117jimo, jeigu prie prek\u0117s nepa\u017eym\u0117ta kitaip. Pristatymas \u012f kitas Europos \u0161alis Pristatymas kitose Europos s\u0105jungos \u0161alyse \u2013 registruota Lietuvos pa\u0161to siunta. Kainos \u2013 pagal Lietuvos pa\u0161to \u012fkainius pagal svor\u012f. Siuntos b\u016bkl\u0117 Gav\u0119 siuntin\u012f i\u0161kart patikrinkite ar prek\u0117, jos pakuot\u0117 n\u0117ra pa\u017eeista. Pasteb\u0117jus siuntos pa\u017eeidim\u0105, dalyvaujant kurjeriui (jei siunta pristatoma per kurjer\u012f) sura\u0161ykite pastabas apie siuntos pa\u017eeidimus arba atsisakykite priimti siunt\u0105. Pri\u0117mus siunt\u0105 ir pasira\u0161ius va\u017etara\u0161t\u012f be pastab\u0173, laikoma, kad siunta pristatyta tinkamai ir tai gali apsunkinti bet koki\u0173 pretenzij\u0173 d\u0117l prek\u0117s i\u0161orini\u0173 pa\u017eeidim\u0173 nagrin\u0117jim\u0105.\" \/>\n<meta property=\"og:url\" content=\"https:\/\/oxcollagen.lt\/pl\/warunki-dostawy\/\" \/>\n<meta property=\"og:site_name\" content=\"Ox collagen\" \/>\n<meta property=\"article:publisher\" content=\"https:\/\/www.facebook.com\/oxcollagen\/\" \/>\n<meta property=\"article:modified_time\" content=\"2024-07-11T14:51:32+00:00\" \/>\n<meta property=\"og:image\" content=\"https:\/\/oxcollagen.lt\/wp-content\/uploads\/2024\/04\/logo_oxcollagen.lt_.png\" \/>\n\t<meta property=\"og:image:width\" content=\"1200\" \/>\n\t<meta property=\"og:image:height\" content=\"675\" \/>\n\t<meta property=\"og:image:type\" content=\"image\/png\" \/>\n<meta name=\"twitter:card\" content=\"summary_large_image\" \/>\n<meta name=\"twitter:label1\" content=\"Szacowany czas czytania\" \/>\n\t<meta name=\"twitter:data1\" content=\"1 minuta\" \/>\n<script type=\"application\/ld+json\" class=\"yoast-schema-graph\">{\"@context\":\"https:\\\/\\\/schema.org\",\"@graph\":[{\"@type\":\"WebPage\",\"@id\":\"https:\\\/\\\/oxcollagen.lt\\\/pristatymo-salygos\\\/\",\"url\":\"https:\\\/\\\/oxcollagen.lt\\\/pristatymo-salygos\\\/\",\"name\":\"Pristatymo s\u0105lygos - Ox collagen\",\"isPartOf\":{\"@id\":\"https:\\\/\\\/oxcollagen.lt\\\/#website\"},\"datePublished\":\"2023-04-13T07:26:37+00:00\",\"dateModified\":\"2024-07-11T14:51:32+00:00\",\"breadcrumb\":{\"@id\":\"https:\\\/\\\/oxcollagen.lt\\\/pristatymo-salygos\\\/#breadcrumb\"},\"inLanguage\":\"pl-PL\",\"potentialAction\":[{\"@type\":\"ReadAction\",\"target\":[\"https:\\\/\\\/oxcollagen.lt\\\/pristatymo-salygos\\\/\"]}]},{\"@type\":\"BreadcrumbList\",\"@id\":\"https:\\\/\\\/oxcollagen.lt\\\/pristatymo-salygos\\\/#breadcrumb\",\"itemListElement\":[{\"@type\":\"ListItem\",\"position\":1,\"name\":\"Home\",\"item\":\"https:\\\/\\\/oxcollagen.lt\\\/\"},{\"@type\":\"ListItem\",\"position\":2,\"name\":\"Pristatymo s\u0105lygos\"}]},{\"@type\":\"WebSite\",\"@id\":\"https:\\\/\\\/oxcollagen.lt\\\/#website\",\"url\":\"https:\\\/\\\/oxcollagen.lt\\\/\",\"name\":\"Ox collagen\",\"description\":\"Nat\u016bral\u016bs baton\u0117liai su kolageno baltymais\",\"publisher\":{\"@id\":\"https:\\\/\\\/oxcollagen.lt\\\/#organization\"},\"potentialAction\":[{\"@type\":\"SearchAction\",\"target\":{\"@type\":\"EntryPoint\",\"urlTemplate\":\"https:\\\/\\\/oxcollagen.lt\\\/?s={search_term_string}\"},\"query-input\":{\"@type\":\"PropertyValueSpecification\",\"valueRequired\":true,\"valueName\":\"search_term_string\"}}],\"inLanguage\":\"pl-PL\"},{\"@type\":\"Organization\",\"@id\":\"https:\\\/\\\/oxcollagen.lt\\\/#organization\",\"name\":\"Ox collagen\",\"url\":\"https:\\\/\\\/oxcollagen.lt\\\/\",\"logo\":{\"@type\":\"ImageObject\",\"inLanguage\":\"pl-PL\",\"@id\":\"https:\\\/\\\/oxcollagen.lt\\\/#\\\/schema\\\/logo\\\/image\\\/\",\"url\":\"https:\\\/\\\/oxcollagen.lt\\\/wp-content\\\/uploads\\\/2024\\\/04\\\/oxcollagen.lt_.png\",\"contentUrl\":\"https:\\\/\\\/oxcollagen.lt\\\/wp-content\\\/uploads\\\/2024\\\/04\\\/oxcollagen.lt_.png\",\"width\":696,\"height\":696,\"caption\":\"Ox collagen\"},\"image\":{\"@id\":\"https:\\\/\\\/oxcollagen.lt\\\/#\\\/schema\\\/logo\\\/image\\\/\"},\"sameAs\":[\"https:\\\/\\\/www.facebook.com\\\/oxcollagen\\\/\"]}]}<\/script>\n<!-- \/ Yoast SEO plugin. -->","yoast_head_json":{"title":"Warunki dostawy - kolagen wo\u0142owy","robots":{"index":"index","follow":"follow","max-snippet":"max-snippet:-1","max-image-preview":"max-image-preview:large","max-video-preview":"max-video-preview:-1"},"canonical":"https:\/\/oxcollagen.lt\/pl\/warunki-dostawy\/","og_locale":"pl_PL","og_type":"article","og_title":"Pristatymo s\u0105lygos - Ox collagen","og_description":"https:\/\/oxcollagen.lt \u012fsigytos prek\u0117s \u012fprastai suruo\u0161iamos ir pristatomos per 2-5 darbo dienas, po gauto apmok\u0117jimo, jeigu prie prek\u0117s nepa\u017eym\u0117ta kitaip. Pristatymas \u012f kitas Europos \u0161alis Pristatymas kitose Europos s\u0105jungos \u0161alyse \u2013 registruota Lietuvos pa\u0161to siunta. Kainos \u2013 pagal Lietuvos pa\u0161to \u012fkainius pagal svor\u012f. Siuntos b\u016bkl\u0117 Gav\u0119 siuntin\u012f i\u0161kart patikrinkite ar prek\u0117, jos pakuot\u0117 n\u0117ra pa\u017eeista. Pasteb\u0117jus siuntos pa\u017eeidim\u0105, dalyvaujant kurjeriui (jei siunta pristatoma per kurjer\u012f) sura\u0161ykite pastabas apie siuntos pa\u017eeidimus arba atsisakykite priimti siunt\u0105. Pri\u0117mus siunt\u0105 ir pasira\u0161ius va\u017etara\u0161t\u012f be pastab\u0173, laikoma, kad siunta pristatyta tinkamai ir tai gali apsunkinti bet koki\u0173 pretenzij\u0173 d\u0117l prek\u0117s i\u0161orini\u0173 pa\u017eeidim\u0173 nagrin\u0117jim\u0105.","og_url":"https:\/\/oxcollagen.lt\/pl\/warunki-dostawy\/","og_site_name":"Ox collagen","article_publisher":"https:\/\/www.facebook.com\/oxcollagen\/","article_modified_time":"2024-07-11T14:51:32+00:00","og_image":[{"width":1200,"height":675,"url":"https:\/\/oxcollagen.lt\/wp-content\/uploads\/2024\/04\/logo_oxcollagen.lt_.png","type":"image\/png"}],"twitter_card":"summary_large_image","twitter_misc":{"Szacowany czas czytania":"1 minuta"},"schema":{"@context":"https:\/\/schema.org","@graph":[{"@type":"WebPage","@id":"https:\/\/oxcollagen.lt\/pristatymo-salygos\/","url":"https:\/\/oxcollagen.lt\/pristatymo-salygos\/","name":"Warunki dostawy - kolagen wo\u0142owy","isPartOf":{"@id":"https:\/\/oxcollagen.lt\/#website"},"datePublished":"2023-04-13T07:26:37+00:00","dateModified":"2024-07-11T14:51:32+00:00","breadcrumb":{"@id":"https:\/\/oxcollagen.lt\/pristatymo-salygos\/#breadcrumb"},"inLanguage":"pl-PL","potentialAction":[{"@type":"ReadAction","target":["https:\/\/oxcollagen.lt\/pristatymo-salygos\/"]}]},{"@type":"BreadcrumbList","@id":"https:\/\/oxcollagen.lt\/pristatymo-salygos\/#breadcrumb","itemListElement":[{"@type":"ListItem","position":1,"name":"Home","item":"https:\/\/oxcollagen.lt\/"},{"@type":"ListItem","position":2,"name":"Pristatymo s\u0105lygos"}]},{"@type":"WebSite","@id":"https:\/\/oxcollagen.lt\/#website","url":"https:\/\/oxcollagen.lt\/","name":"Kolagen wo\u0142owy","description":"Naturalne batony z bia\u0142kami kolagenowymi","publisher":{"@id":"https:\/\/oxcollagen.lt\/#organization"},"potentialAction":[{"@type":"SearchAction","target":{"@type":"EntryPoint","urlTemplate":"https:\/\/oxcollagen.lt\/?s={search_term_string}"},"query-input":{"@type":"PropertyValueSpecification","valueRequired":true,"valueName":"search_term_string"}}],"inLanguage":"pl-PL"},{"@type":"Organization","@id":"https:\/\/oxcollagen.lt\/#organization","name":"Kolagen wo\u0142owy","url":"https:\/\/oxcollagen.lt\/","logo":{"@type":"ImageObject","inLanguage":"pl-PL","@id":"https:\/\/oxcollagen.lt\/#\/schema\/logo\/image\/","url":"https:\/\/oxcollagen.lt\/wp-content\/uploads\/2024\/04\/oxcollagen.lt_.png","contentUrl":"https:\/\/oxcollagen.lt\/wp-content\/uploads\/2024\/04\/oxcollagen.lt_.png","width":696,"height":696,"caption":"Ox collagen"},"image":{"@id":"https:\/\/oxcollagen.lt\/#\/schema\/logo\/image\/"},"sameAs":["https:\/\/www.facebook.com\/oxcollagen\/"]}]}},"_links":{"self":[{"href":"https:\/\/oxcollagen.lt\/pl\/wp-json\/wp\/v2\/pages\/21742","targetHints":{"allow":["GET"]}}],"collection":[{"href":"https:\/\/oxcollagen.lt\/pl\/wp-json\/wp\/v2\/pages"}],"about":[{"href":"https:\/\/oxcollagen.lt\/pl\/wp-json\/wp\/v2\/types\/page"}],"author":[{"embeddable":true,"href":"https:\/\/oxcollagen.lt\/pl\/wp-json\/wp\/v2\/users\/3"}],"replies":[{"embeddable":true,"href":"https:\/\/oxcollagen.lt\/pl\/wp-json\/wp\/v2\/comments?post=21742"}],"version-history":[{"count":1,"href":"https:\/\/oxcollagen.lt\/pl\/wp-json\/wp\/v2\/pages\/21742\/revisions"}],"predecessor-version":[{"id":22237,"href":"https:\/\/oxcollagen.lt\/pl\/wp-json\/wp\/v2\/pages\/21742\/revisions\/22237"}],"wp:attachment":[{"href":"https:\/\/oxcollagen.lt\/pl\/wp-json\/wp\/v2\/media?parent=21742"}],"curies":[{"name":"wp","href":"https:\/\/api.w.org\/{rel}","templated":true}]}}