{"id":331,"date":"2021-11-26T09:41:15","date_gmt":"2021-11-26T09:41:15","guid":{"rendered":"https:\/\/oxcollagen.lt?page_id=331"},"modified":"2024-04-27T17:12:35","modified_gmt":"2024-04-27T17:12:35","slug":"duk","status":"publish","type":"page","link":"https:\/\/oxcollagen.lt\/pl\/duk\/","title":{"rendered":"FAQ"},"content":{"rendered":"<div class=\"schema-faq wp-block-yoast-faq-block\"><div class=\"schema-faq-section\" id=\"faq-question-1714235158369\"><strong class=\"schema-faq-question\">Czym jest kolagen i dlaczego jest tak wa\u017cny?<\/strong> <p class=\"schema-faq-answer\">Kolagen to bia\u0142ko, kt\u00f3re nadaje struktur\u0119 sk\u00f3rze, w\u0142osom, paznokciom, ko\u015bciom i stawom. Jest niezb\u0119dny do utrzymania zdrowej i m\u0142odej sk\u00f3ry oraz og\u00f3lnego zdrowia staw\u00f3w.<\/p> <\/div> <div class=\"schema-faq-section\" id=\"faq-question-1714235187066\"><strong class=\"schema-faq-question\">Jak mog\u0119 skorzysta\u0107 z baton\u00f3w kolagenowych?<\/strong> <p class=\"schema-faq-answer\">Batony kolagenowe to wygodny spos\u00f3b na dodanie kolagenu do diety, a tak\u017ce smaczna i syc\u0105ca przek\u0105ska.<\/p> <\/div> <div class=\"schema-faq-section\" id=\"faq-question-1714235182507\"><strong class=\"schema-faq-question\">Czy batony kolagenowe s\u0105 odpowiednie dla wegetarian lub wegan?<\/strong> <p class=\"schema-faq-answer\">Batony kolagenowe generalnie nie s\u0105 odpowiednie dla wegetarian i wegan, poniewa\u017c kolagen pochodzi ze \u017ar\u00f3de\u0142 zwierz\u0119cych, takich jak wo\u0142owina.<\/p> <\/div> <div class=\"schema-faq-section\" id=\"faq-question-1714236449921\"><strong class=\"schema-faq-question\">Czy batony kolagenowe mog\u0105 zast\u0105pi\u0107 suplementy kolagenowe?<\/strong> <p class=\"schema-faq-answer\">Batony kolagenowe s\u0105 wygodn\u0105 alternatyw\u0105 dla suplement\u00f3w kolagenowych, zapewniaj\u0105c smaczn\u0105 przek\u0105sk\u0119 i korzy\u015bci p\u0142yn\u0105ce z kolagenu. Skuteczno\u015b\u0107 baton\u00f3w kolagenowych i suplement\u00f3w mo\u017ce si\u0119 jednak r\u00f3\u017cni\u0107 w zale\u017cno\u015bci od indywidualnych preferencji i potrzeb \u017cywieniowych.<\/p> <\/div> <div class=\"schema-faq-section\" id=\"faq-question-1714236462771\"><strong class=\"schema-faq-question\">Czy kolagen mo\u017ce pom\u00f3c starzej\u0105cej si\u0119 sk\u00f3rze?<\/strong> <p class=\"schema-faq-answer\">Kolagen mo\u017ce pom\u00f3c w utrzymaniu elastyczno\u015bci i nawil\u017cenia sk\u00f3ry, kt\u00f3re s\u0105 kluczowymi czynnikami w walce z oznakami starzenia. W\u0142\u0105czenie kolagenu do diety wraz z rutynow\u0105 piel\u0119gnacj\u0105 sk\u00f3ry mo\u017ce pom\u00f3c w utrzymaniu m\u0142odej sk\u00f3ry przez d\u0142ugi czas.<\/p> <\/div> <div class=\"schema-faq-section\" id=\"faq-question-1714236522398\"><strong class=\"schema-faq-question\">Kiedy najlepiej przyjmowa\u0107 suplementy kolagenowe dla sportowc\u00f3w?<\/strong> <p class=\"schema-faq-answer\">Kolagen mo\u017cna przyjmowa\u0107 przed lub po \u0107wiczeniach. Stosowanie przed \u0107wiczeniami mo\u017ce pom\u00f3c stawom, a stosowanie po \u0107wiczeniach mo\u017ce pom\u00f3c w naprawie i regeneracji mi\u0119\u015bni.<\/p> <\/div> <div class=\"schema-faq-section\" id=\"faq-question-1714236531370\"><strong class=\"schema-faq-question\">Czy suplementy kolagenowe s\u0105 odpowiednie dla sportowc\u00f3w z ograniczeniami dietetycznymi?<\/strong> <p class=\"schema-faq-answer\">Tak, suplementy kolagenowe nie zawieraj\u0105 glutenu, nabia\u0142u ani soi, dzi\u0119ki czemu s\u0105 odpowiednie dla sportowc\u00f3w o r\u00f3\u017cnych potrzebach \u017cywieniowych.<\/p> <\/div> <div class=\"schema-faq-section\" id=\"faq-question-1714236547156\"><strong class=\"schema-faq-question\">Kt\u00f3re rodzaje kolagenu s\u0105 najbardziej korzystne dla sportowc\u00f3w?<\/strong> <p class=\"schema-faq-answer\">Kolageny typu I i III s\u0105 szczeg\u00f3lnie przydatne dla sportowc\u00f3w, poniewa\u017c wyst\u0119puj\u0105 w du\u017cej ilo\u015bci w \u015bci\u0119gnach, wi\u0119zad\u0142ach i sk\u00f3rze oraz wspieraj\u0105 zdrowie i elastyczno\u015b\u0107 staw\u00f3w.<\/p> <\/div> <\/div>","protected":false},"excerpt":{"rendered":"","protected":false},"author":3,"featured_media":0,"parent":0,"menu_order":0,"comment_status":"closed","ping_status":"closed","template":"","meta":{"footnotes":""},"class_list":["post-331","page","type-page","status-publish","hentry","post-no-thumbnail"],"yoast_head":"<!-- This site is optimized with the Yoast SEO plugin v27.4 - https:\/\/yoast.com\/product\/yoast-seo-wordpress\/ -->\n<title>DUK - Ox collagen<\/title>\n<meta name=\"robots\" content=\"index, follow, max-snippet:-1, max-image-preview:large, max-video-preview:-1\" \/>\n<link rel=\"canonical\" href=\"https:\/\/oxcollagen.lt\/pl\/duk\/\" \/>\n<meta property=\"og:locale\" content=\"pl_PL\" \/>\n<meta property=\"og:type\" content=\"article\" \/>\n<meta property=\"og:title\" content=\"DUK - Ox collagen\" \/>\n<meta property=\"og:url\" content=\"https:\/\/oxcollagen.lt\/pl\/duk\/\" \/>\n<meta property=\"og:site_name\" content=\"Ox collagen\" \/>\n<meta property=\"article:publisher\" content=\"https:\/\/www.facebook.com\/oxcollagen\/\" \/>\n<meta property=\"article:modified_time\" content=\"2024-04-27T17:12:35+00:00\" \/>\n<meta property=\"og:image\" content=\"https:\/\/oxcollagen.lt\/wp-content\/uploads\/2024\/04\/logo_oxcollagen.lt_.png\" \/>\n\t<meta property=\"og:image:width\" content=\"1200\" \/>\n\t<meta property=\"og:image:height\" content=\"675\" \/>\n\t<meta property=\"og:image:type\" content=\"image\/png\" \/>\n<meta name=\"twitter:card\" content=\"summary_large_image\" \/>\n<meta name=\"twitter:label1\" content=\"Szacowany czas czytania\" \/>\n\t<meta name=\"twitter:data1\" content=\"2 minuty\" \/>\n<script type=\"application\/ld+json\" class=\"yoast-schema-graph\">{\"@context\":\"https:\\\/\\\/schema.org\",\"@graph\":[{\"@type\":[\"WebPage\",\"FAQPage\"],\"@id\":\"https:\\\/\\\/oxcollagen.lt\\\/nl\\\/duk\\\/\",\"url\":\"https:\\\/\\\/oxcollagen.lt\\\/nl\\\/duk\\\/\",\"name\":\"DUK - Ox collagen\",\"isPartOf\":{\"@id\":\"https:\\\/\\\/oxcollagen.lt\\\/#website\"},\"datePublished\":\"2021-11-26T09:41:15+00:00\",\"dateModified\":\"2024-04-27T17:12:35+00:00\",\"breadcrumb\":{\"@id\":\"https:\\\/\\\/oxcollagen.lt\\\/nl\\\/duk\\\/#breadcrumb\"},\"mainEntity\":[{\"@id\":\"https:\\\/\\\/oxcollagen.lt\\\/nl\\\/duk\\\/#faq-question-1714235158369\"},{\"@id\":\"https:\\\/\\\/oxcollagen.lt\\\/nl\\\/duk\\\/#faq-question-1714235187066\"},{\"@id\":\"https:\\\/\\\/oxcollagen.lt\\\/nl\\\/duk\\\/#faq-question-1714235182507\"},{\"@id\":\"https:\\\/\\\/oxcollagen.lt\\\/nl\\\/duk\\\/#faq-question-1714236449921\"},{\"@id\":\"https:\\\/\\\/oxcollagen.lt\\\/nl\\\/duk\\\/#faq-question-1714236462771\"},{\"@id\":\"https:\\\/\\\/oxcollagen.lt\\\/nl\\\/duk\\\/#faq-question-1714236522398\"},{\"@id\":\"https:\\\/\\\/oxcollagen.lt\\\/nl\\\/duk\\\/#faq-question-1714236531370\"},{\"@id\":\"https:\\\/\\\/oxcollagen.lt\\\/nl\\\/duk\\\/#faq-question-1714236547156\"}],\"inLanguage\":\"pl-PL\",\"potentialAction\":[{\"@type\":\"ReadAction\",\"target\":[\"https:\\\/\\\/oxcollagen.lt\\\/nl\\\/duk\\\/\"]}]},{\"@type\":\"BreadcrumbList\",\"@id\":\"https:\\\/\\\/oxcollagen.lt\\\/nl\\\/duk\\\/#breadcrumb\",\"itemListElement\":[{\"@type\":\"ListItem\",\"position\":1,\"name\":\"Home\",\"item\":\"https:\\\/\\\/oxcollagen.lt\\\/\"},{\"@type\":\"ListItem\",\"position\":2,\"name\":\"DUK\"}]},{\"@type\":\"WebSite\",\"@id\":\"https:\\\/\\\/oxcollagen.lt\\\/#website\",\"url\":\"https:\\\/\\\/oxcollagen.lt\\\/\",\"name\":\"Ox collagen\",\"description\":\"Nat\u016bral\u016bs baton\u0117liai su kolageno baltymais\",\"publisher\":{\"@id\":\"https:\\\/\\\/oxcollagen.lt\\\/#organization\"},\"potentialAction\":[{\"@type\":\"SearchAction\",\"target\":{\"@type\":\"EntryPoint\",\"urlTemplate\":\"https:\\\/\\\/oxcollagen.lt\\\/?s={search_term_string}\"},\"query-input\":{\"@type\":\"PropertyValueSpecification\",\"valueRequired\":true,\"valueName\":\"search_term_string\"}}],\"inLanguage\":\"pl-PL\"},{\"@type\":\"Organization\",\"@id\":\"https:\\\/\\\/oxcollagen.lt\\\/#organization\",\"name\":\"Ox collagen\",\"url\":\"https:\\\/\\\/oxcollagen.lt\\\/\",\"logo\":{\"@type\":\"ImageObject\",\"inLanguage\":\"pl-PL\",\"@id\":\"https:\\\/\\\/oxcollagen.lt\\\/#\\\/schema\\\/logo\\\/image\\\/\",\"url\":\"https:\\\/\\\/oxcollagen.lt\\\/wp-content\\\/uploads\\\/2024\\\/04\\\/oxcollagen.lt_.png\",\"contentUrl\":\"https:\\\/\\\/oxcollagen.lt\\\/wp-content\\\/uploads\\\/2024\\\/04\\\/oxcollagen.lt_.png\",\"width\":696,\"height\":696,\"caption\":\"Ox collagen\"},\"image\":{\"@id\":\"https:\\\/\\\/oxcollagen.lt\\\/#\\\/schema\\\/logo\\\/image\\\/\"},\"sameAs\":[\"https:\\\/\\\/www.facebook.com\\\/oxcollagen\\\/\"]},{\"@type\":\"Question\",\"@id\":\"https:\\\/\\\/oxcollagen.lt\\\/nl\\\/duk\\\/#faq-question-1714235158369\",\"position\":1,\"url\":\"https:\\\/\\\/oxcollagen.lt\\\/nl\\\/duk\\\/#faq-question-1714235158369\",\"name\":\"Kas yra kolagenas ir kod\u0117l jis svarbus?\",\"answerCount\":1,\"acceptedAnswer\":{\"@type\":\"Answer\",\"text\":\"Kolagenas yra baltymas, suteikiantis strukt\u016br\u0105 j\u016bs\u0173 odai, plaukams, nagams, kaulams ir s\u0105nariams. Tai b\u016btina norint i\u0161laikyti sveik\u0105 ir jaunatvi\u0161k\u0105 od\u0105 bei palaikyti bendr\u0105 s\u0105nari\u0173 sveikat\u0105.\",\"inLanguage\":\"pl-PL\"},\"inLanguage\":\"pl-PL\"},{\"@type\":\"Question\",\"@id\":\"https:\\\/\\\/oxcollagen.lt\\\/nl\\\/duk\\\/#faq-question-1714235187066\",\"position\":2,\"url\":\"https:\\\/\\\/oxcollagen.lt\\\/nl\\\/duk\\\/#faq-question-1714235187066\",\"name\":\"Kaip man naudingi kolageno baton\u0117liai?\",\"answerCount\":1,\"acceptedAnswer\":{\"@type\":\"Answer\",\"text\":\"Kolageno baton\u0117liai yra patogus b\u016bdas \u012ftraukti kolagen\u0105 \u012f savo mityb\u0105, tai yra skanus ir sotus u\u017ekandis.\",\"inLanguage\":\"pl-PL\"},\"inLanguage\":\"pl-PL\"},{\"@type\":\"Question\",\"@id\":\"https:\\\/\\\/oxcollagen.lt\\\/nl\\\/duk\\\/#faq-question-1714235182507\",\"position\":3,\"url\":\"https:\\\/\\\/oxcollagen.lt\\\/nl\\\/duk\\\/#faq-question-1714235182507\",\"name\":\"Ar kolageno baton\u0117liai tinka vegetarams ar veganams?\",\"answerCount\":1,\"acceptedAnswer\":{\"@type\":\"Answer\",\"text\":\"Paprastai kolageno baton\u0117liai netinka vegetarams ar veganams, nes kolagenas gaunamas i\u0161 gyvulini\u0173 \u0161altini\u0173, toki\u0173 kaip jautiena.\",\"inLanguage\":\"pl-PL\"},\"inLanguage\":\"pl-PL\"},{\"@type\":\"Question\",\"@id\":\"https:\\\/\\\/oxcollagen.lt\\\/nl\\\/duk\\\/#faq-question-1714236449921\",\"position\":4,\"url\":\"https:\\\/\\\/oxcollagen.lt\\\/nl\\\/duk\\\/#faq-question-1714236449921\",\"name\":\"Ar kolageno baton\u0117liai gali pakeisti kolageno papildus?\",\"answerCount\":1,\"acceptedAnswer\":{\"@type\":\"Answer\",\"text\":\"Kolageno baton\u0117liai yra patogi alternatyva kolageno papildams, suteikiant skan\u0173 u\u017ekand\u012f ir suteikiant kolageno naud\u0105. Ta\u010diau kolageno baton\u0117li\u0173 ir papild\u0173 veiksmingumas gali skirtis priklausomai nuo individuali\u0173 pageidavim\u0173 ir mitybos poreiki\u0173.\",\"inLanguage\":\"pl-PL\"},\"inLanguage\":\"pl-PL\"},{\"@type\":\"Question\",\"@id\":\"https:\\\/\\\/oxcollagen.lt\\\/nl\\\/duk\\\/#faq-question-1714236462771\",\"position\":5,\"url\":\"https:\\\/\\\/oxcollagen.lt\\\/nl\\\/duk\\\/#faq-question-1714236462771\",\"name\":\"Ar kolagenas gali pad\u0117ti senstan\u010diai odai?\",\"answerCount\":1,\"acceptedAnswer\":{\"@type\":\"Answer\",\"text\":\"Kolageno gali pad\u0117ti i\u0161laikyti odos elastingum\u0105 ir hidratacij\u0105, o tai yra esminiai veiksniai kovojant su sen\u0117jimo po\u017eymiais. Kolageno \u012ftraukimas \u012f savo mityb\u0105 kartu su odos prie\u017ei\u016bros rutina laikui b\u0117gant gali pad\u0117ti i\u0161laikyti jaunatvi\u0161k\u0105 od\u0105.\",\"inLanguage\":\"pl-PL\"},\"inLanguage\":\"pl-PL\"},{\"@type\":\"Question\",\"@id\":\"https:\\\/\\\/oxcollagen.lt\\\/nl\\\/duk\\\/#faq-question-1714236522398\",\"position\":6,\"url\":\"https:\\\/\\\/oxcollagen.lt\\\/nl\\\/duk\\\/#faq-question-1714236522398\",\"name\":\"Kada yra geriausias laikas vartoti kolageno papildus sportuojant?\",\"answerCount\":1,\"acceptedAnswer\":{\"@type\":\"Answer\",\"text\":\"Kolageno galima vartoti prie\u0161 arba po treniruot\u0117s. Vartojimas prie\u0161 mank\u0161t\u0105 gali pad\u0117ti s\u0105nariams, o po treniruot\u0117s \u2013 raumen\u0173 atstatymui ir atsigavimui.\",\"inLanguage\":\"pl-PL\"},\"inLanguage\":\"pl-PL\"},{\"@type\":\"Question\",\"@id\":\"https:\\\/\\\/oxcollagen.lt\\\/nl\\\/duk\\\/#faq-question-1714236531370\",\"position\":7,\"url\":\"https:\\\/\\\/oxcollagen.lt\\\/nl\\\/duk\\\/#faq-question-1714236531370\",\"name\":\"Ar kolageno papildai tinka sportininkams, turintiems mitybos apribojim\u0173?\",\"answerCount\":1,\"acceptedAnswer\":{\"@type\":\"Answer\",\"text\":\"Taip, kolageno papildai yra be glitimo, be pieno ir be soj\u0173, tod\u0117l jie tinka \u012fvairi\u0173 mitybos poreiki\u0173 turintiems sportininkams.\",\"inLanguage\":\"pl-PL\"},\"inLanguage\":\"pl-PL\"},{\"@type\":\"Question\",\"@id\":\"https:\\\/\\\/oxcollagen.lt\\\/nl\\\/duk\\\/#faq-question-1714236547156\",\"position\":8,\"url\":\"https:\\\/\\\/oxcollagen.lt\\\/nl\\\/duk\\\/#faq-question-1714236547156\",\"name\":\"Kokie kolageno tipai yra naudingiausi sportininkams?\",\"answerCount\":1,\"acceptedAnswer\":{\"@type\":\"Answer\",\"text\":\"I ir III tipo kolagenas ypa\u010d naudingas sportininkams, nes jo gausu sausgysl\u0117se, rai\u0161\u010diuose ir odoje, palaiko bendr\u0105 s\u0105nari\u0173 sveikat\u0105 ir elastingum\u0105.\",\"inLanguage\":\"pl-PL\"},\"inLanguage\":\"pl-PL\"}]}<\/script>\n<!-- \/ Yoast SEO plugin. -->","yoast_head_json":{"title":"DUK - kolagen wo\u0142owy","robots":{"index":"index","follow":"follow","max-snippet":"max-snippet:-1","max-image-preview":"max-image-preview:large","max-video-preview":"max-video-preview:-1"},"canonical":"https:\/\/oxcollagen.lt\/pl\/duk\/","og_locale":"pl_PL","og_type":"article","og_title":"DUK - Ox collagen","og_url":"https:\/\/oxcollagen.lt\/pl\/duk\/","og_site_name":"Ox collagen","article_publisher":"https:\/\/www.facebook.com\/oxcollagen\/","article_modified_time":"2024-04-27T17:12:35+00:00","og_image":[{"width":1200,"height":675,"url":"https:\/\/oxcollagen.lt\/wp-content\/uploads\/2024\/04\/logo_oxcollagen.lt_.png","type":"image\/png"}],"twitter_card":"summary_large_image","twitter_misc":{"Szacowany czas czytania":"2 minuty"},"schema":{"@context":"https:\/\/schema.org","@graph":[{"@type":["WebPage","FAQPage"],"@id":"https:\/\/oxcollagen.lt\/nl\/duk\/","url":"https:\/\/oxcollagen.lt\/nl\/duk\/","name":"DUK - kolagen wo\u0142owy","isPartOf":{"@id":"https:\/\/oxcollagen.lt\/#website"},"datePublished":"2021-11-26T09:41:15+00:00","dateModified":"2024-04-27T17:12:35+00:00","breadcrumb":{"@id":"https:\/\/oxcollagen.lt\/nl\/duk\/#breadcrumb"},"mainEntity":[{"@id":"https:\/\/oxcollagen.lt\/nl\/duk\/#faq-question-1714235158369"},{"@id":"https:\/\/oxcollagen.lt\/nl\/duk\/#faq-question-1714235187066"},{"@id":"https:\/\/oxcollagen.lt\/nl\/duk\/#faq-question-1714235182507"},{"@id":"https:\/\/oxcollagen.lt\/nl\/duk\/#faq-question-1714236449921"},{"@id":"https:\/\/oxcollagen.lt\/nl\/duk\/#faq-question-1714236462771"},{"@id":"https:\/\/oxcollagen.lt\/nl\/duk\/#faq-question-1714236522398"},{"@id":"https:\/\/oxcollagen.lt\/nl\/duk\/#faq-question-1714236531370"},{"@id":"https:\/\/oxcollagen.lt\/nl\/duk\/#faq-question-1714236547156"}],"inLanguage":"pl-PL","potentialAction":[{"@type":"ReadAction","target":["https:\/\/oxcollagen.lt\/nl\/duk\/"]}]},{"@type":"BreadcrumbList","@id":"https:\/\/oxcollagen.lt\/nl\/duk\/#breadcrumb","itemListElement":[{"@type":"ListItem","position":1,"name":"Home","item":"https:\/\/oxcollagen.lt\/"},{"@type":"ListItem","position":2,"name":"DUK"}]},{"@type":"WebSite","@id":"https:\/\/oxcollagen.lt\/#website","url":"https:\/\/oxcollagen.lt\/","name":"Kolagen wo\u0142owy","description":"Naturalne batony z bia\u0142kami kolagenowymi","publisher":{"@id":"https:\/\/oxcollagen.lt\/#organization"},"potentialAction":[{"@type":"SearchAction","target":{"@type":"EntryPoint","urlTemplate":"https:\/\/oxcollagen.lt\/?s={search_term_string}"},"query-input":{"@type":"PropertyValueSpecification","valueRequired":true,"valueName":"search_term_string"}}],"inLanguage":"pl-PL"},{"@type":"Organization","@id":"https:\/\/oxcollagen.lt\/#organization","name":"Kolagen wo\u0142owy","url":"https:\/\/oxcollagen.lt\/","logo":{"@type":"ImageObject","inLanguage":"pl-PL","@id":"https:\/\/oxcollagen.lt\/#\/schema\/logo\/image\/","url":"https:\/\/oxcollagen.lt\/wp-content\/uploads\/2024\/04\/oxcollagen.lt_.png","contentUrl":"https:\/\/oxcollagen.lt\/wp-content\/uploads\/2024\/04\/oxcollagen.lt_.png","width":696,"height":696,"caption":"Ox collagen"},"image":{"@id":"https:\/\/oxcollagen.lt\/#\/schema\/logo\/image\/"},"sameAs":["https:\/\/www.facebook.com\/oxcollagen\/"]},{"@type":"Question","@id":"https:\/\/oxcollagen.lt\/nl\/duk\/#faq-question-1714235158369","position":1,"url":"https:\/\/oxcollagen.lt\/nl\/duk\/#faq-question-1714235158369","name":"Czym jest kolagen i dlaczego jest tak wa\u017cny?","answerCount":1,"acceptedAnswer":{"@type":"Answer","text":"Kolagenas yra baltymas, suteikiantis strukt\u016br\u0105 j\u016bs\u0173 odai, plaukams, nagams, kaulams ir s\u0105nariams. Tai b\u016btina norint i\u0161laikyti sveik\u0105 ir jaunatvi\u0161k\u0105 od\u0105 bei palaikyti bendr\u0105 s\u0105nari\u0173 sveikat\u0105.","inLanguage":"pl-PL"},"inLanguage":"pl-PL"},{"@type":"Question","@id":"https:\/\/oxcollagen.lt\/nl\/duk\/#faq-question-1714235187066","position":2,"url":"https:\/\/oxcollagen.lt\/nl\/duk\/#faq-question-1714235187066","name":"Jak mog\u0119 skorzysta\u0107 z baton\u00f3w kolagenowych?","answerCount":1,"acceptedAnswer":{"@type":"Answer","text":"Kolageno baton\u0117liai yra patogus b\u016bdas \u012ftraukti kolagen\u0105 \u012f savo mityb\u0105, tai yra skanus ir sotus u\u017ekandis.","inLanguage":"pl-PL"},"inLanguage":"pl-PL"},{"@type":"Question","@id":"https:\/\/oxcollagen.lt\/nl\/duk\/#faq-question-1714235182507","position":3,"url":"https:\/\/oxcollagen.lt\/nl\/duk\/#faq-question-1714235182507","name":"Czy batony kolagenowe s\u0105 odpowiednie dla wegetarian lub wegan?","answerCount":1,"acceptedAnswer":{"@type":"Answer","text":"Paprastai kolageno baton\u0117liai netinka vegetarams ar veganams, nes kolagenas gaunamas i\u0161 gyvulini\u0173 \u0161altini\u0173, toki\u0173 kaip jautiena.","inLanguage":"pl-PL"},"inLanguage":"pl-PL"},{"@type":"Question","@id":"https:\/\/oxcollagen.lt\/nl\/duk\/#faq-question-1714236449921","position":4,"url":"https:\/\/oxcollagen.lt\/nl\/duk\/#faq-question-1714236449921","name":"Czy batony kolagenowe mog\u0105 zast\u0105pi\u0107 suplementy kolagenowe?","answerCount":1,"acceptedAnswer":{"@type":"Answer","text":"Kolageno baton\u0117liai yra patogi alternatyva kolageno papildams, suteikiant skan\u0173 u\u017ekand\u012f ir suteikiant kolageno naud\u0105. Ta\u010diau kolageno baton\u0117li\u0173 ir papild\u0173 veiksmingumas gali skirtis priklausomai nuo individuali\u0173 pageidavim\u0173 ir mitybos poreiki\u0173.","inLanguage":"pl-PL"},"inLanguage":"pl-PL"},{"@type":"Question","@id":"https:\/\/oxcollagen.lt\/nl\/duk\/#faq-question-1714236462771","position":5,"url":"https:\/\/oxcollagen.lt\/nl\/duk\/#faq-question-1714236462771","name":"Czy kolagen mo\u017ce pom\u00f3c starzej\u0105cej si\u0119 sk\u00f3rze?","answerCount":1,"acceptedAnswer":{"@type":"Answer","text":"Kolageno gali pad\u0117ti i\u0161laikyti odos elastingum\u0105 ir hidratacij\u0105, o tai yra esminiai veiksniai kovojant su sen\u0117jimo po\u017eymiais. Kolageno \u012ftraukimas \u012f savo mityb\u0105 kartu su odos prie\u017ei\u016bros rutina laikui b\u0117gant gali pad\u0117ti i\u0161laikyti jaunatvi\u0161k\u0105 od\u0105.","inLanguage":"pl-PL"},"inLanguage":"pl-PL"},{"@type":"Question","@id":"https:\/\/oxcollagen.lt\/nl\/duk\/#faq-question-1714236522398","position":6,"url":"https:\/\/oxcollagen.lt\/nl\/duk\/#faq-question-1714236522398","name":"Kiedy najlepiej przyjmowa\u0107 suplementy kolagenowe dla sportowc\u00f3w?","answerCount":1,"acceptedAnswer":{"@type":"Answer","text":"Kolageno galima vartoti prie\u0161 arba po treniruot\u0117s. Vartojimas prie\u0161 mank\u0161t\u0105 gali pad\u0117ti s\u0105nariams, o po treniruot\u0117s \u2013 raumen\u0173 atstatymui ir atsigavimui.","inLanguage":"pl-PL"},"inLanguage":"pl-PL"},{"@type":"Question","@id":"https:\/\/oxcollagen.lt\/nl\/duk\/#faq-question-1714236531370","position":7,"url":"https:\/\/oxcollagen.lt\/nl\/duk\/#faq-question-1714236531370","name":"Czy suplementy kolagenowe s\u0105 odpowiednie dla sportowc\u00f3w z ograniczeniami dietetycznymi?","answerCount":1,"acceptedAnswer":{"@type":"Answer","text":"Taip, kolageno papildai yra be glitimo, be pieno ir be soj\u0173, tod\u0117l jie tinka \u012fvairi\u0173 mitybos poreiki\u0173 turintiems sportininkams.","inLanguage":"pl-PL"},"inLanguage":"pl-PL"},{"@type":"Question","@id":"https:\/\/oxcollagen.lt\/nl\/duk\/#faq-question-1714236547156","position":8,"url":"https:\/\/oxcollagen.lt\/nl\/duk\/#faq-question-1714236547156","name":"Kt\u00f3re rodzaje kolagenu s\u0105 najbardziej korzystne dla sportowc\u00f3w?","answerCount":1,"acceptedAnswer":{"@type":"Answer","text":"I ir III tipo kolagenas ypa\u010d naudingas sportininkams, nes jo gausu sausgysl\u0117se, rai\u0161\u010diuose ir odoje, palaiko bendr\u0105 s\u0105nari\u0173 sveikat\u0105 ir elastingum\u0105.","inLanguage":"pl-PL"},"inLanguage":"pl-PL"}]}},"_links":{"self":[{"href":"https:\/\/oxcollagen.lt\/pl\/wp-json\/wp\/v2\/pages\/331","targetHints":{"allow":["GET"]}}],"collection":[{"href":"https:\/\/oxcollagen.lt\/pl\/wp-json\/wp\/v2\/pages"}],"about":[{"href":"https:\/\/oxcollagen.lt\/pl\/wp-json\/wp\/v2\/types\/page"}],"author":[{"embeddable":true,"href":"https:\/\/oxcollagen.lt\/pl\/wp-json\/wp\/v2\/users\/3"}],"replies":[{"embeddable":true,"href":"https:\/\/oxcollagen.lt\/pl\/wp-json\/wp\/v2\/comments?post=331"}],"version-history":[{"count":0,"href":"https:\/\/oxcollagen.lt\/pl\/wp-json\/wp\/v2\/pages\/331\/revisions"}],"wp:attachment":[{"href":"https:\/\/oxcollagen.lt\/pl\/wp-json\/wp\/v2\/media?parent=331"}],"curies":[{"name":"wp","href":"https:\/\/api.w.org\/{rel}","templated":true}]}}