{"id":21742,"date":"2023-04-13T07:26:37","date_gmt":"2023-04-13T07:26:37","guid":{"rendered":"https:\/\/oxcollagen.lt?page_id=21742"},"modified":"2024-07-11T17:51:32","modified_gmt":"2024-07-11T14:51:32","slug":"leveransvillkor","status":"publish","type":"page","link":"https:\/\/oxcollagen.lt\/sv\/leveransvillkor\/","title":{"rendered":"Leveransvillkor"},"content":{"rendered":"<p>Varor som k\u00f6ps p\u00e5 https:\/\/oxcollagen.lt ordnas och levereras normalt inom 2-5 arbetsdagar efter mottagen betalning, om inget annat anges p\u00e5 varan.<\/p>\n\n\n\n<p>Leverans till andra europeiska l\u00e4nder<\/p>\n\n\n\n<p>Leverans i andra EU-l\u00e4nder - med rekommenderat brev fr\u00e5n litauiska posten. Priserna \u00e4r enligt den litauiska postens priser per vikt.<\/p>\n\n\n\n<p>S\u00e4ndningens skick<\/p>\n\n\n\n<p>N\u00e4r du tar emot ditt paket ska du omedelbart kontrollera om varan och dess f\u00f6rpackning \u00e4r skadade. Om du uppt\u00e4cker n\u00e5gon skada p\u00e5 paketet ska du notera skadan i n\u00e4rvaro av kuriren (om paketet levereras med kurir) eller v\u00e4gra att ta emot paketet. Att ta emot f\u00f6rs\u00e4ndelsen och underteckna konossementet utan kommentarer kommer att anses vara en korrekt leverans och kan g\u00f6ra det sv\u00e5rare att hantera eventuella krav p\u00e5 yttre skador p\u00e5 varorna.<\/p>","protected":false},"excerpt":{"rendered":"<p>Varor som k\u00f6ps p\u00e5 https:\/\/oxcollagen.lt ordnas och levereras normalt inom 2-5 arbetsdagar efter det att betalningen har mottagits, om inte annat anges p\u00e5 varan. Leverans till andra europeiska l\u00e4nder Leverans till andra l\u00e4nder i Europeiska unionen sker med rekommenderat brev fr\u00e5n Litauiska posten. Priserna \u00e4r i enlighet med Litauiska Postens priser per vikt. Paketets skick Vid mottagandet av paketet ska du omedelbart kontrollera om varorna och deras f\u00f6rpackning \u00e4r oskadade. Om du uppt\u00e4cker n\u00e5gon skada p\u00e5 paketet ska du notera skadan i n\u00e4rvaro av kuriren (om paketet levereras med kurir) eller v\u00e4gra att ta emot paketet. Om du tar emot f\u00f6rs\u00e4ndelsen och undertecknar konossementet utan kommentarer kommer det att betraktas som en korrekt leverans och kan g\u00f6ra det sv\u00e5rare att hantera eventuella krav p\u00e5 externa skador p\u00e5 varorna.<\/p>","protected":false},"author":3,"featured_media":0,"parent":0,"menu_order":0,"comment_status":"closed","ping_status":"closed","template":"","meta":{"footnotes":""},"class_list":["post-21742","page","type-page","status-publish","hentry","post-no-thumbnail"],"yoast_head":"<!-- This site is optimized with the Yoast SEO plugin v27.3 - https:\/\/yoast.com\/product\/yoast-seo-wordpress\/ -->\n<title>Pristatymo s\u0105lygos - Ox collagen<\/title>\n<meta name=\"robots\" content=\"index, follow, max-snippet:-1, max-image-preview:large, max-video-preview:-1\" \/>\n<link rel=\"canonical\" href=\"https:\/\/oxcollagen.lt\/sv\/leveransvillkor\/\" \/>\n<meta property=\"og:locale\" content=\"sv_SE\" \/>\n<meta property=\"og:type\" content=\"article\" \/>\n<meta property=\"og:title\" content=\"Pristatymo s\u0105lygos - Ox collagen\" \/>\n<meta property=\"og:description\" content=\"https:\/\/oxcollagen.lt \u012fsigytos prek\u0117s \u012fprastai suruo\u0161iamos ir pristatomos per 2-5 darbo dienas, po gauto apmok\u0117jimo, jeigu prie prek\u0117s nepa\u017eym\u0117ta kitaip. Pristatymas \u012f kitas Europos \u0161alis Pristatymas kitose Europos s\u0105jungos \u0161alyse \u2013 registruota Lietuvos pa\u0161to siunta. Kainos \u2013 pagal Lietuvos pa\u0161to \u012fkainius pagal svor\u012f. Siuntos b\u016bkl\u0117 Gav\u0119 siuntin\u012f i\u0161kart patikrinkite ar prek\u0117, jos pakuot\u0117 n\u0117ra pa\u017eeista. Pasteb\u0117jus siuntos pa\u017eeidim\u0105, dalyvaujant kurjeriui (jei siunta pristatoma per kurjer\u012f) sura\u0161ykite pastabas apie siuntos pa\u017eeidimus arba atsisakykite priimti siunt\u0105. Pri\u0117mus siunt\u0105 ir pasira\u0161ius va\u017etara\u0161t\u012f be pastab\u0173, laikoma, kad siunta pristatyta tinkamai ir tai gali apsunkinti bet koki\u0173 pretenzij\u0173 d\u0117l prek\u0117s i\u0161orini\u0173 pa\u017eeidim\u0173 nagrin\u0117jim\u0105.\" \/>\n<meta property=\"og:url\" content=\"https:\/\/oxcollagen.lt\/sv\/leveransvillkor\/\" \/>\n<meta property=\"og:site_name\" content=\"Ox collagen\" \/>\n<meta property=\"article:publisher\" content=\"https:\/\/www.facebook.com\/oxcollagen\/\" \/>\n<meta property=\"article:modified_time\" content=\"2024-07-11T14:51:32+00:00\" \/>\n<meta property=\"og:image\" content=\"https:\/\/oxcollagen.lt\/wp-content\/uploads\/2024\/04\/logo_oxcollagen.lt_.png\" \/>\n\t<meta property=\"og:image:width\" content=\"1200\" \/>\n\t<meta property=\"og:image:height\" content=\"675\" \/>\n\t<meta property=\"og:image:type\" content=\"image\/png\" \/>\n<meta name=\"twitter:card\" content=\"summary_large_image\" \/>\n<meta name=\"twitter:label1\" content=\"Ber\u00e4knad l\u00e4stid\" \/>\n\t<meta name=\"twitter:data1\" content=\"1 minut\" \/>\n<script type=\"application\/ld+json\" class=\"yoast-schema-graph\">{\"@context\":\"https:\\\/\\\/schema.org\",\"@graph\":[{\"@type\":\"WebPage\",\"@id\":\"https:\\\/\\\/oxcollagen.lt\\\/pristatymo-salygos\\\/\",\"url\":\"https:\\\/\\\/oxcollagen.lt\\\/pristatymo-salygos\\\/\",\"name\":\"Pristatymo s\u0105lygos - Ox collagen\",\"isPartOf\":{\"@id\":\"https:\\\/\\\/oxcollagen.lt\\\/#website\"},\"datePublished\":\"2023-04-13T07:26:37+00:00\",\"dateModified\":\"2024-07-11T14:51:32+00:00\",\"breadcrumb\":{\"@id\":\"https:\\\/\\\/oxcollagen.lt\\\/pristatymo-salygos\\\/#breadcrumb\"},\"inLanguage\":\"sv-SE\",\"potentialAction\":[{\"@type\":\"ReadAction\",\"target\":[\"https:\\\/\\\/oxcollagen.lt\\\/pristatymo-salygos\\\/\"]}]},{\"@type\":\"BreadcrumbList\",\"@id\":\"https:\\\/\\\/oxcollagen.lt\\\/pristatymo-salygos\\\/#breadcrumb\",\"itemListElement\":[{\"@type\":\"ListItem\",\"position\":1,\"name\":\"Home\",\"item\":\"https:\\\/\\\/oxcollagen.lt\\\/\"},{\"@type\":\"ListItem\",\"position\":2,\"name\":\"Pristatymo s\u0105lygos\"}]},{\"@type\":\"WebSite\",\"@id\":\"https:\\\/\\\/oxcollagen.lt\\\/#website\",\"url\":\"https:\\\/\\\/oxcollagen.lt\\\/\",\"name\":\"Ox collagen\",\"description\":\"Nat\u016bral\u016bs baton\u0117liai su kolageno baltymais\",\"publisher\":{\"@id\":\"https:\\\/\\\/oxcollagen.lt\\\/#organization\"},\"potentialAction\":[{\"@type\":\"SearchAction\",\"target\":{\"@type\":\"EntryPoint\",\"urlTemplate\":\"https:\\\/\\\/oxcollagen.lt\\\/?s={search_term_string}\"},\"query-input\":{\"@type\":\"PropertyValueSpecification\",\"valueRequired\":true,\"valueName\":\"search_term_string\"}}],\"inLanguage\":\"sv-SE\"},{\"@type\":\"Organization\",\"@id\":\"https:\\\/\\\/oxcollagen.lt\\\/#organization\",\"name\":\"Ox collagen\",\"url\":\"https:\\\/\\\/oxcollagen.lt\\\/\",\"logo\":{\"@type\":\"ImageObject\",\"inLanguage\":\"sv-SE\",\"@id\":\"https:\\\/\\\/oxcollagen.lt\\\/#\\\/schema\\\/logo\\\/image\\\/\",\"url\":\"https:\\\/\\\/oxcollagen.lt\\\/wp-content\\\/uploads\\\/2024\\\/04\\\/oxcollagen.lt_.png\",\"contentUrl\":\"https:\\\/\\\/oxcollagen.lt\\\/wp-content\\\/uploads\\\/2024\\\/04\\\/oxcollagen.lt_.png\",\"width\":696,\"height\":696,\"caption\":\"Ox collagen\"},\"image\":{\"@id\":\"https:\\\/\\\/oxcollagen.lt\\\/#\\\/schema\\\/logo\\\/image\\\/\"},\"sameAs\":[\"https:\\\/\\\/www.facebook.com\\\/oxcollagen\\\/\"]}]}<\/script>\n<!-- \/ Yoast SEO plugin. -->","yoast_head_json":{"title":"Leveransvillkor - Ox-kollagen","robots":{"index":"index","follow":"follow","max-snippet":"max-snippet:-1","max-image-preview":"max-image-preview:large","max-video-preview":"max-video-preview:-1"},"canonical":"https:\/\/oxcollagen.lt\/sv\/leveransvillkor\/","og_locale":"sv_SE","og_type":"article","og_title":"Pristatymo s\u0105lygos - Ox collagen","og_description":"https:\/\/oxcollagen.lt \u012fsigytos prek\u0117s \u012fprastai suruo\u0161iamos ir pristatomos per 2-5 darbo dienas, po gauto apmok\u0117jimo, jeigu prie prek\u0117s nepa\u017eym\u0117ta kitaip. Pristatymas \u012f kitas Europos \u0161alis Pristatymas kitose Europos s\u0105jungos \u0161alyse \u2013 registruota Lietuvos pa\u0161to siunta. Kainos \u2013 pagal Lietuvos pa\u0161to \u012fkainius pagal svor\u012f. Siuntos b\u016bkl\u0117 Gav\u0119 siuntin\u012f i\u0161kart patikrinkite ar prek\u0117, jos pakuot\u0117 n\u0117ra pa\u017eeista. Pasteb\u0117jus siuntos pa\u017eeidim\u0105, dalyvaujant kurjeriui (jei siunta pristatoma per kurjer\u012f) sura\u0161ykite pastabas apie siuntos pa\u017eeidimus arba atsisakykite priimti siunt\u0105. Pri\u0117mus siunt\u0105 ir pasira\u0161ius va\u017etara\u0161t\u012f be pastab\u0173, laikoma, kad siunta pristatyta tinkamai ir tai gali apsunkinti bet koki\u0173 pretenzij\u0173 d\u0117l prek\u0117s i\u0161orini\u0173 pa\u017eeidim\u0173 nagrin\u0117jim\u0105.","og_url":"https:\/\/oxcollagen.lt\/sv\/leveransvillkor\/","og_site_name":"Ox collagen","article_publisher":"https:\/\/www.facebook.com\/oxcollagen\/","article_modified_time":"2024-07-11T14:51:32+00:00","og_image":[{"width":1200,"height":675,"url":"https:\/\/oxcollagen.lt\/wp-content\/uploads\/2024\/04\/logo_oxcollagen.lt_.png","type":"image\/png"}],"twitter_card":"summary_large_image","twitter_misc":{"Ber\u00e4knad l\u00e4stid":"1 minut"},"schema":{"@context":"https:\/\/schema.org","@graph":[{"@type":"WebPage","@id":"https:\/\/oxcollagen.lt\/pristatymo-salygos\/","url":"https:\/\/oxcollagen.lt\/pristatymo-salygos\/","name":"Leveransvillkor - Ox-kollagen","isPartOf":{"@id":"https:\/\/oxcollagen.lt\/#website"},"datePublished":"2023-04-13T07:26:37+00:00","dateModified":"2024-07-11T14:51:32+00:00","breadcrumb":{"@id":"https:\/\/oxcollagen.lt\/pristatymo-salygos\/#breadcrumb"},"inLanguage":"sv-SE","potentialAction":[{"@type":"ReadAction","target":["https:\/\/oxcollagen.lt\/pristatymo-salygos\/"]}]},{"@type":"BreadcrumbList","@id":"https:\/\/oxcollagen.lt\/pristatymo-salygos\/#breadcrumb","itemListElement":[{"@type":"ListItem","position":1,"name":"Home","item":"https:\/\/oxcollagen.lt\/"},{"@type":"ListItem","position":2,"name":"Pristatymo s\u0105lygos"}]},{"@type":"WebSite","@id":"https:\/\/oxcollagen.lt\/#website","url":"https:\/\/oxcollagen.lt\/","name":"Ox-kollagen","description":"Naturliga barer med kollagenproteiner","publisher":{"@id":"https:\/\/oxcollagen.lt\/#organization"},"potentialAction":[{"@type":"SearchAction","target":{"@type":"EntryPoint","urlTemplate":"https:\/\/oxcollagen.lt\/?s={search_term_string}"},"query-input":{"@type":"PropertyValueSpecification","valueRequired":true,"valueName":"search_term_string"}}],"inLanguage":"sv-SE"},{"@type":"Organization","@id":"https:\/\/oxcollagen.lt\/#organization","name":"Ox-kollagen","url":"https:\/\/oxcollagen.lt\/","logo":{"@type":"ImageObject","inLanguage":"sv-SE","@id":"https:\/\/oxcollagen.lt\/#\/schema\/logo\/image\/","url":"https:\/\/oxcollagen.lt\/wp-content\/uploads\/2024\/04\/oxcollagen.lt_.png","contentUrl":"https:\/\/oxcollagen.lt\/wp-content\/uploads\/2024\/04\/oxcollagen.lt_.png","width":696,"height":696,"caption":"Ox collagen"},"image":{"@id":"https:\/\/oxcollagen.lt\/#\/schema\/logo\/image\/"},"sameAs":["https:\/\/www.facebook.com\/oxcollagen\/"]}]}},"_links":{"self":[{"href":"https:\/\/oxcollagen.lt\/sv\/wp-json\/wp\/v2\/pages\/21742","targetHints":{"allow":["GET"]}}],"collection":[{"href":"https:\/\/oxcollagen.lt\/sv\/wp-json\/wp\/v2\/pages"}],"about":[{"href":"https:\/\/oxcollagen.lt\/sv\/wp-json\/wp\/v2\/types\/page"}],"author":[{"embeddable":true,"href":"https:\/\/oxcollagen.lt\/sv\/wp-json\/wp\/v2\/users\/3"}],"replies":[{"embeddable":true,"href":"https:\/\/oxcollagen.lt\/sv\/wp-json\/wp\/v2\/comments?post=21742"}],"version-history":[{"count":1,"href":"https:\/\/oxcollagen.lt\/sv\/wp-json\/wp\/v2\/pages\/21742\/revisions"}],"predecessor-version":[{"id":22237,"href":"https:\/\/oxcollagen.lt\/sv\/wp-json\/wp\/v2\/pages\/21742\/revisions\/22237"}],"wp:attachment":[{"href":"https:\/\/oxcollagen.lt\/sv\/wp-json\/wp\/v2\/media?parent=21742"}],"curies":[{"name":"wp","href":"https:\/\/api.w.org\/{rel}","templated":true}]}}