{"id":331,"date":"2021-11-26T09:41:15","date_gmt":"2021-11-26T09:41:15","guid":{"rendered":"https:\/\/oxcollagen.lt?page_id=331"},"modified":"2024-04-27T17:12:35","modified_gmt":"2024-04-27T17:12:35","slug":"duk","status":"publish","type":"page","link":"https:\/\/oxcollagen.lt\/sv\/duk\/","title":{"rendered":"VANLIGA FR\u00c5GOR"},"content":{"rendered":"<div class=\"schema-faq wp-block-yoast-faq-block\"><div class=\"schema-faq-section\" id=\"faq-question-1714235158369\"><strong class=\"schema-faq-question\">Vad \u00e4r kollagen och varf\u00f6r \u00e4r det viktigt?<\/strong> <p class=\"schema-faq-answer\">Kollagen \u00e4r ett protein som ger struktur \u00e5t hud, h\u00e5r, naglar, skelett och leder. Det \u00e4r viktigt f\u00f6r att bibeh\u00e5lla en frisk och ungdomlig hud och en god allm\u00e4n ledh\u00e4lsa.<\/p> <\/div> <div class=\"schema-faq-section\" id=\"faq-question-1714235187066\"><strong class=\"schema-faq-question\">Hur kan jag dra nytta av kollagenbarer?<\/strong> <p class=\"schema-faq-answer\">Kollagenbars \u00e4r ett bekv\u00e4mt s\u00e4tt att tillf\u00f6ra kollagen till din kost och \u00e4r ett gott och m\u00e4ttande mellanm\u00e5l.<\/p> <\/div> <div class=\"schema-faq-section\" id=\"faq-question-1714235182507\"><strong class=\"schema-faq-question\">\u00c4r kollagenbars l\u00e4mpliga f\u00f6r vegetarianer eller veganer?<\/strong> <p class=\"schema-faq-answer\">Kollagenbars \u00e4r i allm\u00e4nhet inte l\u00e4mpliga f\u00f6r vegetarianer eller veganer eftersom kollagen kommer fr\u00e5n animaliska k\u00e4llor som n\u00f6tk\u00f6tt.<\/p> <\/div> <div class=\"schema-faq-section\" id=\"faq-question-1714236449921\"><strong class=\"schema-faq-question\">Kan kollagenbars ers\u00e4tta kollagentillskott?<\/strong> <p class=\"schema-faq-answer\">Kollagenbars \u00e4r ett bekv\u00e4mt alternativ till kollagentillskott, som ger ett gott mellanm\u00e5l och f\u00f6rdelarna med kollagen. Effektiviteten hos kollagenbars och kosttillskott kan dock variera beroende p\u00e5 individuella preferenser och kostbehov.<\/p> <\/div> <div class=\"schema-faq-section\" id=\"faq-question-1714236462771\"><strong class=\"schema-faq-question\">Kan kollagen hj\u00e4lpa \u00e5ldrande hud?<\/strong> <p class=\"schema-faq-answer\">Kollagen kan bidra till att bibeh\u00e5lla hudens elasticitet och \u00e5terfuktning, vilket \u00e4r viktiga faktorer f\u00f6r att motverka \u00e5lderstecken. Om du inf\u00f6rlivar kollagen i din kost tillsammans med din hudv\u00e5rdsrutin kan det bidra till att bibeh\u00e5lla en ungdomlig hud \u00f6ver tid.<\/p> <\/div> <div class=\"schema-faq-section\" id=\"faq-question-1714236522398\"><strong class=\"schema-faq-question\">N\u00e4r \u00e4r den b\u00e4sta tiden att ta kollagentillskott f\u00f6r sport?<\/strong> <p class=\"schema-faq-answer\">Kollagen kan tas f\u00f6re eller efter tr\u00e4ning. Anv\u00e4ndning f\u00f6re tr\u00e4ning kan hj\u00e4lpa lederna och anv\u00e4ndning efter tr\u00e4ning kan hj\u00e4lpa muskelreparation och \u00e5terh\u00e4mtning.<\/p> <\/div> <div class=\"schema-faq-section\" id=\"faq-question-1714236531370\"><strong class=\"schema-faq-question\">\u00c4r kollagentillskott l\u00e4mpliga f\u00f6r idrottare med kostbegr\u00e4nsningar?<\/strong> <p class=\"schema-faq-answer\">Ja, kollagentillskott \u00e4r glutenfria, mj\u00f6lkfria och sojafria, vilket g\u00f6r dem l\u00e4mpliga f\u00f6r idrottare med olika kostbehov.<\/p> <\/div> <div class=\"schema-faq-section\" id=\"faq-question-1714236547156\"><strong class=\"schema-faq-question\">Vilka typer av kollagen \u00e4r mest f\u00f6rdelaktiga f\u00f6r idrottare?<\/strong> <p class=\"schema-faq-answer\">Kollagen typ I och III \u00e4r s\u00e4rskilt anv\u00e4ndbara f\u00f6r idrottare, eftersom de f\u00f6rekommer rikligt i senor, ligament och hud och fr\u00e4mjar ledh\u00e4lsa och flexibilitet.<\/p> <\/div> <\/div>","protected":false},"excerpt":{"rendered":"","protected":false},"author":3,"featured_media":0,"parent":0,"menu_order":0,"comment_status":"closed","ping_status":"closed","template":"","meta":{"footnotes":""},"class_list":["post-331","page","type-page","status-publish","hentry","post-no-thumbnail"],"yoast_head":"<!-- This site is optimized with the Yoast SEO plugin v27.3 - https:\/\/yoast.com\/product\/yoast-seo-wordpress\/ -->\n<title>DUK - Ox collagen<\/title>\n<meta name=\"robots\" content=\"index, follow, max-snippet:-1, max-image-preview:large, max-video-preview:-1\" \/>\n<link rel=\"canonical\" href=\"https:\/\/oxcollagen.lt\/sv\/duk\/\" \/>\n<meta property=\"og:locale\" content=\"sv_SE\" \/>\n<meta property=\"og:type\" content=\"article\" \/>\n<meta property=\"og:title\" content=\"DUK - Ox collagen\" \/>\n<meta property=\"og:url\" content=\"https:\/\/oxcollagen.lt\/sv\/duk\/\" \/>\n<meta property=\"og:site_name\" content=\"Ox collagen\" \/>\n<meta property=\"article:publisher\" content=\"https:\/\/www.facebook.com\/oxcollagen\/\" \/>\n<meta property=\"article:modified_time\" content=\"2024-04-27T17:12:35+00:00\" \/>\n<meta property=\"og:image\" content=\"https:\/\/oxcollagen.lt\/wp-content\/uploads\/2024\/04\/logo_oxcollagen.lt_.png\" \/>\n\t<meta property=\"og:image:width\" content=\"1200\" \/>\n\t<meta property=\"og:image:height\" content=\"675\" \/>\n\t<meta property=\"og:image:type\" content=\"image\/png\" \/>\n<meta name=\"twitter:card\" content=\"summary_large_image\" \/>\n<meta name=\"twitter:label1\" content=\"Ber\u00e4knad l\u00e4stid\" \/>\n\t<meta name=\"twitter:data1\" content=\"2 minuter\" \/>\n<script type=\"application\/ld+json\" class=\"yoast-schema-graph\">{\"@context\":\"https:\\\/\\\/schema.org\",\"@graph\":[{\"@type\":[\"WebPage\",\"FAQPage\"],\"@id\":\"https:\\\/\\\/oxcollagen.lt\\\/nl\\\/duk\\\/\",\"url\":\"https:\\\/\\\/oxcollagen.lt\\\/nl\\\/duk\\\/\",\"name\":\"DUK - Ox collagen\",\"isPartOf\":{\"@id\":\"https:\\\/\\\/oxcollagen.lt\\\/#website\"},\"datePublished\":\"2021-11-26T09:41:15+00:00\",\"dateModified\":\"2024-04-27T17:12:35+00:00\",\"breadcrumb\":{\"@id\":\"https:\\\/\\\/oxcollagen.lt\\\/nl\\\/duk\\\/#breadcrumb\"},\"mainEntity\":[{\"@id\":\"https:\\\/\\\/oxcollagen.lt\\\/nl\\\/duk\\\/#faq-question-1714235158369\"},{\"@id\":\"https:\\\/\\\/oxcollagen.lt\\\/nl\\\/duk\\\/#faq-question-1714235187066\"},{\"@id\":\"https:\\\/\\\/oxcollagen.lt\\\/nl\\\/duk\\\/#faq-question-1714235182507\"},{\"@id\":\"https:\\\/\\\/oxcollagen.lt\\\/nl\\\/duk\\\/#faq-question-1714236449921\"},{\"@id\":\"https:\\\/\\\/oxcollagen.lt\\\/nl\\\/duk\\\/#faq-question-1714236462771\"},{\"@id\":\"https:\\\/\\\/oxcollagen.lt\\\/nl\\\/duk\\\/#faq-question-1714236522398\"},{\"@id\":\"https:\\\/\\\/oxcollagen.lt\\\/nl\\\/duk\\\/#faq-question-1714236531370\"},{\"@id\":\"https:\\\/\\\/oxcollagen.lt\\\/nl\\\/duk\\\/#faq-question-1714236547156\"}],\"inLanguage\":\"sv-SE\",\"potentialAction\":[{\"@type\":\"ReadAction\",\"target\":[\"https:\\\/\\\/oxcollagen.lt\\\/nl\\\/duk\\\/\"]}]},{\"@type\":\"BreadcrumbList\",\"@id\":\"https:\\\/\\\/oxcollagen.lt\\\/nl\\\/duk\\\/#breadcrumb\",\"itemListElement\":[{\"@type\":\"ListItem\",\"position\":1,\"name\":\"Home\",\"item\":\"https:\\\/\\\/oxcollagen.lt\\\/\"},{\"@type\":\"ListItem\",\"position\":2,\"name\":\"DUK\"}]},{\"@type\":\"WebSite\",\"@id\":\"https:\\\/\\\/oxcollagen.lt\\\/#website\",\"url\":\"https:\\\/\\\/oxcollagen.lt\\\/\",\"name\":\"Ox collagen\",\"description\":\"Nat\u016bral\u016bs baton\u0117liai su kolageno baltymais\",\"publisher\":{\"@id\":\"https:\\\/\\\/oxcollagen.lt\\\/#organization\"},\"potentialAction\":[{\"@type\":\"SearchAction\",\"target\":{\"@type\":\"EntryPoint\",\"urlTemplate\":\"https:\\\/\\\/oxcollagen.lt\\\/?s={search_term_string}\"},\"query-input\":{\"@type\":\"PropertyValueSpecification\",\"valueRequired\":true,\"valueName\":\"search_term_string\"}}],\"inLanguage\":\"sv-SE\"},{\"@type\":\"Organization\",\"@id\":\"https:\\\/\\\/oxcollagen.lt\\\/#organization\",\"name\":\"Ox collagen\",\"url\":\"https:\\\/\\\/oxcollagen.lt\\\/\",\"logo\":{\"@type\":\"ImageObject\",\"inLanguage\":\"sv-SE\",\"@id\":\"https:\\\/\\\/oxcollagen.lt\\\/#\\\/schema\\\/logo\\\/image\\\/\",\"url\":\"https:\\\/\\\/oxcollagen.lt\\\/wp-content\\\/uploads\\\/2024\\\/04\\\/oxcollagen.lt_.png\",\"contentUrl\":\"https:\\\/\\\/oxcollagen.lt\\\/wp-content\\\/uploads\\\/2024\\\/04\\\/oxcollagen.lt_.png\",\"width\":696,\"height\":696,\"caption\":\"Ox collagen\"},\"image\":{\"@id\":\"https:\\\/\\\/oxcollagen.lt\\\/#\\\/schema\\\/logo\\\/image\\\/\"},\"sameAs\":[\"https:\\\/\\\/www.facebook.com\\\/oxcollagen\\\/\"]},{\"@type\":\"Question\",\"@id\":\"https:\\\/\\\/oxcollagen.lt\\\/nl\\\/duk\\\/#faq-question-1714235158369\",\"position\":1,\"url\":\"https:\\\/\\\/oxcollagen.lt\\\/nl\\\/duk\\\/#faq-question-1714235158369\",\"name\":\"Kas yra kolagenas ir kod\u0117l jis svarbus?\",\"answerCount\":1,\"acceptedAnswer\":{\"@type\":\"Answer\",\"text\":\"Kolagenas yra baltymas, suteikiantis strukt\u016br\u0105 j\u016bs\u0173 odai, plaukams, nagams, kaulams ir s\u0105nariams. Tai b\u016btina norint i\u0161laikyti sveik\u0105 ir jaunatvi\u0161k\u0105 od\u0105 bei palaikyti bendr\u0105 s\u0105nari\u0173 sveikat\u0105.\",\"inLanguage\":\"sv-SE\"},\"inLanguage\":\"sv-SE\"},{\"@type\":\"Question\",\"@id\":\"https:\\\/\\\/oxcollagen.lt\\\/nl\\\/duk\\\/#faq-question-1714235187066\",\"position\":2,\"url\":\"https:\\\/\\\/oxcollagen.lt\\\/nl\\\/duk\\\/#faq-question-1714235187066\",\"name\":\"Kaip man naudingi kolageno baton\u0117liai?\",\"answerCount\":1,\"acceptedAnswer\":{\"@type\":\"Answer\",\"text\":\"Kolageno baton\u0117liai yra patogus b\u016bdas \u012ftraukti kolagen\u0105 \u012f savo mityb\u0105, tai yra skanus ir sotus u\u017ekandis.\",\"inLanguage\":\"sv-SE\"},\"inLanguage\":\"sv-SE\"},{\"@type\":\"Question\",\"@id\":\"https:\\\/\\\/oxcollagen.lt\\\/nl\\\/duk\\\/#faq-question-1714235182507\",\"position\":3,\"url\":\"https:\\\/\\\/oxcollagen.lt\\\/nl\\\/duk\\\/#faq-question-1714235182507\",\"name\":\"Ar kolageno baton\u0117liai tinka vegetarams ar veganams?\",\"answerCount\":1,\"acceptedAnswer\":{\"@type\":\"Answer\",\"text\":\"Paprastai kolageno baton\u0117liai netinka vegetarams ar veganams, nes kolagenas gaunamas i\u0161 gyvulini\u0173 \u0161altini\u0173, toki\u0173 kaip jautiena.\",\"inLanguage\":\"sv-SE\"},\"inLanguage\":\"sv-SE\"},{\"@type\":\"Question\",\"@id\":\"https:\\\/\\\/oxcollagen.lt\\\/nl\\\/duk\\\/#faq-question-1714236449921\",\"position\":4,\"url\":\"https:\\\/\\\/oxcollagen.lt\\\/nl\\\/duk\\\/#faq-question-1714236449921\",\"name\":\"Ar kolageno baton\u0117liai gali pakeisti kolageno papildus?\",\"answerCount\":1,\"acceptedAnswer\":{\"@type\":\"Answer\",\"text\":\"Kolageno baton\u0117liai yra patogi alternatyva kolageno papildams, suteikiant skan\u0173 u\u017ekand\u012f ir suteikiant kolageno naud\u0105. Ta\u010diau kolageno baton\u0117li\u0173 ir papild\u0173 veiksmingumas gali skirtis priklausomai nuo individuali\u0173 pageidavim\u0173 ir mitybos poreiki\u0173.\",\"inLanguage\":\"sv-SE\"},\"inLanguage\":\"sv-SE\"},{\"@type\":\"Question\",\"@id\":\"https:\\\/\\\/oxcollagen.lt\\\/nl\\\/duk\\\/#faq-question-1714236462771\",\"position\":5,\"url\":\"https:\\\/\\\/oxcollagen.lt\\\/nl\\\/duk\\\/#faq-question-1714236462771\",\"name\":\"Ar kolagenas gali pad\u0117ti senstan\u010diai odai?\",\"answerCount\":1,\"acceptedAnswer\":{\"@type\":\"Answer\",\"text\":\"Kolageno gali pad\u0117ti i\u0161laikyti odos elastingum\u0105 ir hidratacij\u0105, o tai yra esminiai veiksniai kovojant su sen\u0117jimo po\u017eymiais. Kolageno \u012ftraukimas \u012f savo mityb\u0105 kartu su odos prie\u017ei\u016bros rutina laikui b\u0117gant gali pad\u0117ti i\u0161laikyti jaunatvi\u0161k\u0105 od\u0105.\",\"inLanguage\":\"sv-SE\"},\"inLanguage\":\"sv-SE\"},{\"@type\":\"Question\",\"@id\":\"https:\\\/\\\/oxcollagen.lt\\\/nl\\\/duk\\\/#faq-question-1714236522398\",\"position\":6,\"url\":\"https:\\\/\\\/oxcollagen.lt\\\/nl\\\/duk\\\/#faq-question-1714236522398\",\"name\":\"Kada yra geriausias laikas vartoti kolageno papildus sportuojant?\",\"answerCount\":1,\"acceptedAnswer\":{\"@type\":\"Answer\",\"text\":\"Kolageno galima vartoti prie\u0161 arba po treniruot\u0117s. Vartojimas prie\u0161 mank\u0161t\u0105 gali pad\u0117ti s\u0105nariams, o po treniruot\u0117s \u2013 raumen\u0173 atstatymui ir atsigavimui.\",\"inLanguage\":\"sv-SE\"},\"inLanguage\":\"sv-SE\"},{\"@type\":\"Question\",\"@id\":\"https:\\\/\\\/oxcollagen.lt\\\/nl\\\/duk\\\/#faq-question-1714236531370\",\"position\":7,\"url\":\"https:\\\/\\\/oxcollagen.lt\\\/nl\\\/duk\\\/#faq-question-1714236531370\",\"name\":\"Ar kolageno papildai tinka sportininkams, turintiems mitybos apribojim\u0173?\",\"answerCount\":1,\"acceptedAnswer\":{\"@type\":\"Answer\",\"text\":\"Taip, kolageno papildai yra be glitimo, be pieno ir be soj\u0173, tod\u0117l jie tinka \u012fvairi\u0173 mitybos poreiki\u0173 turintiems sportininkams.\",\"inLanguage\":\"sv-SE\"},\"inLanguage\":\"sv-SE\"},{\"@type\":\"Question\",\"@id\":\"https:\\\/\\\/oxcollagen.lt\\\/nl\\\/duk\\\/#faq-question-1714236547156\",\"position\":8,\"url\":\"https:\\\/\\\/oxcollagen.lt\\\/nl\\\/duk\\\/#faq-question-1714236547156\",\"name\":\"Kokie kolageno tipai yra naudingiausi sportininkams?\",\"answerCount\":1,\"acceptedAnswer\":{\"@type\":\"Answer\",\"text\":\"I ir III tipo kolagenas ypa\u010d naudingas sportininkams, nes jo gausu sausgysl\u0117se, rai\u0161\u010diuose ir odoje, palaiko bendr\u0105 s\u0105nari\u0173 sveikat\u0105 ir elastingum\u0105.\",\"inLanguage\":\"sv-SE\"},\"inLanguage\":\"sv-SE\"}]}<\/script>\n<!-- \/ Yoast SEO plugin. -->","yoast_head_json":{"title":"DUK - Oxkollagen","robots":{"index":"index","follow":"follow","max-snippet":"max-snippet:-1","max-image-preview":"max-image-preview:large","max-video-preview":"max-video-preview:-1"},"canonical":"https:\/\/oxcollagen.lt\/sv\/duk\/","og_locale":"sv_SE","og_type":"article","og_title":"DUK - Ox collagen","og_url":"https:\/\/oxcollagen.lt\/sv\/duk\/","og_site_name":"Ox collagen","article_publisher":"https:\/\/www.facebook.com\/oxcollagen\/","article_modified_time":"2024-04-27T17:12:35+00:00","og_image":[{"width":1200,"height":675,"url":"https:\/\/oxcollagen.lt\/wp-content\/uploads\/2024\/04\/logo_oxcollagen.lt_.png","type":"image\/png"}],"twitter_card":"summary_large_image","twitter_misc":{"Ber\u00e4knad l\u00e4stid":"2 minuter"},"schema":{"@context":"https:\/\/schema.org","@graph":[{"@type":["WebPage","FAQPage"],"@id":"https:\/\/oxcollagen.lt\/nl\/duk\/","url":"https:\/\/oxcollagen.lt\/nl\/duk\/","name":"DUK - Oxkollagen","isPartOf":{"@id":"https:\/\/oxcollagen.lt\/#website"},"datePublished":"2021-11-26T09:41:15+00:00","dateModified":"2024-04-27T17:12:35+00:00","breadcrumb":{"@id":"https:\/\/oxcollagen.lt\/nl\/duk\/#breadcrumb"},"mainEntity":[{"@id":"https:\/\/oxcollagen.lt\/nl\/duk\/#faq-question-1714235158369"},{"@id":"https:\/\/oxcollagen.lt\/nl\/duk\/#faq-question-1714235187066"},{"@id":"https:\/\/oxcollagen.lt\/nl\/duk\/#faq-question-1714235182507"},{"@id":"https:\/\/oxcollagen.lt\/nl\/duk\/#faq-question-1714236449921"},{"@id":"https:\/\/oxcollagen.lt\/nl\/duk\/#faq-question-1714236462771"},{"@id":"https:\/\/oxcollagen.lt\/nl\/duk\/#faq-question-1714236522398"},{"@id":"https:\/\/oxcollagen.lt\/nl\/duk\/#faq-question-1714236531370"},{"@id":"https:\/\/oxcollagen.lt\/nl\/duk\/#faq-question-1714236547156"}],"inLanguage":"sv-SE","potentialAction":[{"@type":"ReadAction","target":["https:\/\/oxcollagen.lt\/nl\/duk\/"]}]},{"@type":"BreadcrumbList","@id":"https:\/\/oxcollagen.lt\/nl\/duk\/#breadcrumb","itemListElement":[{"@type":"ListItem","position":1,"name":"Home","item":"https:\/\/oxcollagen.lt\/"},{"@type":"ListItem","position":2,"name":"DUK"}]},{"@type":"WebSite","@id":"https:\/\/oxcollagen.lt\/#website","url":"https:\/\/oxcollagen.lt\/","name":"Ox-kollagen","description":"Naturliga barer med kollagenproteiner","publisher":{"@id":"https:\/\/oxcollagen.lt\/#organization"},"potentialAction":[{"@type":"SearchAction","target":{"@type":"EntryPoint","urlTemplate":"https:\/\/oxcollagen.lt\/?s={search_term_string}"},"query-input":{"@type":"PropertyValueSpecification","valueRequired":true,"valueName":"search_term_string"}}],"inLanguage":"sv-SE"},{"@type":"Organization","@id":"https:\/\/oxcollagen.lt\/#organization","name":"Ox-kollagen","url":"https:\/\/oxcollagen.lt\/","logo":{"@type":"ImageObject","inLanguage":"sv-SE","@id":"https:\/\/oxcollagen.lt\/#\/schema\/logo\/image\/","url":"https:\/\/oxcollagen.lt\/wp-content\/uploads\/2024\/04\/oxcollagen.lt_.png","contentUrl":"https:\/\/oxcollagen.lt\/wp-content\/uploads\/2024\/04\/oxcollagen.lt_.png","width":696,"height":696,"caption":"Ox collagen"},"image":{"@id":"https:\/\/oxcollagen.lt\/#\/schema\/logo\/image\/"},"sameAs":["https:\/\/www.facebook.com\/oxcollagen\/"]},{"@type":"Question","@id":"https:\/\/oxcollagen.lt\/nl\/duk\/#faq-question-1714235158369","position":1,"url":"https:\/\/oxcollagen.lt\/nl\/duk\/#faq-question-1714235158369","name":"Vad \u00e4r kollagen och varf\u00f6r \u00e4r det viktigt?","answerCount":1,"acceptedAnswer":{"@type":"Answer","text":"Kolagenas yra baltymas, suteikiantis strukt\u016br\u0105 j\u016bs\u0173 odai, plaukams, nagams, kaulams ir s\u0105nariams. Tai b\u016btina norint i\u0161laikyti sveik\u0105 ir jaunatvi\u0161k\u0105 od\u0105 bei palaikyti bendr\u0105 s\u0105nari\u0173 sveikat\u0105.","inLanguage":"sv-SE"},"inLanguage":"sv-SE"},{"@type":"Question","@id":"https:\/\/oxcollagen.lt\/nl\/duk\/#faq-question-1714235187066","position":2,"url":"https:\/\/oxcollagen.lt\/nl\/duk\/#faq-question-1714235187066","name":"Hur kan jag dra nytta av kollagenbarer?","answerCount":1,"acceptedAnswer":{"@type":"Answer","text":"Kolageno baton\u0117liai yra patogus b\u016bdas \u012ftraukti kolagen\u0105 \u012f savo mityb\u0105, tai yra skanus ir sotus u\u017ekandis.","inLanguage":"sv-SE"},"inLanguage":"sv-SE"},{"@type":"Question","@id":"https:\/\/oxcollagen.lt\/nl\/duk\/#faq-question-1714235182507","position":3,"url":"https:\/\/oxcollagen.lt\/nl\/duk\/#faq-question-1714235182507","name":"\u00c4r kollagenbars l\u00e4mpliga f\u00f6r vegetarianer eller veganer?","answerCount":1,"acceptedAnswer":{"@type":"Answer","text":"Paprastai kolageno baton\u0117liai netinka vegetarams ar veganams, nes kolagenas gaunamas i\u0161 gyvulini\u0173 \u0161altini\u0173, toki\u0173 kaip jautiena.","inLanguage":"sv-SE"},"inLanguage":"sv-SE"},{"@type":"Question","@id":"https:\/\/oxcollagen.lt\/nl\/duk\/#faq-question-1714236449921","position":4,"url":"https:\/\/oxcollagen.lt\/nl\/duk\/#faq-question-1714236449921","name":"Kan kollagenbars ers\u00e4tta kollagentillskott?","answerCount":1,"acceptedAnswer":{"@type":"Answer","text":"Kolageno baton\u0117liai yra patogi alternatyva kolageno papildams, suteikiant skan\u0173 u\u017ekand\u012f ir suteikiant kolageno naud\u0105. Ta\u010diau kolageno baton\u0117li\u0173 ir papild\u0173 veiksmingumas gali skirtis priklausomai nuo individuali\u0173 pageidavim\u0173 ir mitybos poreiki\u0173.","inLanguage":"sv-SE"},"inLanguage":"sv-SE"},{"@type":"Question","@id":"https:\/\/oxcollagen.lt\/nl\/duk\/#faq-question-1714236462771","position":5,"url":"https:\/\/oxcollagen.lt\/nl\/duk\/#faq-question-1714236462771","name":"Kan kollagen hj\u00e4lpa \u00e5ldrande hud?","answerCount":1,"acceptedAnswer":{"@type":"Answer","text":"Kolageno gali pad\u0117ti i\u0161laikyti odos elastingum\u0105 ir hidratacij\u0105, o tai yra esminiai veiksniai kovojant su sen\u0117jimo po\u017eymiais. Kolageno \u012ftraukimas \u012f savo mityb\u0105 kartu su odos prie\u017ei\u016bros rutina laikui b\u0117gant gali pad\u0117ti i\u0161laikyti jaunatvi\u0161k\u0105 od\u0105.","inLanguage":"sv-SE"},"inLanguage":"sv-SE"},{"@type":"Question","@id":"https:\/\/oxcollagen.lt\/nl\/duk\/#faq-question-1714236522398","position":6,"url":"https:\/\/oxcollagen.lt\/nl\/duk\/#faq-question-1714236522398","name":"N\u00e4r \u00e4r den b\u00e4sta tiden att ta kollagentillskott f\u00f6r sport?","answerCount":1,"acceptedAnswer":{"@type":"Answer","text":"Kolageno galima vartoti prie\u0161 arba po treniruot\u0117s. Vartojimas prie\u0161 mank\u0161t\u0105 gali pad\u0117ti s\u0105nariams, o po treniruot\u0117s \u2013 raumen\u0173 atstatymui ir atsigavimui.","inLanguage":"sv-SE"},"inLanguage":"sv-SE"},{"@type":"Question","@id":"https:\/\/oxcollagen.lt\/nl\/duk\/#faq-question-1714236531370","position":7,"url":"https:\/\/oxcollagen.lt\/nl\/duk\/#faq-question-1714236531370","name":"\u00c4r kollagentillskott l\u00e4mpliga f\u00f6r idrottare med kostbegr\u00e4nsningar?","answerCount":1,"acceptedAnswer":{"@type":"Answer","text":"Taip, kolageno papildai yra be glitimo, be pieno ir be soj\u0173, tod\u0117l jie tinka \u012fvairi\u0173 mitybos poreiki\u0173 turintiems sportininkams.","inLanguage":"sv-SE"},"inLanguage":"sv-SE"},{"@type":"Question","@id":"https:\/\/oxcollagen.lt\/nl\/duk\/#faq-question-1714236547156","position":8,"url":"https:\/\/oxcollagen.lt\/nl\/duk\/#faq-question-1714236547156","name":"Vilka typer av kollagen \u00e4r mest f\u00f6rdelaktiga f\u00f6r idrottare?","answerCount":1,"acceptedAnswer":{"@type":"Answer","text":"I ir III tipo kolagenas ypa\u010d naudingas sportininkams, nes jo gausu sausgysl\u0117se, rai\u0161\u010diuose ir odoje, palaiko bendr\u0105 s\u0105nari\u0173 sveikat\u0105 ir elastingum\u0105.","inLanguage":"sv-SE"},"inLanguage":"sv-SE"}]}},"_links":{"self":[{"href":"https:\/\/oxcollagen.lt\/sv\/wp-json\/wp\/v2\/pages\/331","targetHints":{"allow":["GET"]}}],"collection":[{"href":"https:\/\/oxcollagen.lt\/sv\/wp-json\/wp\/v2\/pages"}],"about":[{"href":"https:\/\/oxcollagen.lt\/sv\/wp-json\/wp\/v2\/types\/page"}],"author":[{"embeddable":true,"href":"https:\/\/oxcollagen.lt\/sv\/wp-json\/wp\/v2\/users\/3"}],"replies":[{"embeddable":true,"href":"https:\/\/oxcollagen.lt\/sv\/wp-json\/wp\/v2\/comments?post=331"}],"version-history":[{"count":0,"href":"https:\/\/oxcollagen.lt\/sv\/wp-json\/wp\/v2\/pages\/331\/revisions"}],"wp:attachment":[{"href":"https:\/\/oxcollagen.lt\/sv\/wp-json\/wp\/v2\/media?parent=331"}],"curies":[{"name":"wp","href":"https:\/\/api.w.org\/{rel}","templated":true}]}}